{"id":68,"date":"2015-04-08T10:51:30","date_gmt":"2015-04-08T09:51:30","guid":{"rendered":"http:\/\/adretmorvan.org\/?page_id=68"},"modified":"2017-06-23T17:05:54","modified_gmt":"2017-06-23T16:05:54","slug":"un-bar","status":"publish","type":"page","link":"https:\/\/adretmorvan.org\/index.php\/un-bar\/","title":{"rendered":"Un bar \/ restaurant"},"content":{"rendered":"<p> <img fetchpriority=\"high\" decoding=\"async\" class=\"alignnone wp-image-139\" src=\"http:\/\/adretmorvan.org\/wp-content\/uploads\/2015\/04\/montage-1-1024x195.jpg\" alt=\"montage 1\" width=\"1122\" height=\"213\" \/><br \/>\nSa vocation est d\u2019\u00eatre ouvert en coordination avec les autres activit\u00e9s programm\u00e9es et d\u2019offrir un espace de d\u00e9tente et d\u2019\u00e9change convivial en proposant des produits locaux de pr\u00e9f\u00e9rence si possible avec les produits des producteurs du march\u00e9 et de la boutique. Il doit permettre aussi de financer d\u00e8s que possible une partie de la r\u00e9mun\u00e9ration du premier permanent.<br \/>\nLa phase de s\u00e9lection des produits de base va \u00eatre engag\u00e9e, les adh\u00e9rents qui ont des id\u00e9es, des tuyaux, des connaissances sont invit\u00e9s \u00e0 nous le faire savoir\u2026<\/p>\n<p><strong>Le Carrou\u00e8ge &#8211; Carrefour de Vauclaix &#8211; 58140 Vauclaix<br \/>\nR\u00e9servation 06 84 65 04 33<\/strong>            <\/p>\n","protected":false},"excerpt":{"rendered":"<p>Sa vocation est d\u2019\u00eatre ouvert en coordination avec les autres activit\u00e9s programm\u00e9es et d\u2019offrir un espace de d\u00e9tente et d\u2019\u00e9change convivial en proposant des produits locaux de pr\u00e9f\u00e9rence si possible&#8230;<\/p>\n","protected":false},"author":1,"featured_media":0,"parent":0,"menu_order":0,"comment_status":"closed","ping_status":"open","template":"","meta":{"footnotes":""},"class_list":["post-68","page","type-page","status-publish","hentry"],"_links":{"self":[{"href":"https:\/\/adretmorvan.org\/index.php\/wp-json\/wp\/v2\/pages\/68","targetHints":{"allow":["GET"]}}],"collection":[{"href":"https:\/\/adretmorvan.org\/index.php\/wp-json\/wp\/v2\/pages"}],"about":[{"href":"https:\/\/adretmorvan.org\/index.php\/wp-json\/wp\/v2\/types\/page"}],"author":[{"embeddable":true,"href":"https:\/\/adretmorvan.org\/index.php\/wp-json\/wp\/v2\/users\/1"}],"replies":[{"embeddable":true,"href":"https:\/\/adretmorvan.org\/index.php\/wp-json\/wp\/v2\/comments?post=68"}],"version-history":[{"count":0,"href":"https:\/\/adretmorvan.org\/index.php\/wp-json\/wp\/v2\/pages\/68\/revisions"}],"wp:attachment":[{"href":"https:\/\/adretmorvan.org\/index.php\/wp-json\/wp\/v2\/media?parent=68"}],"curies":[{"name":"wp","href":"https:\/\/api.w.org\/{rel}","templated":true}]}}