{"id":4564,"date":"2023-09-12T17:29:00","date_gmt":"2023-09-12T15:29:00","guid":{"rendered":"https:\/\/adretmorvan.org\/?page_id=4564"},"modified":"2023-09-12T17:29:01","modified_gmt":"2023-09-12T15:29:01","slug":"la-carte-des-pertes-de-couvert-forestier","status":"publish","type":"page","link":"https:\/\/adretmorvan.org\/index.php\/la-carte-des-pertes-de-couvert-forestier\/","title":{"rendered":"La carte des pertes de couvert forestier"},"content":{"rendered":"\n<h4 class=\"wp-block-heading\">Ou comment rep\u00e9rer les coupes rases dans le Morvan.<\/h4>\n\n\n\n<figure class=\"wp-block-image size-large\"><a href=\"https:\/\/www.globalforestwatch.org\/map\/?map=eyJjZW50ZXIiOnsibGF0Ijo0Ny4wOTk5NjY2ODk0NjA5OSwibG5nIjo0LjA2MTM0Nzk2MTQyOTYwNn0sInpvb20iOjksImRhdGFzZXRzIjpbeyJkYXRhc2V0IjoicG9saXRpY2FsLWJvdW5kYXJpZXMiLCJsYXllcnMiOlsiZGlzcHV0ZWQtcG9saXRpY2FsLWJvdW5kYXJpZXMiLCJwb2xpdGljYWwtYm91bmRhcmllcyJdLCJvcGFjaXR5IjoxLCJ2aXNpYmlsaXR5Ijp0cnVlfSx7ImRhdGFzZXQiOiJ0cmVlLWNvdmVyLWdhaW4iLCJsYXllcnMiOlsidHJlZS1jb3Zlci1nYWluLTIwMDEtMjAyMCJdLCJvcGFjaXR5IjoxLCJ2aXNpYmlsaXR5Ijp0cnVlfSx7ImRhdGFzZXQiOiJ0cmVlLWNvdmVyLWxvc3MiLCJsYXllcnMiOlsidHJlZS1jb3Zlci1sb3NzIl0sIm9wYWNpdHkiOjEsInZpc2liaWxpdHkiOnRydWUsInRpbWVsaW5lUGFyYW1zIjp7InN0YXJ0RGF0ZSI6IjIwMDEtMDEtMDEiLCJlbmREYXRlIjoiMjAyMi0xMi0zMSIsInRyaW1FbmREYXRlIjoiMjAyMi0xMi0zMSJ9fSx7ImRhdGFzZXQiOiJ0cmVlLWNvdmVyIiwibGF5ZXJzIjpbInRyZWUtY292ZXItMjAxMCJdLCJvcGFjaXR5IjoxLCJ2aXNpYmlsaXR5Ijp0cnVlfV19\" target=\"_blank\" rel=\"noreferrer noopener\"><img fetchpriority=\"high\" decoding=\"async\" width=\"1024\" height=\"434\" src=\"https:\/\/adretmorvan.org\/wp-content\/uploads\/2023\/09\/carte-globalforest-1024x434.jpg\" alt=\"\" class=\"wp-image-4565\" srcset=\"https:\/\/adretmorvan.org\/wp-content\/uploads\/2023\/09\/carte-globalforest-1024x434.jpg 1024w, https:\/\/adretmorvan.org\/wp-content\/uploads\/2023\/09\/carte-globalforest-300x127.jpg 300w, https:\/\/adretmorvan.org\/wp-content\/uploads\/2023\/09\/carte-globalforest-768x325.jpg 768w, https:\/\/adretmorvan.org\/wp-content\/uploads\/2023\/09\/carte-globalforest-1536x650.jpg 1536w, https:\/\/adretmorvan.org\/wp-content\/uploads\/2023\/09\/carte-globalforest-1320x559.jpg 1320w, https:\/\/adretmorvan.org\/wp-content\/uploads\/2023\/09\/carte-globalforest.jpg 1833w\" sizes=\"(max-width: 1024px) 100vw, 1024px\" \/><\/a><\/figure>\n\n\n\n<p>Globalforest, propose une carte des gains et des pertes de couvert forestier. La cause peut en \u00eatre diff\u00e9rentes incendie, d\u00e9forestation&#8230; Pour le Morvan c&#8217;est principalement les coupes rases, le rouge \u00e9tant les pertes de couvert forestier (coupes rases) et le bleu les gains. Mais les gains \u00e9tant pour l&#8217;essentiel des jeunes arbres de replantation post coupe rase, on peut consid\u00e9rer l&#8217;ensemble des points rouge et bleu comme de la coupe rases et l&#8217;impact de l&#8217;industrialisation sur la for\u00eat du Morvan. Un outil par satellite tr\u00e8s puissant \u00e0 explorer qui dispose aussi d&#8217;une version sur t\u00e9l\u00e9phone pour des rep\u00e9rages sur site.<\/p>\n","protected":false},"excerpt":{"rendered":"<p>Ou comment rep\u00e9rer les coupes rases dans le Morvan. Globalforest, propose une carte des gains et des pertes de couvert forestier. La cause peut en \u00eatre diff\u00e9rentes incendie, d\u00e9forestation&#8230; Pour&#8230;<\/p>\n","protected":false},"author":2,"featured_media":0,"parent":0,"menu_order":0,"comment_status":"closed","ping_status":"closed","template":"","meta":{"footnotes":""},"class_list":["post-4564","page","type-page","status-publish","hentry"],"_links":{"self":[{"href":"https:\/\/adretmorvan.org\/index.php\/wp-json\/wp\/v2\/pages\/4564","targetHints":{"allow":["GET"]}}],"collection":[{"href":"https:\/\/adretmorvan.org\/index.php\/wp-json\/wp\/v2\/pages"}],"about":[{"href":"https:\/\/adretmorvan.org\/index.php\/wp-json\/wp\/v2\/types\/page"}],"author":[{"embeddable":true,"href":"https:\/\/adretmorvan.org\/index.php\/wp-json\/wp\/v2\/users\/2"}],"replies":[{"embeddable":true,"href":"https:\/\/adretmorvan.org\/index.php\/wp-json\/wp\/v2\/comments?post=4564"}],"version-history":[{"count":1,"href":"https:\/\/adretmorvan.org\/index.php\/wp-json\/wp\/v2\/pages\/4564\/revisions"}],"predecessor-version":[{"id":4566,"href":"https:\/\/adretmorvan.org\/index.php\/wp-json\/wp\/v2\/pages\/4564\/revisions\/4566"}],"wp:attachment":[{"href":"https:\/\/adretmorvan.org\/index.php\/wp-json\/wp\/v2\/media?parent=4564"}],"curies":[{"name":"wp","href":"https:\/\/api.w.org\/{rel}","templated":true}]}}