{"id":4561,"date":"2023-09-12T16:55:47","date_gmt":"2023-09-12T14:55:47","guid":{"rendered":"https:\/\/adretmorvan.org\/?page_id=4561"},"modified":"2023-09-18T16:44:54","modified_gmt":"2023-09-18T14:44:54","slug":"la-carte-des-pesticides-par-communes","status":"publish","type":"page","link":"https:\/\/adretmorvan.org\/index.php\/la-carte-des-pesticides-par-communes\/","title":{"rendered":"La carte des pesticides par communes"},"content":{"rendered":"\n<figure class=\"wp-block-image size-full\"><a href=\"https:\/\/solagro.org\/nos-domaines-d-intervention\/agroecologie\/carte-pesticides-adonis\" target=\"_blank\" rel=\"noreferrer noopener\"><img fetchpriority=\"high\" decoding=\"async\" width=\"981\" height=\"415\" src=\"https:\/\/adretmorvan.org\/wp-content\/uploads\/2023\/09\/Carte-pesticides.jpg\" alt=\"\" class=\"wp-image-4562\" srcset=\"https:\/\/adretmorvan.org\/wp-content\/uploads\/2023\/09\/Carte-pesticides.jpg 981w, https:\/\/adretmorvan.org\/wp-content\/uploads\/2023\/09\/Carte-pesticides-300x127.jpg 300w, https:\/\/adretmorvan.org\/wp-content\/uploads\/2023\/09\/Carte-pesticides-768x325.jpg 768w\" sizes=\"(max-width: 981px) 100vw, 981px\" \/><\/a><\/figure>\n\n\n\n<p>Ce lien vous redirige vers le site de Solagro qui tient \u00e0 jour cette carte des pesticides \/ part de l&#8217;agriculture biologique par commune. On peut y constater que si le Morvan est relativement pr\u00e9serv\u00e9 des pesticides, la part du bio y reste anecdotique. On constatera aussi que les zones c\u00e9r\u00e9ali\u00e8res sont beaucoup plus impact\u00e9es et encore pire les zones viticoles de la C\u00f4te d&#8217;Or&#8230;<\/p>\n\n\n\n<p>La carte Adonis&nbsp;a pour ambition de porter \u00e0 la connaissance de tous les donn\u00e9es communales sur l&#8217;usage des pesticides.&nbsp;<\/p>\n\n\n\n<p>La valeur de l&#8217;indice de fr\u00e9quence de traitements&nbsp;phytosanitaires (IFT) communal r\u00e9pond \u00e0 deux finalit\u00e9s majeures&nbsp;:<\/p>\n\n\n\n<ul class=\"wp-block-list\">\n<li>\u00eatre utilis\u00e9e \u00e0 des fins de&nbsp;<strong>recherches scientifiques<\/strong><\/li>\n\n\n\n<li>servir de r\u00e9f\u00e9rence pour la&nbsp;<strong>d\u00e9finition et l&#8217;\u00e9valuation des politiques publiques<\/strong>&nbsp;nationales et europ\u00e9ennes,&nbsp;dans des d\u00e9marches de labellisation des exploitations agricoles et d&#8217;\u00e9tablissement de plans de progr\u00e8s visant \u00e0 r\u00e9duire l&#8217;utilisation des produits phytosanitaires.&nbsp;<\/li>\n<\/ul>\n","protected":false},"excerpt":{"rendered":"<p>Ce lien vous redirige vers le site de Solagro qui tient \u00e0 jour cette carte des pesticides \/ part de l&#8217;agriculture biologique par commune. On peut y constater que si&#8230;<\/p>\n","protected":false},"author":2,"featured_media":0,"parent":0,"menu_order":0,"comment_status":"closed","ping_status":"closed","template":"","meta":{"footnotes":""},"class_list":["post-4561","page","type-page","status-publish","hentry"],"_links":{"self":[{"href":"https:\/\/adretmorvan.org\/index.php\/wp-json\/wp\/v2\/pages\/4561","targetHints":{"allow":["GET"]}}],"collection":[{"href":"https:\/\/adretmorvan.org\/index.php\/wp-json\/wp\/v2\/pages"}],"about":[{"href":"https:\/\/adretmorvan.org\/index.php\/wp-json\/wp\/v2\/types\/page"}],"author":[{"embeddable":true,"href":"https:\/\/adretmorvan.org\/index.php\/wp-json\/wp\/v2\/users\/2"}],"replies":[{"embeddable":true,"href":"https:\/\/adretmorvan.org\/index.php\/wp-json\/wp\/v2\/comments?post=4561"}],"version-history":[{"count":3,"href":"https:\/\/adretmorvan.org\/index.php\/wp-json\/wp\/v2\/pages\/4561\/revisions"}],"predecessor-version":[{"id":4576,"href":"https:\/\/adretmorvan.org\/index.php\/wp-json\/wp\/v2\/pages\/4561\/revisions\/4576"}],"wp:attachment":[{"href":"https:\/\/adretmorvan.org\/index.php\/wp-json\/wp\/v2\/media?parent=4561"}],"curies":[{"name":"wp","href":"https:\/\/api.w.org\/{rel}","templated":true}]}}