{"id":4039,"date":"2022-11-22T13:20:19","date_gmt":"2022-11-22T12:20:19","guid":{"rendered":"https:\/\/adretmorvan.org\/?page_id=4039"},"modified":"2022-11-22T13:53:13","modified_gmt":"2022-11-22T12:53:13","slug":"gestion-forestiere-en-zone-protegee","status":"publish","type":"page","link":"https:\/\/adretmorvan.org\/index.php\/gestion-forestiere-en-zone-protegee\/","title":{"rendered":"Fiche 2 : Gestion foresti\u00e8re en zone prot\u00e9g\u00e9e"},"content":{"rendered":"\n<div data-wp-interactive=\"core\/file\" class=\"wp-block-file\"><object data-wp-bind--hidden=\"!state.hasPdfPreview\" hidden class=\"wp-block-file__embed\" data=\"https:\/\/adretmorvan.org\/wp-content\/uploads\/2022\/11\/Fiche-2-Gestion-forestie\u0300re-en-zone-prote\u0301ge\u0301e.pdf\" type=\"application\/pdf\" style=\"width:100%;height:600px\" aria-label=\"Contenu embarqu\u00e9 Contenu embarqu\u00e9 Fiche 2 - Gestion forestie\u0300re en zone prote\u0301ge\u0301e..\"><\/object><a id=\"wp-block-file--media-93e3b5c1-3e9f-42d8-a83a-dd2199eddbfe\" href=\"https:\/\/adretmorvan.org\/wp-content\/uploads\/2022\/11\/Fiche-2-Gestion-forestie\u0300re-en-zone-prote\u0301ge\u0301e.pdf\">Fiche 2 &#8211; Gestion forestie\u0300re en zone prote\u0301ge\u0301e<\/a><a href=\"https:\/\/adretmorvan.org\/wp-content\/uploads\/2022\/11\/Fiche-2-Gestion-forestie\u0300re-en-zone-prote\u0301ge\u0301e.pdf\" class=\"wp-block-file__button\" download aria-describedby=\"wp-block-file--media-93e3b5c1-3e9f-42d8-a83a-dd2199eddbfe\">T\u00e9l\u00e9charger<\/a><\/div>\n","protected":false},"excerpt":{"rendered":"","protected":false},"author":2,"featured_media":0,"parent":0,"menu_order":0,"comment_status":"closed","ping_status":"closed","template":"","meta":{"footnotes":""},"class_list":["post-4039","page","type-page","status-publish","hentry"],"_links":{"self":[{"href":"https:\/\/adretmorvan.org\/index.php\/wp-json\/wp\/v2\/pages\/4039","targetHints":{"allow":["GET"]}}],"collection":[{"href":"https:\/\/adretmorvan.org\/index.php\/wp-json\/wp\/v2\/pages"}],"about":[{"href":"https:\/\/adretmorvan.org\/index.php\/wp-json\/wp\/v2\/types\/page"}],"author":[{"embeddable":true,"href":"https:\/\/adretmorvan.org\/index.php\/wp-json\/wp\/v2\/users\/2"}],"replies":[{"embeddable":true,"href":"https:\/\/adretmorvan.org\/index.php\/wp-json\/wp\/v2\/comments?post=4039"}],"version-history":[{"count":0,"href":"https:\/\/adretmorvan.org\/index.php\/wp-json\/wp\/v2\/pages\/4039\/revisions"}],"wp:attachment":[{"href":"https:\/\/adretmorvan.org\/index.php\/wp-json\/wp\/v2\/media?parent=4039"}],"curies":[{"name":"wp","href":"https:\/\/api.w.org\/{rel}","templated":true}]}}