{"id":3829,"date":"2022-09-20T14:09:04","date_gmt":"2022-09-20T12:09:04","guid":{"rendered":"https:\/\/adretmorvan.org\/?page_id=3829"},"modified":"2022-09-20T14:22:00","modified_gmt":"2022-09-20T12:22:00","slug":"adret-morvan-et-le-carrouege","status":"publish","type":"page","link":"https:\/\/adretmorvan.org\/index.php\/adret-morvan-et-le-carrouege\/","title":{"rendered":"Adret Morvan et le Carrou\u00e8ge"},"content":{"rendered":"\n<p><strong>La gen\u00e8se<\/strong><\/p>\n\n\n\n<p>Adret Morvan a \u00e9t\u00e9 cr\u00e9\u00e9e en 2012 pour lutter contre l\u2019industrialisation de la sylviculture et contre un gros projet industriel (scierie g\u00e9ante, incin\u00e9rateur, production d\u2019\u00e9lectricit\u00e9) polluant, inutile et impos\u00e9\u2009: Erscia.<\/p>\n\n\n\n<p>Suite \u00e0 un coup de force de la pr\u00e9f\u00e8te de la Ni\u00e8vre, le site du projet sera occup\u00e9 pendant 2 ans le temps que la justice se prononce.<\/p>\n\n\n\n<p><strong>Le projet<\/strong><\/p>\n\n\n\n<p>Une fois le projet annul\u00e9 par la justice, Adret Morvan ach\u00e8te le Carrou\u00e8ge pour p\u00e9renniser les rencontres humaines, riches et diverses engag\u00e9es sur la ZAD du bois du Tron\u00e7ay tout en apportant une modeste contribution pour faire \u00e9voluer notre territoire positivement face aux grands enjeux environnementaux majeurs actuels (climat, biodiversit\u00e9).<\/p>\n\n\n\n<p><strong>L\u2019\u00e9colieu le Carrou\u00e8ge<\/strong><\/p>\n\n\n\n<p><a href=\"https:\/\/www.lecarrouege.org\/\" target=\"_blank\" rel=\"noreferrer noopener\">L\u2019\u00e9colieu<\/a> propose aujourd\u2019hui une boutique de produits circuits courts et \u00e9picerie bio, un restaurant et un bar valorisant les m\u00eames produits. Il accueille des conf\u00e9rences-d\u00e9bats, des \u00ab\u202fcaf\u00e9s for\u00eats\u202f\u00bb, des spectacles (th\u00e9\u00e2tre, musique) du cin\u00e9ma, des d\u00e9bats organis\u00e9s par des collectifs en lutte. Il contribue aussi \u00e0 l\u2019instauration de circuits courts bois.<\/p>\n\n\n\n<p>L\u2019ensemble des activit\u00e9s qui s\u2019y tiennent ne b\u00e9n\u00e9ficie d\u2019aucune subvention et l\u2019organisation et l\u2019animation du lieu reposent sur le b\u00e9n\u00e9volat des adh\u00e9rents.<\/p>\n\n\n\n<p>Il est ouvert \u00e0 tous ceux qui souhaitent nous rejoindre, nous aider, proposer, co-construire des projets autour des valeurs d\u00e9fendues par la charte du lieu.<\/p>\n\n\n\n<p>Le Carrou\u00e8ge est un outil con\u00e7u par l\u2019association Adret Morvan pour favoriser des projets concrets \u00e0 vis\u00e9e environnementale et de d\u00e9veloppement de la vie du territoire.<\/p>\n\n\n\n<p><strong>Qui fait quoi\u2009?<\/strong><\/p>\n\n\n\n<p>Les activit\u00e9s non commerciales du Carrou\u00e8ge sont organis\u00e9es par Adret Morvan et la partie commerciale est g\u00e9r\u00e9e par une autre association d\u00e9di\u00e9e\u2009: Sycomor. Les membres de Sycomor sont les b\u00e9n\u00e9voles du Carrou\u00e8ge.<\/p>\n\n\n\n<p><strong>Adret Morvan<\/strong><\/p>\n\n\n\n<p>Adret Morvan est une association environnementale g\u00e9n\u00e9raliste avec toutefois un travail sur la for\u00eat pr\u00e9pond\u00e9rant.<\/p>\n\n\n\n<p>L\u2019association Adret Morvan cherche \u00e0 lutter contre l\u2019industrialisation de la for\u00eat du Morvan et le remplacement de for\u00eats de feuillus par des monocultures de r\u00e9sineux.<\/p>\n\n\n\n<p>Elle collabore, dans ce but, avec d\u2019autres associations comme <a rel=\"noreferrer noopener\" href=\"https:\/\/sosforetfrance.org\/\" target=\"_blank\">SOS for\u00eat France<\/a>, <a rel=\"noreferrer noopener\" href=\"https:\/\/sosforetfrance.org\/index.php\/sos-foret-bourgogne\/\" target=\"_blank\">SOS for\u00eat Bourgogne<\/a>, l<a href=\"https:\/\/www.alternativesforestieres.org\/\" target=\"_blank\" rel=\"noreferrer noopener\">e R\u00e9seau pour les alternatives foresti\u00e8res<\/a>, <a href=\"https:\/\/www.fern.org\/fr\/\" target=\"_blank\" rel=\"noreferrer noopener\">le Fern<\/a>, <a href=\"https:\/\/www.canopee-asso.org\/\" target=\"_blank\" rel=\"noreferrer noopener\">Canop\u00e9e<\/a>, <a href=\"https:\/\/sosforetfrance.org\/index.php\/appel-pour-des-forets-vivantes\/\" target=\"_blank\" rel=\"noreferrer noopener\">L&#8217;appel pour des for\u00eats vivantes<\/a>, en Bourgogne, en France et en Europe.<\/p>\n\n\n\n<p>Contrairement \u00e0 ce que certains cherchent \u00e0 faire croire, nous ne sommes pas contre l\u2019exploitation foresti\u00e8re, mais pour des sylvicultures respectueuses de l\u2019environnement qui peuvent produire sur une dur\u00e9e longue autant que la sylviculture industrielle\u2026<\/p>\n\n\n\n<p>L\u2019industrialisation de la for\u00eat, sur un sch\u00e9ma identique \u00e0 l\u2019agriculture productiviste produit les m\u00eames effets\u2009: destruction des sols, de la biodiversit\u00e9, de la qualit\u00e9 de l\u2019eau, des paysages, de l\u2019emploi local, des savoir-faire et contribue \u00e0 l\u2019aggravation du changement climatique contrairement aux engagements de l\u2019accord de Paris.<\/p>\n","protected":false},"excerpt":{"rendered":"<p>La gen\u00e8se Adret Morvan a \u00e9t\u00e9 cr\u00e9\u00e9e en 2012 pour lutter contre l\u2019industrialisation de la sylviculture et contre un gros projet industriel (scierie g\u00e9ante, incin\u00e9rateur, production d\u2019\u00e9lectricit\u00e9) polluant, inutile et&#8230;<\/p>\n","protected":false},"author":2,"featured_media":3772,"parent":0,"menu_order":0,"comment_status":"closed","ping_status":"closed","template":"","meta":{"footnotes":""},"class_list":["post-3829","page","type-page","status-publish","has-post-thumbnail","hentry"],"_links":{"self":[{"href":"https:\/\/adretmorvan.org\/index.php\/wp-json\/wp\/v2\/pages\/3829","targetHints":{"allow":["GET"]}}],"collection":[{"href":"https:\/\/adretmorvan.org\/index.php\/wp-json\/wp\/v2\/pages"}],"about":[{"href":"https:\/\/adretmorvan.org\/index.php\/wp-json\/wp\/v2\/types\/page"}],"author":[{"embeddable":true,"href":"https:\/\/adretmorvan.org\/index.php\/wp-json\/wp\/v2\/users\/2"}],"replies":[{"embeddable":true,"href":"https:\/\/adretmorvan.org\/index.php\/wp-json\/wp\/v2\/comments?post=3829"}],"version-history":[{"count":0,"href":"https:\/\/adretmorvan.org\/index.php\/wp-json\/wp\/v2\/pages\/3829\/revisions"}],"wp:featuredmedia":[{"embeddable":true,"href":"https:\/\/adretmorvan.org\/index.php\/wp-json\/wp\/v2\/media\/3772"}],"wp:attachment":[{"href":"https:\/\/adretmorvan.org\/index.php\/wp-json\/wp\/v2\/media?parent=3829"}],"curies":[{"name":"wp","href":"https:\/\/api.w.org\/{rel}","templated":true}]}}