{"id":3589,"date":"2022-06-14T13:08:30","date_gmt":"2022-06-14T11:08:30","guid":{"rendered":"https:\/\/adretmorvan.org\/?page_id=3589"},"modified":"2022-06-14T13:15:02","modified_gmt":"2022-06-14T11:15:02","slug":"gestion-du-bois-du-troncay","status":"publish","type":"page","link":"https:\/\/adretmorvan.org\/index.php\/gestion-du-bois-du-troncay\/","title":{"rendered":"Gestion du bois du Tron\u00e7ay"},"content":{"rendered":"\n<p>Saisi par plusieurs adh\u00e9rents inquiets du martelage (marquage des arbres en vue d&#8217;une coupe) dans le bois du Tron\u00e7ay (le bois que nous avons contribu\u00e9 \u00e0 sauver du b\u00e9tonnage pour le projet Erscia), nous avons envoy\u00e9 un courrier \u00e0 la soci\u00e9t\u00e9 de gestion foresti\u00e8re de la Caisse des d\u00e9p\u00f4ts.<\/p>\n\n\n\n<p>Vous trouverez en suivant ce courrier et la r\u00e9ponse de la &#8220;Soci\u00e9t\u00e9 foresti\u00e8re&#8221;.<\/p>\n\n\n\n<p>En r\u00e9sum\u00e9, le bois ne ferra pas l&#8217;objet de coupes rases mais d&#8217;une sylviculture \u00e0 couvert continu, la zone humide sera pr\u00e9serv\u00e9e mais le sujet des routes foresti\u00e8res et des cloisonnements (passages r\u00e9guliers sans arbres pour faire passer les machines risque toutefois de changer beaucoup la physionomie de la for\u00eat. La lettre ne pr\u00e9cise pas la densit\u00e9 des cloisonnements mais nous risquons toutefois un cloisonnement tout les 40m.<\/p>\n\n\n\n<p>Les coupes de bord de route semblent avoir \u00e9t\u00e9 impos\u00e9 par orange et par le d\u00e9partement. probablement  un sujet \u00e0 creuser.<\/p>\n\n\n\n<p>L&#8217;affaire reste donc \u00e0 pr\u00e9ciser et suivre&#8230;<\/p>\n\n\n\n<div data-wp-interactive=\"core\/file\" class=\"wp-block-file\"><object data-wp-bind--hidden=\"!state.hasPdfPreview\" hidden class=\"wp-block-file__embed\" data=\"https:\/\/adretmorvan.org\/wp-content\/uploads\/2022\/06\/Lettre-Adret-Morvan-Bois-du-Troncay-mai-2022.pdf\" type=\"application\/pdf\" style=\"width:100%;height:600px\" aria-label=\"Contenu embarqu\u00e9 Contenu embarqu\u00e9 Lettre-Adret-Morvan-Bois-du-Troncay-mai 2022..\"><\/object><a id=\"wp-block-file--media-b674686b-090e-4521-b118-97841e10e633\" href=\"https:\/\/adretmorvan.org\/wp-content\/uploads\/2022\/06\/Lettre-Adret-Morvan-Bois-du-Troncay-mai-2022.pdf\">Lettre-Adret-Morvan-Bois-du-Troncay-mai 2022<\/a><a href=\"https:\/\/adretmorvan.org\/wp-content\/uploads\/2022\/06\/Lettre-Adret-Morvan-Bois-du-Troncay-mai-2022.pdf\" class=\"wp-block-file__button\" download aria-describedby=\"wp-block-file--media-b674686b-090e-4521-b118-97841e10e633\">T\u00e9l\u00e9charger<\/a><\/div>\n\n\n\n<div data-wp-interactive=\"core\/file\" class=\"wp-block-file\"><object data-wp-bind--hidden=\"!state.hasPdfPreview\" hidden class=\"wp-block-file__embed\" data=\"https:\/\/adretmorvan.org\/wp-content\/uploads\/2022\/06\/Courrier-caisse-des-depots-1.pdf\" type=\"application\/pdf\" style=\"width:100%;height:600px\" aria-label=\"Contenu embarqu\u00e9 Contenu embarqu\u00e9 Courrier-caisse-des-depots..\"><\/object><a id=\"wp-block-file--media-cf4f465e-407c-4d01-aab9-34bf7fe1b5f4\" href=\"https:\/\/adretmorvan.org\/wp-content\/uploads\/2022\/06\/Courrier-caisse-des-depots-1.pdf\">Courrier-caisse-des-depots<\/a><a href=\"https:\/\/adretmorvan.org\/wp-content\/uploads\/2022\/06\/Courrier-caisse-des-depots-1.pdf\" class=\"wp-block-file__button\" download aria-describedby=\"wp-block-file--media-cf4f465e-407c-4d01-aab9-34bf7fe1b5f4\">T\u00e9l\u00e9charger<\/a><\/div>\n","protected":false},"excerpt":{"rendered":"<p>Saisi par plusieurs adh\u00e9rents inquiets du martelage (marquage des arbres en vue d&#8217;une coupe) dans le bois du Tron\u00e7ay (le bois que nous avons contribu\u00e9 \u00e0 sauver du b\u00e9tonnage pour&#8230;<\/p>\n","protected":false},"author":2,"featured_media":0,"parent":0,"menu_order":0,"comment_status":"closed","ping_status":"closed","template":"","meta":{"footnotes":""},"class_list":["post-3589","page","type-page","status-publish","hentry"],"_links":{"self":[{"href":"https:\/\/adretmorvan.org\/index.php\/wp-json\/wp\/v2\/pages\/3589","targetHints":{"allow":["GET"]}}],"collection":[{"href":"https:\/\/adretmorvan.org\/index.php\/wp-json\/wp\/v2\/pages"}],"about":[{"href":"https:\/\/adretmorvan.org\/index.php\/wp-json\/wp\/v2\/types\/page"}],"author":[{"embeddable":true,"href":"https:\/\/adretmorvan.org\/index.php\/wp-json\/wp\/v2\/users\/2"}],"replies":[{"embeddable":true,"href":"https:\/\/adretmorvan.org\/index.php\/wp-json\/wp\/v2\/comments?post=3589"}],"version-history":[{"count":0,"href":"https:\/\/adretmorvan.org\/index.php\/wp-json\/wp\/v2\/pages\/3589\/revisions"}],"wp:attachment":[{"href":"https:\/\/adretmorvan.org\/index.php\/wp-json\/wp\/v2\/media?parent=3589"}],"curies":[{"name":"wp","href":"https:\/\/api.w.org\/{rel}","templated":true}]}}