{"id":3549,"date":"2022-06-06T19:55:01","date_gmt":"2022-06-06T17:55:01","guid":{"rendered":"https:\/\/adretmorvan.org\/?page_id=3549"},"modified":"2022-06-06T19:56:15","modified_gmt":"2022-06-06T17:56:15","slug":"heloise-megy-parti-animaliste","status":"publish","type":"page","link":"https:\/\/adretmorvan.org\/index.php\/heloise-megy-parti-animaliste\/","title":{"rendered":"H\u00e9lo\u00efse Megy &#8211; Parti animaliste"},"content":{"rendered":"\n<p>PROT\u00c9GER LES MILIEUX DE VIE DE TOUS<br>En milieu terrestre<\/p>\n\n\n\n<p>Les humains ont investi la quasi-totalit\u00e9 des&nbsp;territoires de la plan\u00e8te pour les exploiter au m\u00e9pris&nbsp;des besoins des autres habitants, entra\u00eenant un effondrement des populations d\u2019animaux sauvages et provoquant ce que les scientifiques&nbsp;qualifient d\u2019extinction de masse.&nbsp;<br>Ce ph\u00e9nom\u00e8ne&nbsp;est attribu\u00e9 \u2013 par les scientifiques (ONU, IPBES,&nbsp;UICN) \u2013 \u00e0 la destruction de leurs habitats et la captation de l\u2019ensemble des ressources nourrici\u00e8res. Pour la survie de tous, nous devons restituer les territoires aux habitants non-humains et pr\u00e9server leur int\u00e9grit\u00e9.&nbsp;<br>La strat\u00e9gie adopt\u00e9e par l\u2019Europe \u00e0 l\u2019horizon 2030, \u00ab Ramener la nature dans nos vies \u00bb, pose, comme objectif, d\u2019accorder une protection \u00e0 30 % de la superficie terrestre et 30 % de la superficie marine pour chaque pays, dont 10 % en protection stricte. C\u2019est un premier pas vers une restitution des territoires.<br>Il faut non seulement la mettre en \u0153uvre mais aussi aller plus loin.<br>Pour assurer une vraie prise en compte des int\u00e9r\u00eats des animaux, la protection stricte doit clairement \u00eatre d\u00e9finie pour ne pas spolier les animaux.<br>La d\u00e9finition de la protection stricte \u00e9tant variable selon les pays, nous posons comme crit\u00e8re de protection stricte, la libre \u00e9volution, c\u2019est-\u00e0-dire l\u2019absence totale de pratiques extractives (agriculture, pastoralisme, sylviculture, chasse, p\u00eache, extraction mini\u00e8re&#8230;) ou invasives (habitation, installation d\u2019infrastructure, tourisme de masse&#8230;).<br>Les aires prot\u00e9g\u00e9es fran\u00e7aises, notamment les parcs nationaux, subissent une forte pression humaine. Ainsi, en m\u00e9tropole, les parcs naturels comptent plus de 800 000 habitants humains, plus de 4 000 entreprises agricoles.<br>Certains sont m\u00eame ouverts \u00e0 la chasse.<br>La difficult\u00e9 est de trouver des territoires \u00e0 restituer \u00e0 la libre \u00e9volution. Un travail, en collaboration avec les r\u00e9sidents et les exploitants des parcs nationaux et autres zones prot\u00e9g\u00e9es, est en cours, n\u00e9anmoins, l\u2019urgence impose de trouver de nouveaux territoires, en particulier forestiers. Or, 75 % des for\u00eats fran\u00e7aises m\u00e9tropolitaines sont priv\u00e9es. Nous proposons donc des mesures incitatives pour encourager ces propri\u00e9taires \u00e0 contribuer \u00e0 cette transition et, par ce biais, \u00e0 restituer des territoires aux animaux.<br>En outre, nos choix \u00e9nerg\u00e9tiques ont une incidence forte sur les conditions actuelles de vie des habitants, \u00e0 la fois au regard de la n\u00e9cessit\u00e9 d\u2019acc\u00e8s \u00e0 une vie d\u00e9cente, des d\u00e9placements surtout en territoire rural, mais aussi sur les conditions futures de vie au regard du changement climatique et des atteintes \u00e0 l\u2019environnement qui en r\u00e9sultent. Ils engagent le pr\u00e9sent et durablement l\u2019avenir.<br>Ces choix doivent donc pouvoir \u00eatre \u00e9voqu\u00e9s dans le cadre d\u2019un grand d\u00e9bat national avec un acc\u00e8s transparent des citoyens \u00e0 l\u2019ensemble des donn\u00e9es scientifiques, des enjeux et des cons\u00e9quences des diff\u00e9rentes options en pr\u00e9sence et se conclure par une d\u00e9cision \u00e9clair\u00e9e prise par les citoyens.<\/p>\n\n\n\n<p>Nous proposons :<\/p>\n\n\n\n<p>\u25c6&nbsp;Prot\u00e9ger de toute extraction ou pratique invasive 10 % de la superficie terrestre d\u2019ici 2030 et ce, tant<br>en m\u00e9tropole qu\u2019en outre-mer, en les laissant en libre \u00e9volution \u00e0 l\u2019exception de la Guyane o\u00f9 30 %<br>de la superficie terrestre devra \u00eatre laiss\u00e9e en libre \u00e9volution.<br>\u25c6&nbsp;Introduire la possibilit\u00e9 pour un propri\u00e9taire, dans le cadre des Obligations r\u00e9elles environnementales (ORE), de laisser sa for\u00eat et ses parcelles en libre \u00e9volution (sans aucune activit\u00e9 extractive ou invasive) avec un bail de minimum 50 ans contract\u00e9 avec l\u2019\u00c9tat ou les collectivit\u00e9s territoriales o\u00f9 le contractant s\u2019engage, au-del\u00e0 des avantages classiques de l\u2019ORE (exon\u00e9ration de la taxe sur le foncier non b\u00e2ti), \u00e0 indemniser le propri\u00e9taire sur la valeur d\u2019une coupe type Plan de simple gestion (PSG).<br>\u25c6&nbsp;Augmenter les lieux d\u2019interdiction de pesticides en incluant une interdiction dans un p\u00e9rim\u00e8tre<br>d\u2019un kilom\u00e8tre des zones habit\u00e9es.<br>\u25c6&nbsp;Conditionner les aides publiques \u00e0 l\u2019agriculture \u00e0 l\u2019absence d\u2019utilisation de pesticides.<br>\u25c6&nbsp;Lutter contre l\u2019\u00e9talement urbain et l\u2019artificialisation des sols.<br>\u25c6&nbsp;Soumettre \u00e0 r\u00e9f\u00e9rendum local l\u2019implantation d\u2019antennes relais ou d\u2019\u00e9oliennes \u00e0 une distance de 5 km<br>des habitations, et donner aux maires la possibilit\u00e9 de s\u2019opposer \u00e0 ces implantations sur leur commune.<br>\u25c6&nbsp;Interdire l\u2019implantation d\u2019antennes relais ou d\u2019\u00e9oliennes \u00e0 une distance de 5 km des zones de libre \u00e9volution.<br>\u25c6&nbsp;Cr\u00e9er des zones \u00e0 faible exposition \u00e9lectromagn\u00e9tique en concertation avec les \u00e9lus locaux.<br>\u25c6&nbsp;Soumettre \u00e0 un grand d\u00e9bat national et r\u00e9f\u00e9rendum les grands choix \u00e9nerg\u00e9tiques de la France&nbsp;pour ces prochaines ann\u00e9es.\u25c6&nbsp;R\u00e9mun\u00e9rer les services rendus \u00e0 l\u2019environnement dans les parcs nationaux.<\/p>\n","protected":false},"excerpt":{"rendered":"<p>PROT\u00c9GER LES MILIEUX DE VIE DE TOUSEn milieu terrestre Les humains ont investi la quasi-totalit\u00e9 des&nbsp;territoires de la plan\u00e8te pour les exploiter au m\u00e9pris&nbsp;des besoins des autres habitants, entra\u00eenant un&#8230;<\/p>\n","protected":false},"author":2,"featured_media":0,"parent":0,"menu_order":0,"comment_status":"closed","ping_status":"closed","template":"","meta":{"footnotes":""},"class_list":["post-3549","page","type-page","status-publish","hentry"],"_links":{"self":[{"href":"https:\/\/adretmorvan.org\/index.php\/wp-json\/wp\/v2\/pages\/3549","targetHints":{"allow":["GET"]}}],"collection":[{"href":"https:\/\/adretmorvan.org\/index.php\/wp-json\/wp\/v2\/pages"}],"about":[{"href":"https:\/\/adretmorvan.org\/index.php\/wp-json\/wp\/v2\/types\/page"}],"author":[{"embeddable":true,"href":"https:\/\/adretmorvan.org\/index.php\/wp-json\/wp\/v2\/users\/2"}],"replies":[{"embeddable":true,"href":"https:\/\/adretmorvan.org\/index.php\/wp-json\/wp\/v2\/comments?post=3549"}],"version-history":[{"count":0,"href":"https:\/\/adretmorvan.org\/index.php\/wp-json\/wp\/v2\/pages\/3549\/revisions"}],"wp:attachment":[{"href":"https:\/\/adretmorvan.org\/index.php\/wp-json\/wp\/v2\/media?parent=3549"}],"curies":[{"name":"wp","href":"https:\/\/api.w.org\/{rel}","templated":true}]}}