{"id":3544,"date":"2022-06-06T12:11:11","date_gmt":"2022-06-06T10:11:11","guid":{"rendered":"https:\/\/adretmorvan.org\/?page_id=3544"},"modified":"2022-06-06T12:11:12","modified_gmt":"2022-06-06T10:11:12","slug":"dominique-dupuis","status":"publish","type":"page","link":"https:\/\/adretmorvan.org\/index.php\/dominique-dupuis\/","title":{"rendered":"Dominique Dupuis"},"content":{"rendered":"\n<p>&nbsp;&nbsp;&nbsp;&nbsp; Nous avons bien re\u00e7u votre lettre et nous y r\u00e9pondons volontiers.<\/p>\n\n\n\n<p>&nbsp;&nbsp;&nbsp; Nous sommes aussi tr\u00e8s sensibles \u00e0 l&#8217;avenir de la for\u00eat. Comme bien d&#8217;autres activit\u00e9s dans notre soci\u00e9t\u00e9, elle a \u00e9t\u00e9 rattrap\u00e9 par la &#8220;financiarisation&#8221; et le profit. Des financiers se sont int\u00e9ress\u00e9s au bois parce que cela pouvait \u00eatre une source de b\u00e9n\u00e9fices et peu importe les conditions dans lesquelles cela se fait. Pour eux, la for\u00eat n&#8217;est pas un organisme vivant dont il faut respecter les rythmes de vie mais ce sont des revenus et ils veulent qu&#8217;ils soient le plus rapides possibles. Ils s&#8217;en prennent aussi aux conditions de travail de ceux qui vivent et travaillent en for\u00eat et les d\u00e9gradent sans cesse. Nous avons eu l&#8217;occasion plusieurs fois de soutenir des manifestations des forestiers de l&#8217;ONF (qui sont de moins en moins) qui protestaient contre des mesures prises \u00e0 leur encontre.<\/p>\n\n\n\n<p>&nbsp;&nbsp;&nbsp; Nous vous soutenons dans vos actions pour la d\u00e9fense de la for\u00eat et nous participerons \u00e0 toutes les actions qui nous sembleront juste et qui iront dans ce sens.<\/p>\n","protected":false},"excerpt":{"rendered":"<p>&nbsp;&nbsp;&nbsp;&nbsp; Nous avons bien re\u00e7u votre lettre et nous y r\u00e9pondons volontiers. &nbsp;&nbsp;&nbsp; Nous sommes aussi tr\u00e8s sensibles \u00e0 l&#8217;avenir de la for\u00eat. Comme bien d&#8217;autres activit\u00e9s dans notre soci\u00e9t\u00e9,&#8230;<\/p>\n","protected":false},"author":2,"featured_media":0,"parent":0,"menu_order":0,"comment_status":"closed","ping_status":"closed","template":"","meta":{"footnotes":""},"class_list":["post-3544","page","type-page","status-publish","hentry"],"_links":{"self":[{"href":"https:\/\/adretmorvan.org\/index.php\/wp-json\/wp\/v2\/pages\/3544","targetHints":{"allow":["GET"]}}],"collection":[{"href":"https:\/\/adretmorvan.org\/index.php\/wp-json\/wp\/v2\/pages"}],"about":[{"href":"https:\/\/adretmorvan.org\/index.php\/wp-json\/wp\/v2\/types\/page"}],"author":[{"embeddable":true,"href":"https:\/\/adretmorvan.org\/index.php\/wp-json\/wp\/v2\/users\/2"}],"replies":[{"embeddable":true,"href":"https:\/\/adretmorvan.org\/index.php\/wp-json\/wp\/v2\/comments?post=3544"}],"version-history":[{"count":0,"href":"https:\/\/adretmorvan.org\/index.php\/wp-json\/wp\/v2\/pages\/3544\/revisions"}],"wp:attachment":[{"href":"https:\/\/adretmorvan.org\/index.php\/wp-json\/wp\/v2\/media?parent=3544"}],"curies":[{"name":"wp","href":"https:\/\/api.w.org\/{rel}","templated":true}]}}