{"id":3531,"date":"2022-06-05T19:16:57","date_gmt":"2022-06-05T17:16:57","guid":{"rendered":"https:\/\/adretmorvan.org\/?page_id=3531"},"modified":"2022-06-05T19:16:58","modified_gmt":"2022-06-05T17:16:58","slug":"pascal-lepetit-debout-la-france","status":"publish","type":"page","link":"https:\/\/adretmorvan.org\/index.php\/pascal-lepetit-debout-la-france\/","title":{"rendered":"Pascal Lepetit &#8211; Debout la France"},"content":{"rendered":"\n<p>Comme je m&#8217;y \u00e9tais engag\u00e9, je r\u00e9ponds \u00e0 votre sollicitation, je pr\u00e9f\u00e8re plut\u00f4t que de r\u00e9pondre \u00e0 chacune de vos propositions vous faire part de mon point de vue de fa\u00e7on globale.Il me semble apr\u00e8s r\u00e9flexion et consultations que s\u2019il existe un sujet complexe, c&#8217;est bien la for\u00eat.<\/p>\n\n\n\n<p>On ne pourra pas traiter de la for\u00eat morvandelle sur la m\u00eame grille de lecture que la for\u00eat jurassienne, landaise ou m\u00e9diterran\u00e9enne.<\/p>\n\n\n\n<p>Si nous nous limitons \u00e0 la deuxi\u00e8me circonscription de la Ni\u00e8vre, quel r\u00e9f\u00e9rentiel forestier prenons-nous pour consid\u00e9rer notre politique foresti\u00e8re ?<\/p>\n\n\n\n<p>Le Morvan Nivernais du Moyen-Age, o\u00f9 seuls les monts du Haut Morvan et une part des Bertranges restaient bois\u00e9s en feuillus ?<\/p>\n\n\n\n<p>Le Morvan Nivernais de la r\u00e9volution industrielle, avec l&#8217;exploitation de feuillus en coupe rase et une polyculture pr\u00e9sente dans chaque hameau ?&nbsp;<\/p>\n\n\n\n<p>Le Morvan Nivernais de l&#8217;apr\u00e8s-guerre,&nbsp;enr\u00e9sin\u00e9&nbsp;par le Fond Forestier National, id\u00e9e du Conseil National de la R\u00e9sistance&nbsp; pour anticiper les bouleversements&nbsp;socio-d\u00e9mographiques de nos campagnes ?<\/p>\n\n\n\n<p>L\u2019actualit\u00e9 nous rappelle plus que jamais qu\u2019il nous faut l\u2019autonomie en mati\u00e8re premi\u00e8re&nbsp;: le bois en fait partie par sa gestion fran\u00e7aise s\u00e9culaire, c\u2019est une mati\u00e8re vertueuse, une production non d\u00e9localisable, peu carbon\u00e9e et renouvelable.<\/p>\n\n\n\n<p>La solution qui fait consensus pour une saine politique foresti\u00e8re fran\u00e7aise, c&#8217;est la gestion dite &#8220;en bon p\u00e8re de famille&#8221;, m\u00ealant dans le cadre des bonnes pratiques sylvicoles une sylviculture productive (aspect fondamental pour la Ni\u00e8vre) et la pr\u00e9servation de la multifonctionnalit\u00e9 de la for\u00eat pour ses r\u00f4les environnementaux et patrimoniaux.<\/p>\n\n\n\n<p>N\u2019oublions pas non plus que plus des deux tiers des for\u00eats fran\u00e7aises sont priv\u00e9es.<\/p>\n\n\n\n<p>A mon sens le r\u00f4le d&#8217;un d\u00e9put\u00e9, et c\u2019est ainsi que je l\u2019appliquerai si je suis \u00e9lu, est d&#8217;apaiser le climat d\u00e9l\u00e9t\u00e8re qui r\u00e8gne autour de la foresterie fran\u00e7aise, tout comme dans d\u2019autres secteurs<\/p>\n\n\n\n<p>(alimentation, transition \u00e9nerg\u00e9tique, chasse etc\u2026), climat parfois aliment\u00e9 par des associations aux m\u00e9thodes extr\u00eames et condamnables (violences physiques, d\u00e9gradations mat\u00e9rielles).<\/p>\n\n\n\n<p>Si je suis \u00e9lu D\u00e9put\u00e9 je vous proposerai de nous mettre autour de la table, vous, les professionnels&nbsp;du secteur, et moi-m\u00eame.<\/p>\n","protected":false},"excerpt":{"rendered":"<p>Comme je m&#8217;y \u00e9tais engag\u00e9, je r\u00e9ponds \u00e0 votre sollicitation, je pr\u00e9f\u00e8re plut\u00f4t que de r\u00e9pondre \u00e0 chacune de vos propositions vous faire part de mon point de vue de&#8230;<\/p>\n","protected":false},"author":2,"featured_media":0,"parent":0,"menu_order":0,"comment_status":"closed","ping_status":"closed","template":"","meta":{"footnotes":""},"class_list":["post-3531","page","type-page","status-publish","hentry"],"_links":{"self":[{"href":"https:\/\/adretmorvan.org\/index.php\/wp-json\/wp\/v2\/pages\/3531","targetHints":{"allow":["GET"]}}],"collection":[{"href":"https:\/\/adretmorvan.org\/index.php\/wp-json\/wp\/v2\/pages"}],"about":[{"href":"https:\/\/adretmorvan.org\/index.php\/wp-json\/wp\/v2\/types\/page"}],"author":[{"embeddable":true,"href":"https:\/\/adretmorvan.org\/index.php\/wp-json\/wp\/v2\/users\/2"}],"replies":[{"embeddable":true,"href":"https:\/\/adretmorvan.org\/index.php\/wp-json\/wp\/v2\/comments?post=3531"}],"version-history":[{"count":0,"href":"https:\/\/adretmorvan.org\/index.php\/wp-json\/wp\/v2\/pages\/3531\/revisions"}],"wp:attachment":[{"href":"https:\/\/adretmorvan.org\/index.php\/wp-json\/wp\/v2\/media?parent=3531"}],"curies":[{"name":"wp","href":"https:\/\/api.w.org\/{rel}","templated":true}]}}