{"id":3524,"date":"2022-06-05T18:57:57","date_gmt":"2022-06-05T16:57:57","guid":{"rendered":"https:\/\/adretmorvan.org\/?page_id=3524"},"modified":"2022-06-05T18:57:58","modified_gmt":"2022-06-05T16:57:58","slug":"marie-anne-guillemain-nupes","status":"publish","type":"page","link":"https:\/\/adretmorvan.org\/index.php\/marie-anne-guillemain-nupes\/","title":{"rendered":"Marie-Anne Guillemain &#8211; NUPES"},"content":{"rendered":"\n<p>Au moment o\u00f9 nous entrons dans les derniers jours de la campagne pour les l\u00e9gislatives, la question sociale occupe tout l\u2019espace. Dans notre soci\u00e9t\u00e9 rong\u00e9e par les in\u00e9galit\u00e9s, les effets de l\u2019inflation sont imm\u00e9diatement visibles et l\u2019instantan\u00e9it\u00e9 du d\u00e9bat m\u00e9diatique conduit \u00e0 mettre au second plan la question \u00e9cologique. Elle ne fera l\u2019actualit\u00e9 qu\u2019apr\u00e8s les \u00e9lections si les citoyens ne s\u2019en saisissent pas. L\u2019initiative d\u2019Adret Morvan de questionner les candidates et les candidats sur la question foresti\u00e8re est donc salutaire.<\/p>\n\n\n\n<p>Nous savons qu\u2019avec le bouleversement climatique (ce mois de mai est le plus chaud dans notre pays depuis que nous mesurons les temp\u00e9ratures) et l\u2019amplification des s\u00e9cheresses, les for\u00eats fran\u00e7aises sont plus que jamais menac\u00e9es par le d\u00e9p\u00e9rissement et les incendies. Le Morvan, r\u00e9put\u00e9 il y a encore peu pour son humidit\u00e9, ne fait plus exception.<\/p>\n\n\n\n<p>Nous savons aussi qu\u2019il nous faut mettre tout en \u0153uvre pour enrayer la chute de la biodiversit\u00e9 et r\u00e9duire d\u2019urgence dans l\u2019atmosph\u00e8re la part du C02. Il a atteint un niveau jamais vu sur terre depuis quatre millions d\u2019ann\u00e9es. Il en va de la survie de notre esp\u00e8ce. Les for\u00eats ayant la capacit\u00e9 de stocker le carbone, il est d\u2019autant plus indispensable de les prot\u00e9ger si nous voulons \u00e9viter le chaos \u00e9cologique et l\u2019impossibilit\u00e9 de r\u00e9pondre aux besoins vitaux de toute la population, non seulement en air respirable, mais aussi en eau saine puisque les \u00e9cosyst\u00e8mes forestiers stockent et filtrent cette ressource indispensable \u00e0 tout \u00eatre humain.<\/p>\n\n\n\n<p>L\u2019\u00e9ch\u00e9ance n\u2019est pas au si\u00e8cle prochain. C\u2019est pendant la prochaine l\u00e9gislature, disent les scientifiques du Giec, que les d\u00e9cisions doivent \u00eatre prises pour le climat. Le pr\u00e9alable est \u00e9videmment de reconna\u00eetre que les for\u00eats sont des biens communs et qu\u2019\u00e0 ce titre, leur gestion r\u00e9pond \u00e0 des exigences \u00e9cologiques d\u2019int\u00e9r\u00eat g\u00e9n\u00e9ral avant de satisfaire des int\u00e9r\u00eats \u00e9conomiques.<\/p>\n\n\n\n<p>L\u2019argent, m\u00eame liquide, ne se boit pas.<\/p>\n\n\n\n<p>Lors de l\u2019Assembl\u00e9e des luttes foresti\u00e8res derni\u00e8rement encore, des voix ind\u00e9pendantes et unanimes ont renforc\u00e9 ma conviction&nbsp;: il faut sortir le plus rapidement possible du mod\u00e8le industriel sylvicole productiviste que l\u2019actuelle majorit\u00e9 encourage en distribuant les subsides de l\u2019\u00c9tat sans aucune conditionnalit\u00e9 environnementale.<\/p>\n\n\n\n<p>Je souhaite qu\u2019il en soit tout autrement&nbsp;: que les aides publiques soient r\u00e9serv\u00e9es \u00e0 des pratiques r\u00e9pondant \u00e0 la R\u00e8gle Verte (ne pas prendre \u00e0 la nature plus qu\u2019elle ne peut reconstituer) et qu\u2019imm\u00e9diatement, celles portant manifestement atteinte aux \u00e9cosyst\u00e8mes comme les coupes rases ne soient autoris\u00e9es qu\u2019en cas de r\u00e9elle impasse sanitaire.<\/p>\n\n\n\n<p>La fin des coupes rases peut \u00eatre le d\u00e9clenchement d\u2019un cercle vertueux. La course au machinisme entra\u00eene des investissements de plus en plus lourds \u00e0 amortir. Ils ne trouvent de raison d\u2019\u00eatre que dans le cadre d\u2019une production de masse, uniformis\u00e9e comme le sont les monocultures de r\u00e9sineux suivant les coupes rases. Le choix du mieux-disant \u00e9cologique, donc la diversification des for\u00eats, entra\u00eene la diversification des activit\u00e9s qui lui sont li\u00e9es, une meilleure ad\u00e9quation avec les besoins de la population en produits issus de la for\u00eat et leur relocalisation. Prot\u00e9ger r\u00e9ellement les for\u00eats, c\u2019est aussi d\u00e9velopper l\u2019\u00e9conomie locale.<\/p>\n\n\n\n<p>Pour que la bifurcation vers une politique foresti\u00e8re \u00e9cologique ne soit pas un effet d\u2019annonce, il faut bien \u00e9videmment donner aux services publics qui \u00e9tablissent les diagnostics comme \u00e0 ceux qui en contr\u00f4lent l\u2019application les moyens d\u2019exercer leurs missions. Qu\u2019ils s\u2019agissent des chercheurs ou des techniciens, ils ne pourront le faire sereinement que si leurs personnels sont assez nombreux, form\u00e9s, non pr\u00e9caires et exempts de toute pression. Ces missions ne peuvent donc \u00eatre confi\u00e9es qu\u2019\u00e0 des agents de la fonction publique d\u2019\u00c9tat, \u00e0 l\u2019oppos\u00e9 du choix de la privatisation rampante poursuivie par l\u2019actuel gouvernement, qui a \u00e9t\u00e9 jusqu\u2019\u00e0 d\u00e9cider le 1<sup>er<\/sup> juin en Conseil des ministres de confier des missions de police judiciaire \u00e0 des personnels de l\u2019ONF sous contrat de droit priv\u00e9.<\/p>\n\n\n\n<p>Dans le temps court d\u2019un mandat, il est possible de renverser les choses. Il suffit d\u2019une loi pour interdire les coupes rases. Le texte est pr\u00eat.<\/p>\n\n\n\n<p>La n\u00e9cessaire mise en coh\u00e9rence des lois qui r\u00e9gissent les for\u00eats publiques comme priv\u00e9es avec la planification \u00e9cologique est un grand chantier. Il faut l\u2019ouvrir le plus rapidement possible. D\u00e9put\u00e9e, j\u2019y participerai activement et mon vote sera d\u2019abord \u00e9clair\u00e9 par l\u2019expertise de citoyens, collectifs et scientifiques ind\u00e9pendants de tout int\u00e9r\u00eat priv\u00e9. Les 17 propositions d\u2019Adret Morvan pour la for\u00eat trouveront toute leur place dans le d\u00e9bat.<\/p>\n\n\n\n<p>Marie-Anne Guillemain, candidate NUPES aux \u00e9lections l\u00e9gislatives dans la 2<sup>e<\/sup> circonscription de la Ni\u00e8vre<\/p>\n","protected":false},"excerpt":{"rendered":"<p>Au moment o\u00f9 nous entrons dans les derniers jours de la campagne pour les l\u00e9gislatives, la question sociale occupe tout l\u2019espace. Dans notre soci\u00e9t\u00e9 rong\u00e9e par les in\u00e9galit\u00e9s, les effets&#8230;<\/p>\n","protected":false},"author":2,"featured_media":0,"parent":0,"menu_order":0,"comment_status":"closed","ping_status":"closed","template":"","meta":{"footnotes":""},"class_list":["post-3524","page","type-page","status-publish","hentry"],"_links":{"self":[{"href":"https:\/\/adretmorvan.org\/index.php\/wp-json\/wp\/v2\/pages\/3524","targetHints":{"allow":["GET"]}}],"collection":[{"href":"https:\/\/adretmorvan.org\/index.php\/wp-json\/wp\/v2\/pages"}],"about":[{"href":"https:\/\/adretmorvan.org\/index.php\/wp-json\/wp\/v2\/types\/page"}],"author":[{"embeddable":true,"href":"https:\/\/adretmorvan.org\/index.php\/wp-json\/wp\/v2\/users\/2"}],"replies":[{"embeddable":true,"href":"https:\/\/adretmorvan.org\/index.php\/wp-json\/wp\/v2\/comments?post=3524"}],"version-history":[{"count":0,"href":"https:\/\/adretmorvan.org\/index.php\/wp-json\/wp\/v2\/pages\/3524\/revisions"}],"wp:attachment":[{"href":"https:\/\/adretmorvan.org\/index.php\/wp-json\/wp\/v2\/media?parent=3524"}],"curies":[{"name":"wp","href":"https:\/\/api.w.org\/{rel}","templated":true}]}}