{"id":3521,"date":"2022-06-05T18:54:08","date_gmt":"2022-06-05T16:54:08","guid":{"rendered":"https:\/\/adretmorvan.org\/?page_id=3521"},"modified":"2022-06-09T11:21:49","modified_gmt":"2022-06-09T09:21:49","slug":"legislatives-2022-les-candidats-nous-repondent","status":"publish","type":"page","link":"https:\/\/adretmorvan.org\/index.php\/legislatives-2022-les-candidats-nous-repondent\/","title":{"rendered":"L\u00e9gislatives 2022, les candidats nous r\u00e9pondent"},"content":{"rendered":"\n<p>Nous avons questionn\u00e9 tous les candidats de la 2e circonscription concernant les 17 propositions prioritaires de modification de la loi que nous portons depuis les assises de la for\u00eat.<\/p>\n\n\n\n<p><a rel=\"noreferrer noopener\" href=\"https:\/\/adretmorvan.org\/wp-content\/uploads\/2022\/06\/propositions-le\u0301gislatives-adret-Morvan.pdf\" target=\"_blank\"><strong><em>Nos propositions ici<\/em><\/strong><\/a><\/p>\n\n\n\n<p><strong><em><a href=\"https:\/\/adretmorvan.org\/index.php\/dominique-dupuis\/\" target=\"_blank\" rel=\"noreferrer noopener\">La r\u00e9ponse de Dominique Dupuis &#8211; Lutte ouvri\u00e8re<\/a><\/em><\/strong><\/p>\n\n\n\n<p><strong><em><a href=\"https:\/\/adretmorvan.org\/index.php\/marie-anne-guillemain-nupes\/\" target=\"_blank\" rel=\"noreferrer noopener\">La r\u00e9ponse de Marie-Anne Guillemain &#8211; NUPES<\/a><\/em><\/strong><\/p>\n\n\n\n<p><strong><em><a rel=\"noreferrer noopener\" href=\"https:\/\/adretmorvan.org\/index.php\/pascal-lepetit-debout-la-france\/\" target=\"_blank\">La r\u00e9ponse de Pascal Lepetit &#8211; Debout la France<\/a><\/em><\/strong><\/p>\n\n\n\n<p><strong><em><a href=\"https:\/\/adretmorvan.org\/index.php\/heloise-megy-parti-animaliste\/\" target=\"_blank\" rel=\"noreferrer noopener\">La r\u00e9ponse de H\u00e9lo\u00efse Megy &#8211; Parti animaliste<\/a><\/em><\/strong><\/p>\n\n\n\n<p><a rel=\"noreferrer noopener\" href=\"https:\/\/adretmorvan.org\/index.php\/patrice-perrot-ensemble\/\" target=\"_blank\"><strong><em>La r\u00e9ponse de Patrice Perrot<\/em><\/strong> <strong><em>(provisoire) <\/em><\/strong>&#8211; <strong><em>Ensemble !&nbsp;<\/em><\/strong><\/a><\/p>\n","protected":false},"excerpt":{"rendered":"<p>Nous avons questionn\u00e9 tous les candidats de la 2e circonscription concernant les 17 propositions prioritaires de modification de la loi que nous portons depuis les assises de la for\u00eat. Nos&#8230;<\/p>\n","protected":false},"author":2,"featured_media":0,"parent":0,"menu_order":0,"comment_status":"closed","ping_status":"closed","template":"","meta":{"footnotes":""},"class_list":["post-3521","page","type-page","status-publish","hentry"],"_links":{"self":[{"href":"https:\/\/adretmorvan.org\/index.php\/wp-json\/wp\/v2\/pages\/3521","targetHints":{"allow":["GET"]}}],"collection":[{"href":"https:\/\/adretmorvan.org\/index.php\/wp-json\/wp\/v2\/pages"}],"about":[{"href":"https:\/\/adretmorvan.org\/index.php\/wp-json\/wp\/v2\/types\/page"}],"author":[{"embeddable":true,"href":"https:\/\/adretmorvan.org\/index.php\/wp-json\/wp\/v2\/users\/2"}],"replies":[{"embeddable":true,"href":"https:\/\/adretmorvan.org\/index.php\/wp-json\/wp\/v2\/comments?post=3521"}],"version-history":[{"count":0,"href":"https:\/\/adretmorvan.org\/index.php\/wp-json\/wp\/v2\/pages\/3521\/revisions"}],"wp:attachment":[{"href":"https:\/\/adretmorvan.org\/index.php\/wp-json\/wp\/v2\/media?parent=3521"}],"curies":[{"name":"wp","href":"https:\/\/api.w.org\/{rel}","templated":true}]}}