{"id":345,"date":"2015-04-27T08:11:13","date_gmt":"2015-04-27T07:11:13","guid":{"rendered":"http:\/\/adretmorvan.org\/?page_id=345"},"modified":"2020-05-29T10:39:18","modified_gmt":"2020-05-29T08:39:18","slug":"erscia-historique-du-projet","status":"publish","type":"page","link":"https:\/\/adretmorvan.org\/index.php\/erscia-historique-du-projet\/","title":{"rendered":"ERSCIA Historique du projet"},"content":{"rendered":"<br \/>\n<h1 class=\"h1chrono\">1999<\/h1>\n<p>Roland Jost et Joseph Haas s\u2019associent pour fonder en Belgique IBV (industrie du bois de Vielsalm). Ils promettent emploi et vantent leur activit\u00e9 \u00e9conomique \u00ab verte \u00bb. Rapidement ils polluent la rivi\u00e8re, cr\u00e9ent des nuisances aux riverains bien sup\u00e9rieures \u00e0 celles annonc\u00e9es, des norias de camions traversent le village, pr\u00e8s de 450 par jours d\u2019apr\u00e8s les riverains pour l\u2019ensemble de la zone industrielle (Jost group est un des plus gros transporteur routier europ\u00e9en).<\/p>\n<h1 class=\"h1chrono\">2001-2006<\/h1>\n<p>Pascal Jacob est pr\u00e9sident de \u00ab\u00a0Fibre active\u00a0\u00bb l\u2019agence de d\u00e9veloppement de la Ni\u00e8vre, financ\u00e9e en partie par le conseil g\u00e9n\u00e9ral.<\/p>\n<h1 class=\"h1chrono\">2007<\/h1>\n<p>Un industriel du sciage (Fruytier) qui voulait faire une m\u00e9ga scierie + cog\u00e9n\u00e9ration refuse ce site et part en C\u00f4te d\u2019Or, faute de route ad hoc, de ligne haute tension, de voie ferr\u00e9e en \u00e9tat, de zone industrielle et face \u00e0 un bois \u00e0 racheter et \u00e0 couper.<\/p>\n<h1 class=\"h1chrono\">2007<\/h1>\n<p>Il faut une scierie suppl\u00e9mentaire dixit un rapport sur la ressource foresti\u00e8re Bourguignone<\/p>\n<h1 class=\"h1chrono\">2008<\/h1>\n<p>Pascal Jacob s\u2019associe avec Joseph Haas<\/p>\n<h1 class=\"h1chrono\">2008<\/h1>\n<p>Un premier projet IBV est recal\u00e9 (3e appel d\u2019offre) par la commission de r\u00e9gulation de l\u2019\u00e9nergie (CRE) notamment parce qu\u2019il ne r\u00e9pond pas aux meilleures techniques disponibles.<\/p>\n<h1 class=\"h1chrono\">28 d\u00e9c 2009<\/h1>\n<p>Un arr\u00eat\u00e9 double le prix de rachat de l\u2019\u00e9lectricit\u00e9 et plus besoin de l\u2019aval de la CRE, le p\u00f4le bois de Sardy est relanc\u00e9\u2026<\/p>\n<h1 class=\"h1chrono\">2010-2011<\/h1>\n<p>Pascal Jacob, ex. pr\u00e9sident de Fibre active et pr\u00e9sident du Medef Bourgogne monte un projet similaire \u00e0 celui de Fruytier soutenu par IBV, les \u00e9lus locaux (et le d\u00e9put\u00e9 PS Christian Paul). Dans ce projet le cog\u00e9n\u00e9rateur ne br\u00fblera pas que de la bio masse (comme en Belgique) mais aussi des d\u00e9chets de bois.<\/p>\n<h1 class=\"h1chrono\">2011<\/h1>\n<p>Une premi\u00e8re demande est d\u00e9pos\u00e9e au CNPN, tellement indigente qu\u2019elle n\u2019est m\u00eame pas examin\u00e9e.<\/p>\n<h1 class=\"h1chrono\">F\u00e9v 2012<\/h1>\n<p>Le CNPN est consult\u00e9 avant de publier l\u2019arr\u00eat\u00e9 de destruction d\u2019habitat d\u2019esp\u00e8ces prot\u00e9g\u00e9es qui vivent dans le bois pour obtenir son aval&#8230; mais c\u2019est un avis tr\u00e8s n\u00e9gatif que rend le CNPN\u00a0qui se conclue par : \u00ab\u00a0Au vu des insuffisances flagrantes de ce dossier, Avis d\u00e9favorable.\u00a0\u00bb<\/p>\n<h1 class=\"h1chrono\">Printemps 2012<\/h1>\n<p>Fait rare, le pr\u00e9fet, ne tenant aucun compte de l\u2019avis du CNPN, publie les arr\u00eat\u00e9s qui sont attaqu\u00e9s par les associations (destruction d\u2019habitat d\u2019esp\u00e8ce, d\u00e9frichement en r\u00e9f\u00e9r\u00e9 suspension, permis de construire, cr\u00e9ation du lotissement industriel). Mention sp\u00e9ciale\u00a0: l\u2019enqu\u00eate publique indiquait 30 % de d\u00e9chets de bois (biomasse + non biomasse) et c\u2019est sur cette base que les \u00e9lus ont vot\u00e9 le projet. L\u2019arr\u00eat\u00e9 final, lui, indique 75% de d\u00e9chets de bois non assimilables \u00e0 de la biomasse\u00a0! Et presque aucun \u00e9lu ne trouve quelque chose \u00e0 redire\u00a0!<\/p>\n<h1 class=\"h1chrono\">Juin 2012<\/h1>\n<p>Les citoyens cr\u00e9ent Adret Morvan dans une ferme de Gacogne. Ils sont une centaine d\u2019adh\u00e9rents.<\/p>\n<h1 class=\"h1chrono\">19 juin 2012<\/h1>\n<p>L\u2019arr\u00eat\u00e9 destruction d\u2019habitat d\u2019esp\u00e8ce est suspendu par le tribunal de Dijon<\/p>\n<h1 class=\"h1chrono\">5 juillet<\/h1>\n<p>Le pr\u00e9fet retire son arr\u00eat\u00e9<\/p>\n<h1 class=\"h1chrono\">10 juillet<\/h1>\n<p>Il en publie un autre avec quelques am\u00e9nagements et est \u00e0 nouveau attaqu\u00e9 en r\u00e9f\u00e9r\u00e9 par le collectif et les associations.<\/p>\n<h1 class=\"h1chrono\">13 juillet<\/h1>\n<p>Premi\u00e8re manifestation d\u2019Adret Morvan \u00e0 la maison du parc lors de la signature de la charte foresti\u00e8re o\u00f9 les \u00e9lus signent la charte qui pr\u00e9conise le contraire de la d\u00e9marche d\u2019Erscia\u2026 Adret Morvan interpelle le pr\u00e9fet et Christian Paul qui promettent \u00ab\u00a0une r\u00e9union d\u2019information\u00a0\u00bb.<\/p>\n<h1 class=\"h1chrono\">Juillet 2012<\/h1>\n<p>Un huissier mandat\u00e9 par les associations constate une zone humide dans le bois de 6 hectares alors que le projet l\u2019estime \u00e0 2 200 m2.<\/p>\n<h1 class=\"h1chrono\">Septembre<\/h1>\n<p>L\u2019arr\u00eat\u00e9 de d\u00e9frichement autorise la coupe du bois et le deuxi\u00e8me arr\u00eat\u00e9 \u00ab\u00a0destruction d\u2019habitat d\u2019esp\u00e8ce\u00a0\u00bb n\u2019est pas encore suspendu par le tribunal.<\/p>\n<h1 class=\"h1chrono\">2 septembre<\/h1>\n<p>Pique nique citoyen contre le projet dans le pr\u00e9 de la justice.<\/p>\n<h1 class=\"h1chrono\">3 septembre<\/h1>\n<p>R\u00e9union d\u2019information pour r\u00e9pondre aux questions d\u2019Adret Morvan en pr\u00e9fecture. Adret Morvan a particuli\u00e8rement \u00e9tudi\u00e9 le dossier et les questions tr\u00e8s pr\u00e9cises et trop techniques d\u00e9passent rapidement les capacit\u00e9s de r\u00e9ponse de la Dreal. Erscia, plus simplement, refuse de r\u00e9pondre \u00e0 beaucoup de questions. Le pr\u00e9fet demande instamment \u00e0 Erscia de r\u00e9pondre ult\u00e9rieurement par \u00e9crit, ce qui ne sera jamais fait. Le pr\u00e9fet s\u2019engage aupr\u00e8s d\u2019Adret Morvan devant les \u00e9lus, Ni\u00e8vre am\u00e9nagement, Erscia et la Dreal \u00e0 ce que Ni\u00e8vre am\u00e9nagement n\u2019engage pas les travaux avant la d\u00e9cision du juge. Il s\u2019engage aussi devant les m\u00eames et en conf\u00e9rence de presse \u00e0 attendre le jugement sur le fond si l\u2019arr\u00eat\u00e9 est \u00e0 nouveau suspendu (c\u2019est \u00e0 dire \u00e0 ne pas le retirer pour en sortir un 3e).<\/p>\n<p><center><br \/>\n<script src=\"http:\/\/admin.brightcove.com\/js\/APIModules_all.js\" type=\"text\/javascript\" language=\"JavaScript\"><br \/>\n<script src=\"http:\/\/admin.brightcove.com\/js\/BrightcoveExperiences.js\" type=\"text\/javascript\" language=\"JavaScript\"><br \/>\n<object id=\"bcExperienceObj0\" class=\"BrightcoveExperience\" data=\"http:\/\/c.brightcove.com\/services\/viewer\/federated_f9?&amp;width=480&amp;height=270&amp;flashID=bcExperienceObj0&amp;bgcolor=%23FFFFFF&amp;playerID=1531084582001&amp;playerKey=AQ~~%2CAAABNbwiPVk~%2CtwYcMSzFHUhp2f-zfmlfRtE4lU0qmAJ6&amp;isVid=true&amp;isUI=true&amp;dynamicStreaming=true&amp;thumbNailUrl=http%3A%2F%2Fbrightcove04.o.brightcove.com%2F1330301255001%2F1330301255001_1821361539001_th-5044ec7c4a16b0e490817af1-1083021587001.jpg%3FpubId%3D1330301255001&amp;videoStillUrl=http%3A%2F%2Fbrightcove04.o.brightcove.com%2F1330301255001%2F1330301255001_1821361538001_vs-5044ec7c4a16b0e490817af1-1083021587001.jpg%3FpubId%3D1330301255001&amp;%40videoPlayer=1821330915001&amp;autoStart=&amp;debuggerID=&amp;startTime=1430118613642\" type=\"application\/x-shockwave-flash\" width=\"480\" height=\"270\"><param value=\"always\" name=\"allowScriptAccess\" \/><param value=\"true\" name=\"allowFullScreen\" \/><param value=\"false\" name=\"seamlessTabbing\" \/><param value=\"true\" name=\"swliveconnect\" \/><param value=\"window\" name=\"wmode\" \/><param value=\"high\" name=\"quality\" \/><param value=\"#FFFFFF\" name=\"bgcolor\" \/><\/object><br \/>\n<script type=\"text\/javascript\">\/\/ <![CDATA[\nbrightcove.createExperiences();\n\/\/ ]]><\/center><\/p>\n<h1 class=\"h1chrono\">2 octobre\u00a02012<\/h1>\n<p>Le 2e arr\u00eat\u00e9 est lui aussi suspendu par le TA<\/p>\n<h1 class=\"h1chrono\">17 octobre 2012<\/h1>\n<p>Ni\u00e8vre am\u00e9nagement fait appel devant le Conseil d\u2019\u00c9tat et demande d\u2019annuler la d\u00e9cision de suspension du TA du 2 octobre.<\/p>\n<h1 class=\"h1chrono\">28 octobre<\/h1>\n<p>Assembl\u00e9e g\u00e9n\u00e9rale d\u2019Adret Morvan qui compte maintenant 350 adh\u00e9rents, par la suite, seront distribu\u00e9s en quelques jours, les exemplaires du N\u00b0 1 du journal \u00ab\u00a0l\u2019\u00c9cho des Adrets\u00a0\u00bb dans les boites de la communaut\u00e9 de commune.<br \/>\n<a class=\"lienscorps\" href=\"http:\/\/adretmorvan.org\/wp-content\/pdf\/echo_des_AdretN\u00b01.pdf\" target=\"_blank\" rel=\"noopener noreferrer\">T\u00e9l\u00e9charger l'\u00e9cho des Adret n\u00b01<\/a><\/p>\n<h1 class=\"h1chrono\">10 novembre<\/h1>\n<p>Le d\u00e9lai de 4 mois autorisant un retrait du 2e arr\u00eat\u00e9 de \u00ab\u00a0destruction d\u2019habitat d\u2019esp\u00e8ce\u00a0\u00bb est d\u00e9pass\u00e9. Le pr\u00e9fet Matalon a tenu parole, il ne peut plus le retirer.<\/p>\n<h1 class=\"h1chrono\">29 novembre<\/h1>\n<p>Adret Morvan d\u00e9fend sa position aux assises r\u00e9gionales de la for\u00eat.<\/p>\n<h1 class=\"h1chrono\">15 d\u00e9cembre<\/h1>\n<p>La mairie refuse toujours tout d\u00e9bat contradictoire mais organise une r\u00e9union \u00ab\u00a0 de soutien\u00a0\u00bb \u00e0 Erscia apr\u00e8s en avoir organis\u00e9 une autre avec les commer\u00e7ants<\/p>\n<h1 class=\"h1chrono\">24 d\u00e9cembre<\/h1>\n<p>Le Conseil d\u2019\u00c9tat rejette le pourvoi de Ni\u00e8vre am\u00e9nagement<\/p>\n<h1 class=\"h1chrono\">Fin d\u00e9cembre<\/h1>\n<p>Adret Morvan compte 400 adh\u00e9rents<\/p>\n<h1 class=\"h1chrono\">14 janvier 2013<\/h1>\n<p>Le CNPN rend un deuxi\u00e8me avis d\u00e9favorable mais les \u00e9lus semblent satisfaits\u2026<\/p>\n<h1 class=\"h1chrono\">15 et 16 janvier<\/h1>\n<p>Voyage en Belgique chez IBV, Adret Morvan en retire un reportage film\u00e9 pr\u00e9sent\u00e9 sur le site internet.<br \/>\n<a class=\"lienscorps\" href=\"http:\/\/adretmorvan.org\/notre-reportage-en-belgique-sur-le-site-dibv-le-modele-reduit-de-celle-de-sardy\/\">Notre reportage en Belgique<\/a><\/p>\n<h1 class=\"h1chrono\">4 fevrier<\/h1>\n<p>La nouvelle pr\u00e9f\u00e8te retire le 2e arr\u00eat\u00e9 \u00ab\u00a0destruction d\u2019habitat d\u2019esp\u00e8ce\u00a0\u00bb et le remplace par un 3e de fa\u00e7on tout \u00e0 fait ill\u00e9gale. Il appara\u00eet sur le site de la pr\u00e9fecture le lundi 4 \u00e0 10h. Dans le bois du Troncay, les tron\u00e7onneuses d\u00e9marrent et coupent environ un 1\/2 hectare de bois en vue de cr\u00e9er une \u00ab\u00a0mesure compensatoire\u00a0\u00bb. La cinquantaine de militants d\u2019Adret Morvan et sympathisants, rapidement sur le site, ne peuvent lutter contre les 70 gendarmes mobiles qui prot\u00e8gent les b\u00fbcherons.<\/p>\n<h1 class=\"h1chrono\">5 f\u00e9vrier<\/h1>\n<p>Les manifestants et Adret Morvan d\u00e9cident une occupation jusqu\u2019\u00e0 l\u2019arr\u00eat du projet.<\/p>\n<h1 class=\"h1chrono\">6 f\u00e9vrier<\/h1>\n<p>Premi\u00e8res constructions sur le pr\u00e9 de la justice (avec l\u2019autorisation du propri\u00e9taire) et cr\u00e9ation \u00ab\u00a0officielle\u00a0\u00bb de la ZAD (Zone \u00e0 d\u00e9fendre) par les occupants du site.<\/p>\n<h1 class=\"h1chrono\">Depuis le 4<\/h1>\n<p>et le \u00ab\u00a0coup de pub\u00a0\u00bb de la nouvelle pr\u00e9f\u00e8te, nous avons \u00e9t\u00e9 contraints de refaire notre site, plus complet et plus fluide techniquement pour soutenir les consultations, l\u2019audience des r\u00e9seaux sociaux explose, nous avons mis en place un syst\u00e8me de don par carte bleue depuis le site pour r\u00e9pondre \u00e0 la demande\u2026            <\/p>\n","protected":false},"excerpt":{"rendered":"<p>1999 Roland Jost et Joseph Haas s\u2019associent pour fonder en Belgique IBV (industrie du bois de Vielsalm). Ils promettent emploi et vantent leur activit\u00e9 \u00e9conomique \u00ab verte \u00bb. Rapidement ils&#8230;<\/p>\n","protected":false},"author":1,"featured_media":0,"parent":0,"menu_order":0,"comment_status":"closed","ping_status":"open","template":"","meta":{"footnotes":""},"class_list":["post-345","page","type-page","status-publish","hentry"],"_links":{"self":[{"href":"https:\/\/adretmorvan.org\/index.php\/wp-json\/wp\/v2\/pages\/345","targetHints":{"allow":["GET"]}}],"collection":[{"href":"https:\/\/adretmorvan.org\/index.php\/wp-json\/wp\/v2\/pages"}],"about":[{"href":"https:\/\/adretmorvan.org\/index.php\/wp-json\/wp\/v2\/types\/page"}],"author":[{"embeddable":true,"href":"https:\/\/adretmorvan.org\/index.php\/wp-json\/wp\/v2\/users\/1"}],"replies":[{"embeddable":true,"href":"https:\/\/adretmorvan.org\/index.php\/wp-json\/wp\/v2\/comments?post=345"}],"version-history":[{"count":0,"href":"https:\/\/adretmorvan.org\/index.php\/wp-json\/wp\/v2\/pages\/345\/revisions"}],"wp:attachment":[{"href":"https:\/\/adretmorvan.org\/index.php\/wp-json\/wp\/v2\/media?parent=345"}],"curies":[{"name":"wp","href":"https:\/\/api.w.org\/{rel}","templated":true}]}}