{"id":343,"date":"2015-04-27T08:09:50","date_gmt":"2015-04-27T07:09:50","guid":{"rendered":"http:\/\/adretmorvan.org\/?page_id=343"},"modified":"2015-04-27T08:09:50","modified_gmt":"2015-04-27T07:09:50","slug":"un-bilan-carbone-desastreux","status":"publish","type":"page","link":"https:\/\/adretmorvan.org\/index.php\/un-bilan-carbone-desastreux\/","title":{"rendered":"Un bilan carbone d\u00e9sastreux"},"content":{"rendered":"<p> Les promoteurs du projet Erscia parlent d\u2019\u00e9nergie verte, mais ce projet est une aberration en terme de<br \/>\nbilan carbone. En effet, l\u2019essentiel de l\u2019\u00e9conomie du projet repose sur le prix de rachat de l\u2019\u00e9lectricit\u00e9<br \/>\ndite \u00ab verte \u00bb subventionn\u00e9e par l\u2019Europe au titre de la r\u00e9duction des \u00e9missions de carbone. Or, les<br \/>\nm\u00e9gas structures telles que Erscia, en raison de leur gigantisme,aggravent consid\u00e9rablement le bilan<br \/>\ncarbone du fait de l\u2019\u00e9norme activit\u00e9 de transports qu\u2019elles n\u00e9cessitent. Par ailleurs,le prix de rachat<br \/>\nsur\u00e9valu\u00e9 encourage tous les exc\u00e8s et toutes les aberrrations \u00e9conomiques et \u00e9cologiques.<br \/>\nEn effet Erscia :<\/p>\n<table>\n<tbody>\n<tr>\n<td width=\"30px\"><\/td>\n<td>\n<li>ach\u00e8te sa mati\u00e8re premi\u00e8re \u00e0 300km \u00e0 la ronde et il faut donc la transporter,<\/li>\n<li>fabrique des pelets (granul\u00e9s) \u00e0 base de sciure verte qu\u2019il faut s\u00e9cher,<\/li>\n<li>exporte ces m\u00eame pelets en Belgique (500km) par contrat d\u2019exclusivit\u00e9 avec Electrabel,<\/li>\n<li>br\u00fblent du bois pour fabriquer de l\u2019\u00e9lectricit\u00e9, soit la plus mauvaise utilisation de bois en terme de<br \/>\nrendement \u00e9nerg\u00e9tique.<\/li>\n<\/td>\n<\/tr>\n<\/tbody>\n<\/table>\n<p>\nCette politique a \u00e9t\u00e9 initialement con\u00e7ue pour r\u00e9duire rapidement le bilan carbone europ\u00e9en ; mais par<br \/>\nses effets pervers elle aboutit au r\u00e9sultat inverse et l\u2019Europe, notamment \u00e0 travers son Parlement,<br \/>\ncommence \u00e0 en prendre conscience. Dans les ann\u00e9es qui viennent, l\u2019Europe et les Etats seront<br \/>\nconduits \u00e0 modifier cette politique et la rentabilit\u00e9 d\u2019Erscia chutera&#8230; sauf \u00e0 br\u00fbler toujours plus de<br \/>\nd\u00e9chets !<br \/>\nLes extraits du livre blanc des \u00e9nergies renouvelables r\u00e9alis\u00e9 par le syndicats des \u00c9nergies<br \/>\nrenouvelables montrent tr\u00e8s clairement que cette politique n\u2019a pas d\u2019avenir<\/p>\n<h1>Extrait du livre blanc des \u00e9nergies renouvelables<\/h1>\n<h5>(Syndicat des Energies Renouvelables <a href=\"http:\/\/www.enr.fr\/\" class=\"lienscorps\">http:\/\/www.enr.fr\/<\/a>)<\/h5>\n<p><b>Le 29 mars dernier, le Parlement europ\u00e9en a demand\u00e9 que les r\u00e8gles de calcul des \u00e9missions de<br \/>\ncarbone soient r\u00e9vis\u00e9es en ce qui concerne les \u00e9missions g\u00e9n\u00e9r\u00e9es par la biomasse. Dans les<br \/>\ncercles europ\u00e9ens, le sujet est d\u2019importance.<br \/>\n<\/b><br \/>\n<br \/>\n\u00ab Nous payons les gens pour qu\u2019ils abattent leurs for\u00eats au nom de la r\u00e9duction des \u00e9missions de gaz<br \/>\n\u00e0 effet de serre et nous continuons d\u2019\u00e9mettre plus de carbone. Personne ne daigne pourtant analyser<br \/>\nla situation \u00bb, a expliqu\u00e9 \u00e0 EurActiv une personne proche du dossier.<br \/>\nEnviron la moiti\u00e9 de l\u2019objectif europ\u00e9en de 20 % d\u2019\u00e9nergies renouvelables dans le bouquet \u00e9nerg\u00e9tique<br \/>\nd\u2019ici 2020 d\u00e9pendra de la biomasse issue de sources telles que le bois, les d\u00e9chets et les cultures et<br \/>\nr\u00e9sidus agricoles, selon les plans d\u2019action nationaux des Etats de l\u2019UE.<br \/>\nLe bois repr\u00e9sente une bonne part de cet objectif et est consid\u00e9r\u00e9 par l\u2019UE comme \u00ab neutre en<br \/>\ncarbone\u00bb, ce qui entra\u00eene l\u2019octroi de subvention, de tarifs de rachat et de primes au niveau national.<br \/>\nToutefois, en raison du d\u00e9calage entre la dette carbone caus\u00e9e par la coupe d\u2019un arbre qui est ensuite<br \/>\ntransport\u00e9 et br\u00fbl\u00e9, et le temps qu\u2019il faut pour qu\u2019un nouvel arbre soit suffisamment d\u00e9velopp\u00e9 pour<br \/>\nabsorber autant de carbone que celui d\u2019avant, la biomasse accro\u00eet les concentrations de CO2 dans<br \/>\nl\u2019atmosph\u00e8re.<\/p>\n<p><b>Neutralit\u00e9 carbone<br \/>\n<\/b><br \/>\n\u00ab Il est faux de pr\u00e9tendre que la bio\u00e9nergie est neutre en carbone par d\u00e9finition, tout d\u00e9pend de ce<br \/>\nqu\u2019on utilise pour la remplacer \u00bb, a expliqu\u00e9 \u00e0 EurActiv Bruxelles le professeur Delfet Sprinz, directeur<br \/>\ndu Comit\u00e9 scientifique ind\u00e9pendant qui conseille l\u2019Agence europ\u00e9enne pour l\u2019environnement (AEE).<br \/>\n\u00ab Si vous remplacez une for\u00eat en pleine croissance par des cultures \u00e9nerg\u00e9tiques conform\u00e9ment aux<br \/>\nr\u00e8gles de calcul actuellement en vigueur dans l\u2019UE, il est possible que vous accroissiez les \u00e9missions<br \/>\nde gaz \u00e0 effet de serre. \u00bb<br \/>\n<u>En septembre dernier, le Comit\u00e9 scientifique de l\u2019AEE a affirm\u00e9<\/u> dans un avis qu\u2019une l\u00e9gislation<br \/>\nqui encourageait le remplacement des carburants fossiles par des bio\u00e9nergies, sans prendre en<br \/>\ncompte la source de la biomasse, pourrait r\u00e9sulter en une augmentation des \u00e9missions de carbone,<br \/>\nacc\u00e9l\u00e9rant ainsi le r\u00e9chauffement climatique.<br \/>\nLe <u>Groupe intergouvernemental sur l\u2019\u00e9volution du climat (GIEC) affirme lui aussi<\/u> que la biomasse ne<br \/>\npeut \u00eatre consid\u00e9r\u00e9e comme neutre en carbone que si tous les impacts sur l\u2019utilisation des terres ont<br \/>\n\u00e9t\u00e9 pris en compte.<br \/>\nL\u2019UE est consciente de ce probl\u00e8me. Une proposition visant \u00e0 \u00e9tablir des crit\u00e8res contraignants pour<br \/>\nla biomasse dans la production \u00e9nerg\u00e9tique est attendue pour cette ann\u00e9e. Mais elle pourrait \u00eatre \u00e0<br \/>\nnouveau report\u00e9e.<br \/>\nLes pays scandinaves riches en for\u00eats s\u2019opposent \u00e0 ces nouveaux crit\u00e8res, la Finlande et la Su\u00e8de<br \/>\nproduisant 20 % et 16 % respectivement de leur \u00e9nergie \u00e0 partir de la biomasse. L\u2019industrie, quant<br \/>\n\u00e0 elle, serait surtout en faveur de crit\u00e8res qui ne prendraient pas en compte les \u00e9missions de la<br \/>\ncombustion et les pertes de carbone r\u00e9sultant de la combustion du bois.<br \/>\nLes Etats-Unis ont une longueur d\u2019avance sur l\u2019Europe en mati\u00e8re de crit\u00e8res de durabilit\u00e9.<br \/>\nL\u2019Environmental Protection Agency am\u00e9ricaine a d\u00e9j\u00e0 men\u00e9 une <u>consultation publique<\/u> sur la mani\u00e8re<br \/>\nde calculer les \u00e9missions issues de la combustion de la biomasse et a soumis une <u>proposition<br \/>\nl\u00e9gislative<\/u>.            <\/p>\n","protected":false},"excerpt":{"rendered":"<p>Les promoteurs du projet Erscia parlent d\u2019\u00e9nergie verte, mais ce projet est une aberration en terme de bilan carbone. En effet, l\u2019essentiel de l\u2019\u00e9conomie du projet repose sur le prix&#8230;<\/p>\n","protected":false},"author":1,"featured_media":0,"parent":0,"menu_order":0,"comment_status":"closed","ping_status":"open","template":"","meta":{"footnotes":""},"class_list":["post-343","page","type-page","status-publish","hentry"],"_links":{"self":[{"href":"https:\/\/adretmorvan.org\/index.php\/wp-json\/wp\/v2\/pages\/343","targetHints":{"allow":["GET"]}}],"collection":[{"href":"https:\/\/adretmorvan.org\/index.php\/wp-json\/wp\/v2\/pages"}],"about":[{"href":"https:\/\/adretmorvan.org\/index.php\/wp-json\/wp\/v2\/types\/page"}],"author":[{"embeddable":true,"href":"https:\/\/adretmorvan.org\/index.php\/wp-json\/wp\/v2\/users\/1"}],"replies":[{"embeddable":true,"href":"https:\/\/adretmorvan.org\/index.php\/wp-json\/wp\/v2\/comments?post=343"}],"version-history":[{"count":0,"href":"https:\/\/adretmorvan.org\/index.php\/wp-json\/wp\/v2\/pages\/343\/revisions"}],"wp:attachment":[{"href":"https:\/\/adretmorvan.org\/index.php\/wp-json\/wp\/v2\/media?parent=343"}],"curies":[{"name":"wp","href":"https:\/\/api.w.org\/{rel}","templated":true}]}}