{"id":341,"date":"2015-04-27T08:06:42","date_gmt":"2015-04-27T07:06:42","guid":{"rendered":"http:\/\/adretmorvan.org\/?page_id=341"},"modified":"2015-04-27T08:06:42","modified_gmt":"2015-04-27T07:06:42","slug":"un-impact-sur-la-foret-desastreux","status":"publish","type":"page","link":"https:\/\/adretmorvan.org\/index.php\/un-impact-sur-la-foret-desastreux\/","title":{"rendered":"Un impact sur la for\u00eat d\u00e9sastreux"},"content":{"rendered":"<p>\t<br \/>\nErscia c&#8217;est une logique qui conduit \u00e0 la monoculture industrielle bas de gamme en vue de produire de la biomasse en quantit\u00e9 au d\u00e9triment de l&#8217;avenir. C&#8217;est aussi pour la fili\u00e8re bois une concurrence d\u00e9loyale qui va d\u00e9stabiliser le march\u00e9 gr\u00e2ce aux bonus de l&#8217;\u00e9lectricit\u00e9 \u00ab&nbsp;verte&nbsp;\u00bb, qui entrainera la faillite, m\u00eame au-del\u00e0 des scieries, de ceux qui sont en concurrence pour la m\u00eame ressource. D&#8217;ailleurs, Erscia, face aux protestations de la fili\u00e8re, apr\u00e8s avoir indiqu\u00e9 s&#8217;installer au pied de la ressource, indique dans le dossier vouloir s&#8217;approvisionner essentiellement dans un cercle de 300 km, puis resserrer ses circuits d&#8217;approvisionnement sur le Morvan dans les ann\u00e9es \u00e0 venir. Curieux de vouloir s&#8217;approvisionner dans le Morvan au moment o\u00f9 la ressource faiblit ! Sauf si les concurrents ont d\u00e9pos\u00e9 le bilan d&#8217;ici l\u00e0&#8230;<\/p>\n<h1>Erscia aggravera la pression sur la ressource et d\u00e9truira de l&#8217;emploi<\/h1>\n<p>Les \u00e9tudes synth\u00e9tis\u00e9es dans les publications du Parc naturel du Morvan montrent que d\u00e8s 2020, sans compter l\u2019implantation d\u2019Erscia, la ressource sera inf\u00e9rieure aux capacit\u00e9s de sciage.<br \/>\nImplanter Erscia est \u00e0 la fois destructeur pour la for\u00eat et irrationnel \u00e9conomiquement. \u00c0 partir de 2020, des scieries (et pas seulement les petites) devront dispara\u00eetre. L\u2019exploitation industrielle de la for\u00eat nous conduit \u00e0 une baisse de la ressource maintenant inexorable \u00e0 partir de 2020 pour aller vers un trou de production de 30 \u00e0 40 ans&#8230; Chacun sait que l\u2019\u00e9talement des coupes est la seule solution pour att\u00e9nuer l\u2019incidence du choc \u00e9conomique, \u00e9cologique et social qui se pr\u00e9pare. Plus on incitera aux coupes avec des capacit\u00e9s de sciage \u00e9lev\u00e9es, plus le ph\u00e9nom\u00e8ne sera violent, notamment en termes d\u2019emplois, et ce d\u00e8s 2020.<\/p>\n<h1>La d\u00e9gradation de l&#8217;\u00e9cologie foresti\u00e8re sera importante<\/h1>\n<p>Malgr\u00e9 les recommandations du parc, la for\u00eat du Morvan est g\u00e9r\u00e9e comme un placement boursier qui doit rapporter le maximum, quelles que soient les cons\u00e9quences pour l\u2019avenir.<\/p>\n<p>L\u2019enr\u00e9sinement va continuer \u00e0 progresser au d\u00e9triment des feuillus, consid\u00e9r\u00e9s comme pas assez rentables. Pourtant, une gestion responsable des feuillus peut \u00eatre rentable comme le prouve le groupement forestier d\u2019Autun Morvan \u00c9cologie et quelques propri\u00e9taires responsables. Certains sp\u00e9cialistes affirment m\u00eame qu&#8217;\u00e0 l&#8217;avenir la valeur ajout\u00e9e sera apport\u00e9e par  les feuillus et non par des r\u00e9sineux bas de gamme en concurrence avec ceux produits par les pays nordiques, beaucoup plus faciles \u00e0 exploiter.<\/p>\n<p>Les sols, acidifi\u00e9s par les r\u00e9sineux et par une rotation trop rapide, vont s\u2019appauvrir comme le montre \u00e9galement la litt\u00e9rature du Parc. Ce processus sera aggrav\u00e9 par le retrait des d\u00e9chets de sylviculture des for\u00eats qui vont finir dans les fours d\u2019Erscia au lieu de se d\u00e9grader sur place pour enrichir le sol. Faudra-t-il, comme dans certains pays du nord, \u00eatre contraint de proc\u00e9der \u00e0 des apports d\u2019engrais par h\u00e9licopt\u00e8res pour maintenir la production \u00e0 un niveau assez rentable&nbsp;?<\/p>\n<p>Le Morvan sera d\u00e9vast\u00e9, son \u00e9cologie et sa biodiversit\u00e9 d\u00e9s\u00e9quilibr\u00e9es, ses paysages ravag\u00e9s, l\u2019avenir de nos enfants compromis&#8230; <\/p>\n<p>Erscia aggraverait la situation, et surtout, rendrait irr\u00e9versible la monoculture industrielle \u00e0 rotation courte&#8230; il faudrait bien continuer d&#8217;alimenter les fours !<\/p>\n<h1>Les politiques le savent mais n&#8217;en tiennent pas compte<\/h1>\n<p>Les \u00e9tudes ont \u00e9t\u00e9 faites, le comit\u00e9 scientifique du parc a d\u00e9fini des orientations, des rapports \u00e0 des sp\u00e9cialistes ont \u00e9t\u00e9 command\u00e9s (certains sont aujourd&#8217;hui gard\u00e9s secrets) qui confirment nos analyses, par ailleurs tr\u00e8s proches de celle du parc.<br \/>\nD\u2019une main nos \u00e9lus signent la charte foresti\u00e8re du Morvan soucieuse d\u2019un d\u00e9veloppement local \u00e9quilibr\u00e9 de la fili\u00e8re bois ainsi que d\u2019une gestion saine de la ressource, et de l\u2019autre les m\u00eames  soutiennent l\u2019implantation d\u2019Erscia qui est \u00e0 l\u2019oppos\u00e9 de toutes les recommandations de la charte. <\/p>\n<p>Quant \u00e0 la logique qui consiste \u00e0 cr\u00e9er de l\u2019emploi en 2015 tout en sachant qu\u2019il contribuera \u00e0 en supprimer plus vite et plus fort d\u00e8s 2020, elle nous d\u00e9passe un peu&#8230; sauf si la seule projection dans l&#8217;avenir dont ils sont capables est d&#8217;au maximum un mandat \u00e9lectoral&#8230;            <\/p>\n","protected":false},"excerpt":{"rendered":"<p>Erscia c&#8217;est une logique qui conduit \u00e0 la monoculture industrielle bas de gamme en vue de produire de la biomasse en quantit\u00e9 au d\u00e9triment de l&#8217;avenir. C&#8217;est aussi pour la&#8230;<\/p>\n","protected":false},"author":1,"featured_media":0,"parent":0,"menu_order":0,"comment_status":"closed","ping_status":"open","template":"","meta":{"footnotes":""},"class_list":["post-341","page","type-page","status-publish","hentry"],"_links":{"self":[{"href":"https:\/\/adretmorvan.org\/index.php\/wp-json\/wp\/v2\/pages\/341","targetHints":{"allow":["GET"]}}],"collection":[{"href":"https:\/\/adretmorvan.org\/index.php\/wp-json\/wp\/v2\/pages"}],"about":[{"href":"https:\/\/adretmorvan.org\/index.php\/wp-json\/wp\/v2\/types\/page"}],"author":[{"embeddable":true,"href":"https:\/\/adretmorvan.org\/index.php\/wp-json\/wp\/v2\/users\/1"}],"replies":[{"embeddable":true,"href":"https:\/\/adretmorvan.org\/index.php\/wp-json\/wp\/v2\/comments?post=341"}],"version-history":[{"count":0,"href":"https:\/\/adretmorvan.org\/index.php\/wp-json\/wp\/v2\/pages\/341\/revisions"}],"wp:attachment":[{"href":"https:\/\/adretmorvan.org\/index.php\/wp-json\/wp\/v2\/media?parent=341"}],"curies":[{"name":"wp","href":"https:\/\/api.w.org\/{rel}","templated":true}]}}