{"id":338,"date":"2015-04-27T08:04:53","date_gmt":"2015-04-27T07:04:53","guid":{"rendered":"http:\/\/adretmorvan.org\/?page_id=338"},"modified":"2015-04-27T08:05:21","modified_gmt":"2015-04-27T07:05:21","slug":"parlons-demploi","status":"publish","type":"page","link":"https:\/\/adretmorvan.org\/index.php\/parlons-demploi\/","title":{"rendered":"Parlons d\u2019emploi"},"content":{"rendered":"<p> <b>L\u2019implantation de cet incin\u00e9rateur orienterait de mani\u00e8re irr\u00e9versible le mode de d\u00e9veloppement de la communaut\u00e9 de communes. Un tel virage, qui influerait sur le mode de vie de<br \/>\ntoute la r\u00e9gion, doit-il \u00eatre pris sans d\u00e9bat et sans concertation, comme c\u2019est le cas ? Nous<br \/>\nne le pensons pas.<\/b><\/p>\n<h1>Une incidence n\u00e9gative sur les composantes<br \/>\nde la population<\/h1>\n<p>En effet, la baisse d\u00e9mographique, due \u00e0 l\u2019exode rural, a \u00e9t\u00e9 en partie compens\u00e9e dans notre<br \/>\nr\u00e9gion par l\u2019implantation de nouveaux venus, dont effectivement une part de retrait\u00e9s, stigmatis\u00e9s<br \/>\naujourd\u2019hui par les \u00e9lus, mais aussi d\u2019un certain nombre d\u2019actifs. Ce poumon vert qu\u2019est encore le<br \/>\nMorvan, \u00e0 quelques heures de Paris, attire nombre de r\u00e9sidents temporaires qui contribuent de fa\u00e7on<br \/>\nsensible \u00e0 la vitalit\u00e9 des commerces et de l\u2019artisanat. Un territoire peut-il mettre de c\u00f4t\u00e9 une partie de<br \/>\nsa population ? Chaque habitant, quelles que soient ses origines et son activit\u00e9, est partie int\u00e9grante<br \/>\nd\u2019un territoire et contribue \u00e0 sa richesse, en pr\u00e9servant sa diversit\u00e9 et en fortifiant son dynamisme.<br \/>\nEffectivement, parmi eux, nombreux sont ceux qui ont fui la pollution et qui se sont install\u00e9s ici \u00e0 la<br \/>\nrecherche d\u2019une meilleure qualit\u00e9 environnementale ; mais jusqu\u2019\u00e0 quand ?<br \/>\nL\u2019incin\u00e9rateur sera tr\u00e8s polluant et nous le r\u00e9affirmons clairement. Le mod\u00e8le industriel et polluant<br \/>\nque l\u2019on nous impose sans d\u00e9bat, va bien \u00e9videmment conduire \u00e0 faire fuir ou freiner l\u2019arriv\u00e9e d\u2019une<br \/>\npartie non n\u00e9gligeable de cette population, impactant ainsi n\u00e9gativement l\u2019\u00e9conomie locale.<\/p>\n<h1>La baisse de la qualit\u00e9 de la vie et la circulation de<br \/>\ncamions auront, comme en Belgique, une incidence sur le<br \/>\ncommerce \u00e0 Corbigny<br \/>\n<\/h1>\n<p>La pollution aura un impact tr\u00e8s fort sur l\u2019air, l\u2019eau et sur la terre jusqu\u2019\u00e0 Corbigny et un impact tr\u00e8s<br \/>\nsensible aux alentours de 10-15 km, d\u00e9tectable jusqu\u2019\u00e0 30 km dans les zones pr\u00e9serv\u00e9es d\u2019autres<br \/>\nsources polluantes (m\u00e9taux lourds dioxine notamment) via la chemin\u00e9e haute de 50 m (18 \u00e9tages) et<br \/>\nde 2 m de diam\u00e8tre. L\u2019eau de la rivi\u00e8re en aval ne sera plus vivable pour les poissons et probablement<br \/>\ncolonis\u00e9e par les algues vertes.<br \/>\nLe trafic des camions dans Corbigny va rendre la vie des habitants tr\u00e8s difficile. Nos \u00e9lus font comme<br \/>\nsi ces 170 camions jours n\u2019existaient pas ! (1 camion toutes les 4 minutes ! bas\u00e9 sur une ouverture<br \/>\ndu site de 12 heures\/jour). Ces chiffres sont directement issus du dossier et des calculs de la soci\u00e9t\u00e9<br \/>\nErscia. Nous pensons qu\u2019ils sont largement sous-\u00e9valu\u00e9s.<br \/>\nUn exemple : la r\u00e9union en pr\u00e9fecture a montr\u00e9 que la construction ou la r\u00e9novation de la voie ferr\u00e9e<br \/>\nn\u2019est pas du tout garantie par le projet alors qu\u2019elle est prise en compte pour minimiser le calcul du<br \/>\ntrafic routier &#8230; Lorsque, comme en Belgique, les accidents avec les personnes \u00e2g\u00e9es et les enfants se<br \/>\nmultiplieront*, les \u00e9lus seront seuls face \u00e0 leurs responsabilit\u00e9s.<br \/>\nIl est inimaginable que ces nuisances directes n\u2019aient pas d\u2019incidence sur la d\u00e9mographie, impactant<br \/>\nn\u00e9gativement l\u2019\u00e9conomie locale. \u00c0 Burtonville (Belgique), l\u2019implantation d\u2019IBV (usine proche de la<br \/>\nn\u00f4tre) avec son trafic induit a provoqu\u00e9 la ruine du centre commer\u00e7ant du village.<\/p>\n<h1>Les incidences \u00e9conomiques risquent d\u2019\u00eatre tr\u00e8s graves en cas<br \/>\nd\u2019accident.<br \/>\n<\/h1>\n<p>Le d\u00e9cret autorise, en cas d\u2019accident, un rejet sans filtration pendant 60 h par an, soit un total de 12 000 fois<br \/>\nla maximale annuelle autoris\u00e9e ! Dans une telle hypoth\u00e8se, les rejets deviennent comparables aux cas les<br \/>\nplus graves avec une incidence av\u00e9r\u00e9e sur la sant\u00e9 humaine, sur le b\u00e9tail, sur l\u2019agriculture&#8230; et donc \u00e0 tr\u00e8s fort<br \/>\nimpact \u00e9conomique et social.<\/p>\n<h1>\u00c0 contrario les cr\u00e9ations d\u2019emplois sont visiblement sur\u00e9valu\u00e9es<br \/>\n<\/h1>\n<p>Fruytier qui \u00e9tait candidat sur le site en 2007, \u00e9voquait aussi 120 emplois, finalement install\u00e9 \u00e0 La-<br \/>\nRoche-en-Bresnil, il en a cr\u00e9\u00e9 50 \u00e0 ce jour.<br \/>\nLes ratios \u00e9voqu\u00e9s dans les textes publi\u00e9s par le parc conduisent \u00e0 80 emplois maximum&#8230; (voir<br \/>\nbr\u00e8ve ci-contre \u00abextrait de la charte foresti\u00e8re 2012-2015).<\/p>\n<h1>Beaucoup plus grave, l\u2019incin\u00e9rateur cr\u00e9e tr\u00e8s peu d\u2019emplois et la<br \/>\npartie scierie n\u2019a pas d\u2019avenir durable.<br \/>\n<\/h1>\n<p>Les \u00e9tudes synth\u00e9tis\u00e9es dans les publications du Parc naturel du Morvan montrent que d\u00e8s 2020,<br \/>\nsans compter l\u2019implantation d\u2019Erscia, la ressource sera inf\u00e9rieure aux capacit\u00e9s de sciage.<br \/>\nImplanter Erscia est \u00e0 la fois destructeur pour la for\u00eat et irrationnel \u00e9conomiquement. \u00c0 partir de 2020, des<br \/>\nscieries (et pas seulement les petites) devront dispara\u00eetre. L\u2019exploitation industrielle de la for\u00eat nous conduit<br \/>\n\u00e0 une baisse de la ressource maintenant inexorable \u00e0 partir de 2020 pour aller vers un trou de production de<br \/>\n30 \u00e0 40 ans&#8230; Chacun sait que l\u2019\u00e9talement des coupes est la seule solution pour att\u00e9nuer l\u2019incidence du choc<br \/>\n\u00e9conomique, \u00e9cologique et social qui se pr\u00e9pare. Plus on incitera aux coupes avec des capacit\u00e9s de sciage<br \/>\n\u00e9lev\u00e9es, plus le ph\u00e9nom\u00e8ne sera violent, notamment en termes d\u2019emplois, et ce d\u00e8s 2020.<br \/>\nFace aux critiques des professionnels du bois, M. Jacob (PDG d\u2019Erscia), apr\u00e8s avoir indiqu\u00e9 qu\u2019il s\u2019installait<br \/>\nau pied de la ressource (journal du centre en 2010), avance maintenant un pr\u00e9l\u00e8vement dans le Morvan<br \/>\nde 4 % et le reste dans un p\u00e9rim\u00e8tre de 300 km, notamment en Auvergne, r\u00e9gion cit\u00e9e plusieurs fois par<br \/>\nM. Jacob \u00e0 la r\u00e9union chez le pr\u00e9fet. Incoh\u00e9rence totale car pour qu\u2019une telle unit\u00e9 soit viable, il lui faut la<br \/>\ngarantie d\u2019un approvisionnement p\u00e9renne dans un rayon de 100 km maximum. (Audit sur les for\u00eats du<br \/>\nMassif Central de janvier 2012).<br \/>\nPar ailleurs, le co\u00fbt de transport, qui risque d\u2019exploser dans les ann\u00e9es \u00e0 venir, ne peut qu\u2019aggraver ce<br \/>\nph\u00e9nom\u00e8ne.<br \/>\n<u>Conclusion :<\/u> Implanter cette usine provoquerait la destruction in\u00e9luctable d\u2019emplois vers 2020 dans la<br \/>\nfili\u00e8re bois. Pas grave pour M. Jacob qui affirme que \u00abLe bois r\u00e9sineux correspondant aux qualit\u00e9s requises<br \/>\npour les produits finaux de la scierie Erscia France sera en quantit\u00e9 largement suffisante pour la dur\u00e9e<br \/>\nd\u2019amortissement de l\u2019usine\u00bb (gens du Morvan 28 avril 2012)! Et apr\u00e8s ?<\/p>\n<h1>\u00ab Aucune \u00e9tude d\u2019impact sur l\u2019emploi (cr\u00e9ation \/destruction) n\u2019a<br \/>\n\u00e9t\u00e9 faite \u00bb, nous a-t-on confirm\u00e9 lors de la r\u00e9union en pr\u00e9fecture !<br \/>\n<\/h1>\n<p>Tout se passe comme si le mot \u00ab emploi \u00bb emp\u00eachait nos \u00e9lus de r\u00e9fl\u00e9chir. Pourtant, l\u2019\u00e9tude du<br \/>\ndossier montre que les cr\u00e9ations seront inf\u00e9rieures aux chiffres avanc\u00e9s et que, parall\u00e8lement, un<br \/>\ntel projet en d\u00e9truira dans d\u2019autres domaines. Mais personne ne songe \u00e0 engager une \u00e9tude s\u00e9rieuse<br \/>\nsur le sujet ! Une telle l\u00e9g\u00e8ret\u00e9 nous semble condamnable pour un projet dont les g\u00e9n\u00e9rations futures<br \/>\nsubiront les cons\u00e9quences et paieront de leur sant\u00e9 les nuisances.<br \/>\n<\/p>\n<h1>Vers un projet pay\u00e9 par le contribuable \u00e0 90 % !<br \/>\n<\/h1>\n<p>Les chiffres diffus\u00e9s par l\u2019entreprise avancent un total de subventions avoisinant les 15 %.<br \/>\nSauf qu\u2019il est maintenant de notori\u00e9t\u00e9 publique que M. Jacob n\u2019a pas obtenu les financements priv\u00e9s<br \/>\nqu\u2019il escomptait. M\u00eame les banquiers ne croient pas au projet&#8230;! Qu\u2019\u00e0 cela ne tienne, M. Jacob a d\u00e9pos\u00e9<br \/>\nau d\u00e9but de l\u2019\u00e9t\u00e9 une demande de subvention de 75 % du projet dans le cadre des \u00ab grands projets<br \/>\neurop\u00e9ens \u00bb ! 75 %+15 %, on frise les 90 % de subventions !<br \/> Et 90 % de 155 millions d\u2019euros cela<br \/>\nrepr\u00e9sente 8 000 ann\u00e9es de SMIC (incluant les charges patronales !), soit le salaire de 200 personnes<br \/>\nau SMIC pendant 40 ans ! Cela repr\u00e9sente m\u00eame plus puisque Erscia, est exon\u00e9r\u00e9 de charges patronales<br \/>\npendant 6 ans ! L\u2019ensemble pay\u00e9 avec nos imp\u00f4ts ! Tout \u00e7a pour cr\u00e9er un maximum de 80 emplois<br \/>\nqui auront une dur\u00e9e probable de 10 ans, le tout en supprimant d\u2019autre activit\u00e9s, en saccageant<br \/>\nl\u2019environnement et l\u2019avenir de nos enfants !<br \/>\nSi M. Jacob obtient ces subventions, nous pouvons gager que Sadry tiendra une bonne place dans les<br \/>\nprochains rapports de la Cour des comptes&#8230; Quelle gabegie \u00e0 l\u2019heure o\u00f9 l\u2019on demande des efforts \u00e0<br \/>\ntous pour sortir le pays de l\u2019orni\u00e8re.<\/p>\n<h1>L\u2019\u00e9lectricit\u00e9 dite \u00ab verte \u00bb \u00e0 trois fois le prix du march\u00e9, financ\u00e9e<br \/>\npar les abonn\u00e9s. Un mod\u00e8le \u00e9conomique qui risque de s\u2019effondrer<br \/>\nrapidement.<br \/>\n<\/h1>\n<p>L\u2019essentiel de l\u2019\u00e9conomie du projet repose sur le prix de rachat de l\u2019\u00e9lectricit\u00e9 dite \u00ab verte \u00bb<br \/>\nsubventionn\u00e9e par l\u2019Europe au titre de la r\u00e9duction des \u00e9missions de carbone. Or, les m\u00e9ga-structures<br \/>\ntelles que Erscia, en raison de leur gigantisme, aggravent consid\u00e9rablement le bilan carbone du<br \/>\nfait de l\u2019\u00e9norme activit\u00e9 de transports qu\u2019elles n\u00e9cessitent. Par ailleurs, le prix de rachat sur\u00e9valu\u00e9<br \/>\nencourage tous les exc\u00e8s et toutes les aberrations \u00e9conomiques et \u00e9cologiques.<br \/>\nEn effet Erscia :<\/p>\n<li>ach\u00e8te sa mati\u00e8re premi\u00e8re \u00e0 300 km \u00e0 la ronde et il faut donc la transporter,<\/li>\n<li>fabrique des pellets (granul\u00e9s) \u00e0 base de sciure verte qu\u2019il faut s\u00e9cher,<\/li>\n<li>exporte ces m\u00eames pellets en Belgique (500 km) par contrat d\u2019exclusivit\u00e9 avec Electrabel,<\/li>\n<li>br\u00fblent du bois pour fabriquer de l\u2019\u00e9lectricit\u00e9, soit la plus mauvaise utilisation du bois en terme de<br \/>\nrendement \u00e9nerg\u00e9tique.<\/li>\n<p>Cette politique a \u00e9t\u00e9 initialement con\u00e7ue pour r\u00e9duire rapidement le bilan carbone europ\u00e9en. Mais par<br \/>\nses effets pervers elle aboutit au r\u00e9sultat inverse et l\u2019Europe, notamment \u00e0 travers son Parlement,<br \/>\ncommence \u00e0 en prendre conscience. Dans les ann\u00e9es qui viennent, l\u2019Europe et les \u00c9tats seront<br \/>\nconduits \u00e0 modifier cette politique et la rentabilit\u00e9 d\u2019Erscia chutera&#8230; sauf \u00e0 br\u00fbler toujours plus de<br \/>\nd\u00e9chets !<br \/>\nLes extraits du livre blanc des \u00e9nergies renouvelables r\u00e9alis\u00e9 par les syndicats des \u00c9nergies<br \/>\nrenouvelables montrent tr\u00e8s clairement que cette politique n\u2019a pas d\u2019avenir.<\/p>\n<h1>Pourtant des solutions existent<br \/>\n<\/h1>\n<p>Opposer environnement et cr\u00e9ation d\u2019emplois dans le Morvan est une posture r\u00e9trograde et une<br \/>\naberration \u00e9conomique. D\u00e9truire les emplois de demain pour cr\u00e9er ceux d\u2019aujourd\u2019hui rel\u00e8ve d\u2019un<br \/>\ncomportement irresponsable.<br \/>\nLa richesse sera pour les ann\u00e9es \u00e0 venir dans les territoires qui auront su pr\u00e9server l\u2019environnement<br \/>\net la biodiversit\u00e9 qui deviennent de plus en plus rare. L\u2019\u00e9volution du monde montre que cette richesse<br \/>\nest \u00e0 consid\u00e9rer comme un capital y compris un capital \u00e9conomique. Fort de ses 400 adh\u00e9rents et<br \/>\ndes comp\u00e9tences qu\u2019ils rec\u00e8lent, Adret Morvan \u00e9tudie les contributions au d\u00e9veloppement et \u00e0 la<br \/>\ncr\u00e9ation d\u2019emplois dans le respect de l\u2019environnement. Des propositions concr\u00e8tes seront faites aux<br \/>\n\u00e9lus d\u2019ici peu.            <\/p>\n","protected":false},"excerpt":{"rendered":"<p>L\u2019implantation de cet incin\u00e9rateur orienterait de mani\u00e8re irr\u00e9versible le mode de d\u00e9veloppement de la communaut\u00e9 de communes. Un tel virage, qui influerait sur le mode de vie de toute la&#8230;<\/p>\n","protected":false},"author":1,"featured_media":0,"parent":0,"menu_order":0,"comment_status":"closed","ping_status":"open","template":"","meta":{"footnotes":""},"class_list":["post-338","page","type-page","status-publish","hentry"],"_links":{"self":[{"href":"https:\/\/adretmorvan.org\/index.php\/wp-json\/wp\/v2\/pages\/338","targetHints":{"allow":["GET"]}}],"collection":[{"href":"https:\/\/adretmorvan.org\/index.php\/wp-json\/wp\/v2\/pages"}],"about":[{"href":"https:\/\/adretmorvan.org\/index.php\/wp-json\/wp\/v2\/types\/page"}],"author":[{"embeddable":true,"href":"https:\/\/adretmorvan.org\/index.php\/wp-json\/wp\/v2\/users\/1"}],"replies":[{"embeddable":true,"href":"https:\/\/adretmorvan.org\/index.php\/wp-json\/wp\/v2\/comments?post=338"}],"version-history":[{"count":0,"href":"https:\/\/adretmorvan.org\/index.php\/wp-json\/wp\/v2\/pages\/338\/revisions"}],"wp:attachment":[{"href":"https:\/\/adretmorvan.org\/index.php\/wp-json\/wp\/v2\/media?parent=338"}],"curies":[{"name":"wp","href":"https:\/\/api.w.org\/{rel}","templated":true}]}}