{"id":334,"date":"2015-04-27T08:01:11","date_gmt":"2015-04-27T07:01:11","guid":{"rendered":"http:\/\/adretmorvan.org\/?page_id=334"},"modified":"2015-04-27T08:03:24","modified_gmt":"2015-04-27T07:03:24","slug":"un-projet-tres-polluant-en-lisiere-du-parc-naturel","status":"publish","type":"page","link":"https:\/\/adretmorvan.org\/index.php\/un-projet-tres-polluant-en-lisiere-du-parc-naturel\/","title":{"rendered":"Un projet tr\u00e8s polluant en lisi\u00e8re du parc naturel"},"content":{"rendered":"<br \/>\n<h1>Le d\u00e9frichement du site<\/h1>\n<p>Dans un premier temps, ce projet induit la destruction de 96 hectares de for\u00eats de feuillus (le bois<br \/>\ndu Tron\u00e7ay), sa biodiversit\u00e9, ses esp\u00e8ces rares et prot\u00e9g\u00e9es. L\u2019impact sur l\u2019environnement de la<br \/>\nd\u00e9cision d\u2019installer cette usine \u00e0 la place d\u2019une for\u00eat a \u00e9t\u00e9 syst\u00e9matiquement sous \u00e9valu\u00e9e.<br \/>\nLa l\u00e9g\u00e8ret\u00e9 du dossier n\u2019a pas \u00e9chapp\u00e9 au Conseil National de la Protection de la Nature (CNPN \u2013<br \/>\nMinist\u00e8re de l\u2019environnement) qui conclut son avis (malheureusement non contraignant) par : \u00ab au<br \/>\nvu des insuffisances flagrantes de ce dossier, Avis d\u00e9favorable. \u00bb<\/p>\n<p>L\u2019arr\u00eat\u00e9 a \u00e9t\u00e9 attaqu\u00e9 en justice par les habitants de Marcilly et 2 associations environnementales qui<br \/>\nont gagn\u00e9 en r\u00e9f\u00e9r\u00e9. Le pr\u00e9fet a alors retir\u00e9 son arr\u00eat\u00e9 pour en proposer un autre, \u00e0 nouveau attaqu\u00e9<br \/>\nen justice.<\/p>\n<h1>La pollution de l\u2019air<\/h1>\n<p>Derri\u00e8re les \u00e9l\u00e9ments de langage \u00ab scierie \u00bb et \u00ab cog\u00e9n\u00e9rateur \u00bb, se cachent en fait un incin\u00e9rateur<br \/>\net une usine de production \u00e9lectrique. Les \u00e9lus locaux affirment que ce n\u2019est pas un incin\u00e9rateur \u00e0<br \/>\nordures. Ce n\u2019est pas faux&#8230; mais ils oublient juste de pr\u00e9ciser qu\u2019il polluera plus que l\u2019incin\u00e9rateur \u00e0<br \/>\nordures de Fourchambault ! Pourquoi ?<\/p>\n<p>Parce qu\u2019il ne br\u00fblera pas que de la bio-masse mais aussi diff\u00e9rentes cat\u00e9gories de d\u00e9chets<br \/>\nde bois. Ces d\u00e9chets de bois non assimilables \u00e0 de la biomasse (bois peints, vernis, bois de<br \/>\nd\u00e9molition&#8230;) repr\u00e9sentent jusqu\u2019\u00e0 75% du total sur des volumes gigantesques. Qu\u2019on en juge :la<br \/>\npuissance thermique de la chaudi\u00e8re est de 54 m\u00e9ga-watt, pour une consommation de 20 tonnes de<br \/>\ncombustible \u00e0 l\u2019heure, 22h30 sur 24 ! On comprend mieux pourquoi Erscia a pr\u00e9vu une chemin\u00e9e de<br \/>\n50m de hauteur&#8230; soit la taille d\u2019un immeuble de 18 \u00e9tages qui d\u00e9gagera 598 000 000 m3 de fum\u00e9e<br \/>\ncharg\u00e9e de polluants par an !<\/p>\n<p>L\u2019incin\u00e9rateur de Sardy a l\u2019autorisation de rel\u00e2cher les m\u00eames polluants que celui de Fourchambault&#8230;<br \/>\nmais pour la plupart d\u2019entre eux dans des quantit\u00e9s plus \u00e9lev\u00e9es (1,5 fois en moyenne par m3).<br \/>\nPire, il faut multiplier par la puissance des fours pour comparer les deux installations, soit 6 tonnes<br \/>\n\u00e0 l\u2019heure \u00e0 Fourchambault pour 20 \u00e0 Sardy. C\u2019est donc bien l\u2019\u00e9quivalent de plusieurs incin\u00e9rateurs \u00e0<br \/>\nordures que la Communaut\u00e9 de communes veut imposer \u00e0 la population du pays corbigeois et des<br \/>\nenvirons.<\/p>\n<p>Aujourd\u2019hui, l\u2019incin\u00e9rateur de Fourchambault, qui pourtant ne tourne pas au maximum de sa capacit\u00e9,<br \/>\npose de s\u00e9rieux probl\u00e8mes de pollutions en rejetant moins de 30 tonnes de polluants par an. Quand<br \/>\non sait que Erscia a obtenu des autorisations jusqu\u2019\u00e0 un maximum de 272 tonnes (voir les tableaux<br \/>\nci contre), chacun comprendra qu\u2019il est l\u00e9gitime de s\u2019inqui\u00e9ter. Pour pouvoir alimenter l\u2019usine avec de<br \/>\ntels volumes, Erscia a demand\u00e9 et obtenu une d\u00e9rogation pour r\u00e9cup\u00e9rer des d\u00e9chets de bois jusqu\u2019\u00e0<br \/>\n300 km \u00e0 la ronde&#8230;<\/p>\n<h1>La pollution de l\u2019eau<\/h1>\n<p>L\u2019arr\u00eat\u00e9 pr\u00e9voit une ponction journali\u00e8re maximale de 430m3, soi-disant compatible avec le d\u00e9bit de<br \/>\nl\u2019Yonne. Si ce n\u2019\u00e9tait pas le cas (s\u00e9cheresse par exemple) ou serait ponctionn\u00e9e l\u2019eau n\u00e9cessaire ?<br \/>\nIl<br \/>\ny a cependant beaucoup plus grave car les rejets liquides-dont les quantit\u00e9s ne sont pas indiqu\u00e9es-<br \/>\npeuvent atteindre 30\u00b0C et un pH de 9,5 (donc tr\u00e8s alcalin). Si on ajoute les 16 tonnes de mati\u00e8res<br \/>\nsolides, 1,5 tonnes d\u2019hydrocarbures, 9 tonnes d\u2019azote et 3 tonnes de phosphore, il y a fort \u00e0 parier<br \/>\nque l\u2019Yonne en ce point n\u2019aura rien \u00e0 envier aux rivi\u00e8res de Bretagne avec le risque de voir les algues<br \/>\nprolif\u00e9rer et l\u2019eau s\u2019eutrophiser (asphyxie progressive du milieu aqueux).<\/p>\n<h1>Les cendres volantes et r\u00e9sidus de fum\u00e9es d\u2019incin\u00e9ration<\/h1>\n<p>Erscia part du postulat que les cendres volantes ne sont pas dangereuses mais qu\u2019il faudra faire<br \/>\nles essais n\u00e9cessaires pour le v\u00e9rifier. Comment peut-on imaginer que les cendres issues de la<br \/>\ncombustion de bois pollu\u00e9s de m\u00e9taux lourds n\u2019en contiennent pas ? En attendant, Erscia ne pr\u00e9voit<br \/>\npas le confinement des cendres puisqu\u2019elle les consid\u00e8re \u00e0 priori non-dangereuses.<\/p>\n<h1>L\u2019impact sur la for\u00eat<\/h1>\n<p>Le projet contribuera \u00e0 la d\u00e9forestation, \u00e0 la monoculture du douglas (acidification, \u00e9puisement des<br \/>\nsols, perte de biodiversit\u00e9).<\/p>\n<p>Il augmentera la pression sur la ressource et favorisera les coupes sur bois jeunes aggravant ainsi<br \/>\nla dur\u00e9e et la violence du trou de production pour l\u2019ensemble de la Bourgogne, d\u00e9vastateur en terme<br \/>\nd\u2019\u00e9cologie (et d\u2019emploi).<\/p>\n<p>Il va clairement \u00e0 l\u2019encontre des objectifs fix\u00e9s par la charte foresti\u00e8re du Morvan.<\/p>\n<h5>Page 4 de la Charte foresti\u00e8re :<\/h5>\n<p><i>\u00ab En raison de l\u2019augmentation des volumes de bois venant \u00e0 maturit\u00e9 et du processus<br \/>\nd\u2019industrialisation du sciage, les pr\u00e9l\u00e8vements au cours des prochaines ann\u00e9es sur le Morvan vont<br \/>\ns\u2019intensifier. Elle sera d\u2019autant plus rapide si les scieries industrielles se trouvent en situation de<br \/>\nconcurrence sur la ressource. \u00bb<\/i><\/p>\n<p>En annexe 2, analyse de l\u2019arr\u00eat\u00e9 ICPE par comit\u00e9 scientifique d\u2019Adret Morvan<\/p>\n<p><a style=\"color: red;\" href=\"la_foret_du_morvan_un_enjeu_majeur.php\">(voir aussi fiche for\u00eat)<\/a><\/p>\n<h1>Annexe 1 \u00e0 la fiche pollution<\/h1>\n<h3>R\u00e9capitulatif sur les avis du Conseil National de la Protection de la<br \/>\nnature et sur l\u2019arr\u00eat\u00e9 accordant une d\u00e9rogation pour la destruction<br \/>\nd\u2019habitats d\u2019esp\u00e8ces prot\u00e9g\u00e9es.<\/h3>\n<p><b>Le 14 janvier 2013, le Conseil National de la Protection de la Nature, pour la troisi\u00e8me fois,<br \/>\ndonne un avis d\u00e9favorable \u00e0 Ni\u00e8vre Am\u00e9nagement sur un \u00abnouveau\u00bb dossier de demande<br \/>\nde d\u00e9rogation de destruction et\/ou de d\u00e9placement d\u2019esp\u00e8ces animales prot\u00e9g\u00e9es. (article<br \/>\nL.411-1 et L.411-2 du code de l\u2019environnement).<\/p>\n<p><\/b><\/p>\n<h3>Le CNPN a not\u00e9 :<\/h3>\n<ul>\n<li>que les inventaires compl\u00e9mentaires r\u00e9alis\u00e9s restent incomplets<\/li>\n<li>que des mesures d\u2019\u00e9vitement et de r\u00e9duction ont \u00e9t\u00e9 renforc\u00e9es mais pas en ce qui concerne la<br \/>\ndestruction de la zone humide<\/li>\n<li>que les mesures destin\u00e9es \u00e0 compenser la destruction du bois ne sont pas satisfaisantes en<br \/>\nraison d\u2019acquisitions report\u00e9es \u00e0 10 ans et en raison de l\u2019absence d\u2019informations d\u00e9taill\u00e9es sur la<br \/>\ngestion foresti\u00e8re de ces bois acquis.<\/li>\n<\/ul>\n<p>Pour r\u00e9sumer, ce deuxi\u00e8me dossier pr\u00e9sent\u00e9 par Ni\u00e8vre Am\u00e9nagement n\u2019\u00e9tait pas meilleur que le<br \/>\npremier. Il comportait m\u00eame sur certains points des inexactitudes qui pouvaient \u00eatre trompeuses<br \/>\npour des personnes appel\u00e9es \u00e0 juger une situation dont elles n\u2019ont pas une parfaite connaissance &#8230;<\/p>\n<p>On s\u2019\u00e9tonnera \u00e9videmment que les inventaires compl\u00e9mentaires pr\u00e9sent\u00e9s par Ni\u00e8vre Am\u00e9nagement<br \/>\naient \u00e9t\u00e9 r\u00e9alis\u00e9s, notamment, par MELA, une association qui n\u2019est m\u00eame pas agr\u00e9\u00e9e pour la<br \/>\nprotection de l\u2019environnement &#8230; qui semble en revanche proche du Conseil G\u00e9n\u00e9ral et qui re\u00e7oit des<br \/>\nfinancements publics. Comme expert ind\u00e9pendant on doit pouvoir ais\u00e9ment trouver mieux.<\/p>\n<p>Mais faut-il encore s\u2019\u00e9tonner de quoi que ce soit sur ce dossier de SARDY, et notamment de cette<br \/>\nnouvelles saisine du CNPN alors que le juge a suspendu l\u2019arr\u00eat\u00e9 pr\u00e9fectoral autorisant Ni\u00e8vre<br \/>\nAm\u00e9nagement \u00e0 d\u00e9truire les habitats d\u2019esp\u00e8ces prot\u00e9g\u00e9es. Ce qui implique la suspension du<br \/>\nd\u00e9frichement qui serait \u00e0 l\u2019origine de cette destruction, jusqu\u2019\u00e0 ce que le juge se prononce sur le fond<br \/>\nde nos demandes d\u2019annulation de l\u2019autorisation de d\u00e9frichement et de l\u2019autorisation sur les esp\u00e8ces<br \/>\nprot\u00e9g\u00e9es.<\/p>\n<h3>Petit historique :<\/h3>\n<ul>\n<li>Le pr\u00e9fet de la Ni\u00e8vre, malgr\u00e9 un double avis d\u00e9favorable du CNPN en d\u00e9cembre 2011 et janvier<br \/>\n2012, prend le 21 mars 2012 un arr\u00eat\u00e9 accordant une d\u00e9rogation pour la destruction d\u2019habitats<br \/>\nd\u2019esp\u00e8ces prot\u00e9g\u00e9es.<\/li>\n<li>Cet arr\u00eat\u00e9 a \u00e9t\u00e9 suspendu en juin 2012 par le Tribunal Administratif de Dijon.<\/li>\n<li>Le pr\u00e9fet annule son arr\u00eat\u00e9 le 5 juillet pour en reprendre un autre le 10 juillet.<\/li>\n<li>Cet arr\u00eat\u00e9 a \u00e9t\u00e9 \u00e0 son tour suspendu le 2 octobre 2012 par le TA de Dijon.<br \/>\nNi\u00e8vre Am\u00e9nagement a fait appel de cette d\u00e9cision devant le Conseil d\u2019Etat ce qui, pour cette<br \/>\nproc\u00e9dure, est assimilable \u00e0 un pourvoi en cassation.<\/li>\n<li>Le Conseil d\u2019Etat, le 24 d\u00e9cembre 2012, a d\u00e9clar\u00e9 ce pourvoi irrecevable.<\/li>\n<li>Ni\u00e8vre Am\u00e9nagement d\u00e9pose une nouvelle demande de d\u00e9rogation devant le CNPN.<\/li>\n<li>Le CNPN d\u00e9livre un troisi\u00e8me avis d\u00e9favorable le 14 janvier 2013.<\/li>\n<\/ul>\n<p>Alors o\u00f9 veut en venir Ni\u00e8vre Am\u00e9nagement avec toute cette gesticulation ? N\u2019a-t-elle pas encore pris<br \/>\nla mesure de l\u2019endurance des requ\u00e9rants et des opposants au projet de SARDY ?<\/p>\n<p style=\"text-align: right; font-weight: bold;\">Annexe r\u00e9dig\u00e9e par J. Th\u00e9venot, pr\u00e9sidente de l\u2019association \u00abLoire vivante\u00bb<\/p>\n<h1>Annexe 2 \u00e0 la fiche pollution<\/h1>\n<h3>Analyse de l\u2019arr\u00eat\u00e9 ICPE par le comit\u00e9 scientifique de l\u2019association<\/h3>\n<h3>Introduction<\/h3>\n<p><b><br \/>\nCe document a \u00e9t\u00e9 r\u00e9dig\u00e9 en s\u2019appuyant exclusivement sur l\u2019arr\u00eat\u00e9 pr\u00e9fectoral du 19 avril 2012<br \/>\n(autorisant l\u2019usine \u00e0 s\u2019installer). Les chiffres qui sont pr\u00e9sent\u00e9s figurent dans cet arr\u00eat\u00e9, mais<br \/>\nles commentaires qui les accompagnent sont issus d\u2019une r\u00e9flexion g\u00e9n\u00e9rale sur les diff\u00e9rents<br \/>\naspects de cet arr\u00eat\u00e9. D\u2019un point de vue g\u00e9n\u00e9ral, la pollution, induite par l\u2019incin\u00e9rateur de Sardy,<br \/>\nrev\u00eat plusieurs formes :<\/b><\/p>\n<ul>\n<li>la pollution atmosph\u00e9rique, sonore et m\u00e9canique (vibrations) due au trafic des poids lourds<\/li>\n<li>les \u00e9l\u00e9ments pollu\u00e9s achemin\u00e9s dans l\u2019usine par ces m\u00eames poids lourds<\/li>\n<li>la pollution atmosph\u00e9rique g\u00e9n\u00e9r\u00e9e par les fum\u00e9es d\u2019incin\u00e9ration<\/li>\n<li>la pollution des sols due aux retomb\u00e9es de ces fum\u00e9es<\/li>\n<li>la pollution potentielle due aux cendres volantes et r\u00e9sidus de fum\u00e9es d\u2019incin\u00e9ration<\/li>\n<li>la pollution de l\u2019eau de l\u2019Yonne par les rejets de l\u2019usine.<\/li>\n<\/ul>\n<p>Ces diff\u00e9rents points sont succinctement pass\u00e9s en revue sans que la liste pr\u00e9sent\u00e9e ici soit<br \/>\nexhaustive.<\/p>\n<h3>Les poids lourds<\/h3>\n<p>L\u2019estimation journali\u00e8re, donn\u00e9e par l\u2019exploitant de l\u2019usine, est de 170 camions par jour pour acheminer<br \/>\nles bois \u00e0 transformer ou \u00e0 incin\u00e9rer. Ce trafic est consid\u00e9rable et va engendrer de multiples<br \/>\nnuisances sonores et une pollution atmosph\u00e9rique (moteurs di\u00e9sels) importante. Les vibrations que<br \/>\nva provoquer un tel trafic risquent d\u2019endommager assez rapidement les habitats anciens \u2013 risque<br \/>\nde fissuration et vont perturber la vie des habitants \u00e0 proximit\u00e9 de la route. Notons \u00e9galement que<br \/>\nle r\u00e9seau routier, non dimensionn\u00e9 pour autant de poids lourds, va rapidement se d\u00e9grader et que le<br \/>\nco\u00fbt de maintenance (et de r\u00e9fection) devra \u00eatre support\u00e9 par les habitants locaux. On peut aussi<br \/>\najouter l\u2019augmentation du risque d\u2019accident de la route.<\/p>\n<h3>Les \u00e9l\u00e9ments pollu\u00e9s achemin\u00e9s<\/h3>\n<p>L\u2019arr\u00eat\u00e9 pr\u00e9fectoral autorise l\u2019incin\u00e9ration de 75% de bois non class\u00e9 comme biomasse, c\u2019est-\u00e0-<br \/>\ndire de bois issus de la construction-d\u00e9molition de b\u00e2timents anciens ou autres. Ces bois ont \u00e9t\u00e9<br \/>\npr\u00e9c\u00e9demment trait\u00e9s : peintures, colles, vernis et m\u00e9taux lourds (en particulier cuivre, arsenic).<br \/>\nL\u2019arr\u00eat\u00e9 stipule que c\u2019est \u00e0 l\u2019exploitant de trier en entr\u00e9e ces bois pour ne conserver que les moins<br \/>\npollu\u00e9s et de tenir un cahier d\u2019exploitation mentionnant les diff\u00e9rentes cargaisons re\u00e7ues. C\u2019est donc<br \/>\nsur sa bonne foi et son honn\u00eatet\u00e9 qu\u2019il faut compter car nul ne peut croire que les pouvoirs publics<br \/>\nviendront contr\u00f4ler efficacement les bois re\u00e7us.<\/p>\n<p>Remarque g\u00e9n\u00e9rale : il est fr\u00e9quemment mentionn\u00e9 dans l\u2019arr\u00eat\u00e9, le risque de pollution normale ou<br \/>\naccidentelle et le fait que c\u2019est \u00e0 l\u2019exploitant (Ercia) d\u2019assurer la meilleure pr\u00e9vention possible (en clair<br \/>\nde faire le maximum pour \u00e9viter la pollution ou la minimiser). Il n\u2019est en revanche jamais \u00e9voqu\u00e9 quels<br \/>\nsont les risques p\u00e9naux ou les amendes encourus par l\u2019exploitant s\u2019il ne satisfaisait pas \u00e0 l\u2019ensemble<br \/>\nde ses obligations.<\/p>\n<h3>La pollution atmosph\u00e9rique g\u00e9n\u00e9r\u00e9e par les fum\u00e9es d\u2019incin\u00e9ration<\/h3>\n<p>Les chiffres mentionn\u00e9s dans l\u2019arr\u00eat\u00e9 sont tr\u00e8s inqui\u00e9tants et mettent en \u00e9vidence toute l\u2019ambig\u00fcit\u00e9<br \/>\ndu texte propos\u00e9 par le pr\u00e9fet. En effet il est un peu partout stipul\u00e9 que les d\u00e9chets \u00e0 incin\u00e9rer sont<br \/>\nnon dangereux mais en revanche les produits issus de l\u2019incin\u00e9ration le seront tr\u00e8s fortement. L\u2019arr\u00eat\u00e9<br \/>\nautorise la production annuelle de 598 000 000 m3 (cinq cent quatre vingt dix huit millions de m\u00e8tres<br \/>\ncubes) de fum\u00e9es avec des taux de polluants sup\u00e9rieurs \u00e0 ceux de l\u2019incin\u00e9rateur de Fourchambault et<br \/>\nune moyenne de fonctionnement de 22h30 par jour (cela laisse peu de temps pour la maintenance),<br \/>\ncela donne :<\/p>\n<ul>\n<li>9 tonnes de poussi\u00e8res : rien n\u2019est dit sur la taille de ces particules et les risques sanitaires qu\u2019elles<br \/>\nfont courir \u00e0 la population (risques graves engendr\u00e9s par les nano particules assimilables \u00e0 celles<br \/>\ndes moteurs di\u00e9sels mis en cause par la communaut\u00e9 europ\u00e9enne derni\u00e8rement). Il faut \u00e9galement<br \/>\nnoter que l\u2019arr\u00eat\u00e9 pr\u00e9fectoral autorise 15 tonnes suppl\u00e9mentaires de poussi\u00e8res issues de l\u2019unit\u00e9<br \/>\nd\u2019aspiration de l\u2019usine. Rien n\u2019est dit sur leur danger et leur granulom\u00e9trie.<\/li>\n<li>60 tonnes de dioxyde de soufre : gaz irritant \u00e0 l\u2019origine des pluies acides<\/li>\n<li>120 tonnes de NOx : gaz \u00e9galement tr\u00e8s toxique et irritant<\/li>\n<li>6 tonnes d\u2019HCl : gaz qui recombin\u00e9 avec l\u2019eau donne l\u2019acide chlorhydrique<\/li>\n<li>3 tonnes d\u2019ammoniaque<\/li>\n<li>1,2 tonne d\u2019HF : fluorure d\u2019hydrog\u00e8ne, gaz tr\u00e8s dangereux et toxique<\/li>\n<li>12 tonnes de COV : compos\u00e9s organiques volatiles soup\u00e7onn\u00e9s d\u2019\u00eatre canc\u00e9rig\u00e8nes<\/li>\n<li>360kg ! de m\u00e9taux lourds, \u00e0 l\u2019origine de maladies d\u00e9g\u00e9n\u00e9ratives et fortement canc\u00e9rig\u00e8nes. Les<br \/>\nm\u00e9taux lourds polluent les sols environnants et se concentrent dans les herbes, les champignons<br \/>\net les l\u00e9gumes. A terme les potagers seront contamin\u00e9s ! C\u2019est d\u2019ailleurs pourquoi le texte de l\u2019arr\u00eat\u00e9<br \/>\nmentionne la n\u00e9cessit\u00e9 d\u2019analyse r\u00e9guli\u00e8re des terrains dans le \u00ab panache de fum\u00e9e \u00bb, par peur de<br \/>\nnous empoisonner certainement. Rien n\u2019indique en revanche comment d\u00e9terminer la zone concern\u00e9e<br \/>\net qui le fera.<\/li>\n<\/ul>\n<p>&nbsp;<\/p>\n<h3>Les cendres volantes et r\u00e9sidus de fum\u00e9es d\u2019incin\u00e9ration<\/h3>\n<p>Le texte part du fait que les cendres volantes sont non dangereuses mais qu\u2019il faudra faire les essais<br \/>\nn\u00e9cessaires pour le v\u00e9rifier (ce sont des essais dits de lixiviation, destin\u00e9s \u00e0 mesurer le relargage<br \/>\nde m\u00e9taux lourds). Comment peut-on d\u00e9cider \u2018a priori\u2019 que ces cendres sont non dangereuses avant<br \/>\nd\u2019avoir faits les essais ? Et comment peut-on imaginer que les cendres issues de la combustion<br \/>\nde bois pollu\u00e9s de m\u00e9taux lourds n\u2019en contiennent pas ? C\u2019est un des \u00ab myst\u00e8res \u00bb de cet arr\u00eat\u00e9<br \/>\npr\u00e9fectoral qui manifestement ne sait pas bien sur quel pied danser. Si ces cendres, comme il<br \/>\nest vraisemblable, sont pollu\u00e9es, il faudra alors qu\u2019Ercia pr\u00e9voit une unit\u00e9 sp\u00e9ciale de stockage,<br \/>\nimperm\u00e9able et ferm\u00e9e pour \u00e9viter leur diffusion dans l\u2019atmosph\u00e8re et r\u00e8gle le co\u00fbteux probl\u00e8me de<br \/>\nleur \u00e9limination.<\/p>\n<h3>La pollution de l\u2019eau<\/h3>\n<p>L\u2019arr\u00eat\u00e9 pr\u00e9voit une ponction journali\u00e8re maximale de 430m3, soit disant compatible avec le d\u00e9bit de<br \/>\nl\u2019Yonne. Si ce n\u2019\u00e9tait pas le cas (s\u00e9cheresse par exemple) ou serait ponctionn\u00e9e l\u2019eau n\u00e9cessaire ?<br \/>\nIl<br \/>\ny a cependant beaucoup plus grave car les rejets liquides-dont les quantit\u00e9s ne sont pas indiqu\u00e9es-<br \/>\npeuvent atteindre 30\u00b0C et un pH de 9,5 (donc tr\u00e8s alcalin). Si on ajoute les 16 tonnes de mati\u00e8res<br \/>\nsolides, 1,5 tonnes d\u2019hydrocarbures, 9 tonnes d\u2019azote et 3 tonnes de phosphore, il y a fort \u00e0 parier<br \/>\nque l\u2019Yonne en ce point n\u2019aura rien \u00e0 envier aux rivi\u00e8res de Bretagne avec le risque de voir les algues<br \/>\nprolif\u00e9rer et l\u2019eau s\u2019eutrophiser (asphyxie progressive du milieu aqueux).<\/p>\n<h3>Conclusion<\/h3>\n<p>L\u2019arr\u00eat\u00e9 pr\u00e9fectoral qui nous est pr\u00e9sent\u00e9 montre que la pollution autoris\u00e9e par l\u2019incin\u00e9rateur d\u2019Ercia<br \/>\nest de tr\u00e8s haute intensit\u00e9. A la pollution routi\u00e8re par les poids lourds s\u2019ajoutent les pollutions<br \/>\na\u00e9riennes par les poussi\u00e8res et fum\u00e9es, les retomb\u00e9es dans les jardins, champs et potagers, la<br \/>\npollution de l\u2019eau. Ces polluants contiennent des gaz toxiques et des m\u00e9taux lourds, tous \u00e0 l\u2019origine de<br \/>\nmaladies d\u00e9g\u00e9n\u00e9ratives. Aucune \u00e9tude sanitaire s\u00e9rieuse n\u2019a manifestement \u00e9t\u00e9 faite pour \u00e9valuer<br \/>\nl\u2019impact de cette pollution sur les personnes et l\u2019ensemble de l\u2019\u00e9cosyst\u00e8me. Dans certains cas, il y a<br \/>\nm\u00eame des erreurs de calcul de la part des ing\u00e9nieurs de la DREAL qui ont r\u00e9dig\u00e9 cet arr\u00eat\u00e9. Tout ceci<br \/>\nlaisse le droit d\u2019\u00eatre tr\u00e8s inquiet.<\/p>\n<p style=\"text-align: right;\"><b>R\u00e9dig\u00e9 par Fr\u00e9d\u00e9ric Skoczylas,<\/b><br \/>\nCoordinnateur du comit\u00e9 scientifique d\u2019Adret Morvan<\/p>\n<p>Professeur des Universit\u00e9s classe ex.,<\/p>\n<p>directeur de recherche au LML-UMR CNRS 8107<\/p>\n<p>et \u00e0 L\u2019\u00c9cole Centrale de Lille.<\/p>\n","protected":false},"excerpt":{"rendered":"<p>Le d\u00e9frichement du site Dans un premier temps, ce projet induit la destruction de 96 hectares de for\u00eats de feuillus (le bois du Tron\u00e7ay), sa biodiversit\u00e9, ses esp\u00e8ces rares et&#8230;<\/p>\n","protected":false},"author":1,"featured_media":0,"parent":0,"menu_order":0,"comment_status":"closed","ping_status":"open","template":"","meta":{"footnotes":""},"class_list":["post-334","page","type-page","status-publish","hentry"],"_links":{"self":[{"href":"https:\/\/adretmorvan.org\/index.php\/wp-json\/wp\/v2\/pages\/334","targetHints":{"allow":["GET"]}}],"collection":[{"href":"https:\/\/adretmorvan.org\/index.php\/wp-json\/wp\/v2\/pages"}],"about":[{"href":"https:\/\/adretmorvan.org\/index.php\/wp-json\/wp\/v2\/types\/page"}],"author":[{"embeddable":true,"href":"https:\/\/adretmorvan.org\/index.php\/wp-json\/wp\/v2\/users\/1"}],"replies":[{"embeddable":true,"href":"https:\/\/adretmorvan.org\/index.php\/wp-json\/wp\/v2\/comments?post=334"}],"version-history":[{"count":0,"href":"https:\/\/adretmorvan.org\/index.php\/wp-json\/wp\/v2\/pages\/334\/revisions"}],"wp:attachment":[{"href":"https:\/\/adretmorvan.org\/index.php\/wp-json\/wp\/v2\/media?parent=334"}],"curies":[{"name":"wp","href":"https:\/\/api.w.org\/{rel}","templated":true}]}}