{"id":331,"date":"2015-04-27T07:59:05","date_gmt":"2015-04-27T06:59:05","guid":{"rendered":"http:\/\/adretmorvan.org\/?page_id=331"},"modified":"2015-04-27T07:59:05","modified_gmt":"2015-04-27T06:59:05","slug":"notre-reportage-en-belgique-sur-le-site-dibv-le-modele-reduit-de-celle-de-sardy","status":"publish","type":"page","link":"https:\/\/adretmorvan.org\/index.php\/notre-reportage-en-belgique-sur-le-site-dibv-le-modele-reduit-de-celle-de-sardy\/","title":{"rendered":"Notre reportage en Belgique, sur le site d&#8217;IBV, le mod\u00e8le r\u00e9duit de celle de Sardy"},"content":{"rendered":"<p> Depuis quelques temps d\u00e9j\u00e0 des personnes du collectif de Marcilly \u00e9taient en contact avec Fran\u00e7ois Rion, un \u00e9lu de Vielsam, une petite ville des Ardennes belge en Wallonie qui a vu s\u2019installer et grossir la scierie du groupe IBV, extension apr\u00e8s extension.<br \/>\nLe paysage ressemble au notre, les for\u00eats de feuillus, \u00e0 part celle du Grand Bois sur la commune, for\u00eat aux essences m\u00e9lang\u00e9es, aux arbres s\u00e9culaires, ont laiss\u00e9 souvent la place \u00e0 des cultures intensives de r\u00e9sineux au fil du temps ; pourtant les arbres \u00e9taient traditionnellement exploit\u00e9s \u00e0 diff\u00e9rents \u00e2ges pour diff\u00e9rents usages.<br \/>\nErscia exportera aussi ses granul\u00e9s industriels (Pelets) en Belgique ou Electrabel \u00e0 besoin de fabriquer de l&#8217;\u00e9lectricit\u00e9 avec de la biomasse et ainsi toucher les subventions gr\u00e2ce aux certificats verts que leur apporteront les bois du Morvan. \t<\/p>\n<p>En r\u00e9sum\u00e9, l\u2019incin\u00e9rateur de Sardy brulera des bois trait\u00e9s des d\u00e9chetteries pour produire de l\u2019\u00e9lectricit\u00e9 et transformera en pellets industriels, (ce ne sont pas les m\u00eames que ceux pour les po\u00eales des particuliers !) les arbres provenant des coupes rases dans le Morvan, entre autres. A force de discussions et avec l\u2019approfondissement de notre connaissance du dossier IBV\/Erscia pour Sardy les \u00e9piry dans la Ni\u00e8vre, il fallait bien se rendre sur les lieux pour voir, constater de nos propres yeux.<br \/>\nLes personnes que nous avons rencontr\u00e9es, \u00e9taient au d\u00e9part plut\u00f4t favorables \u00e0 cette installation, pour l\u2019emploi \u00e9videmment et maintenant elles souffrent de la pollution \u00e9mise par les fum\u00e9es, le ballet incessant des camions, ainsi que le bruit en continu de l\u2019usine. De cette visite est n\u00e9 un film de 13mn, afin de partager notre exp\u00e9rience, et donc apporter le t\u00e9moignage des \u00e9lus et riverains de cette usine.<br \/>\n<br \/>\n<iframe title=\"Le reportage d&#039;AdretMorvan en Belgique, \u00e0 Vielsam, sur le site d&#039;IBV\" width=\"640\" height=\"480\" src=\"https:\/\/www.youtube.com\/embed\/kie7o6UqMqE?feature=oembed\" frameborder=\"0\" allow=\"accelerometer; autoplay; clipboard-write; encrypted-media; gyroscope; picture-in-picture; web-share\" referrerpolicy=\"strict-origin-when-cross-origin\" allowfullscreen><\/iframe><br \/>\n            <\/p>\n","protected":false},"excerpt":{"rendered":"<p>Depuis quelques temps d\u00e9j\u00e0 des personnes du collectif de Marcilly \u00e9taient en contact avec Fran\u00e7ois Rion, un \u00e9lu de Vielsam, une petite ville des Ardennes belge en Wallonie qui a&#8230;<\/p>\n","protected":false},"author":1,"featured_media":0,"parent":0,"menu_order":0,"comment_status":"closed","ping_status":"open","template":"","meta":{"footnotes":""},"class_list":["post-331","page","type-page","status-publish","hentry"],"_links":{"self":[{"href":"https:\/\/adretmorvan.org\/index.php\/wp-json\/wp\/v2\/pages\/331","targetHints":{"allow":["GET"]}}],"collection":[{"href":"https:\/\/adretmorvan.org\/index.php\/wp-json\/wp\/v2\/pages"}],"about":[{"href":"https:\/\/adretmorvan.org\/index.php\/wp-json\/wp\/v2\/types\/page"}],"author":[{"embeddable":true,"href":"https:\/\/adretmorvan.org\/index.php\/wp-json\/wp\/v2\/users\/1"}],"replies":[{"embeddable":true,"href":"https:\/\/adretmorvan.org\/index.php\/wp-json\/wp\/v2\/comments?post=331"}],"version-history":[{"count":0,"href":"https:\/\/adretmorvan.org\/index.php\/wp-json\/wp\/v2\/pages\/331\/revisions"}],"wp:attachment":[{"href":"https:\/\/adretmorvan.org\/index.php\/wp-json\/wp\/v2\/media?parent=331"}],"curies":[{"name":"wp","href":"https:\/\/api.w.org\/{rel}","templated":true}]}}