{"id":314,"date":"2015-04-27T07:33:05","date_gmt":"2015-04-27T05:33:05","guid":{"rendered":"http:\/\/adretmorvan.org\/?page_id=314"},"modified":"2020-06-17T13:55:20","modified_gmt":"2020-06-17T11:55:20","slug":"introduction-incinerateur-scierie-derscia","status":"publish","type":"page","link":"https:\/\/adretmorvan.org\/index.php\/introduction-incinerateur-scierie-derscia\/","title":{"rendered":"Introduction : Incin\u00e9rateur-scierie d&#8217;ERSCIA"},"content":{"rendered":"<br \/>\n<h3><strong>Une gigantesque scierie de trop, doubl\u00e9e d\u2019un incin\u00e9rateur tr\u00e8s polluant aux portes du Morvan.<\/strong><\/h3>\n<p>Le Morvan est le massif montagneux le plus proche de Paris, \u00e0 cheval sur les 4 d\u00e9partements de Bourgogne, la C\u00f4te-d\u2019Or, la Ni\u00e8vre, la Sa\u00f4ne-et-Loire et l\u2019Yonne.<br \/>\nLe point culminant du massif du Morvan est le Haut Folin (901 m\u00e8tres). La r\u00e9gion est marqu\u00e9e par un r\u00e9seau hydrographique dense comportant de nombreuses retenues issues du flottage du bois vers paris au 19e si\u00e8cle. L\u2019ensemble du massif forestier couvre 50% de la surface du Parc. Le Morvan est historiquement constitu\u00e9 d\u2019une for\u00eat de feuillus m\u00e9lang\u00e9s, . Depuis les ann\u00e9e 70, l\u2019implantation croissante des r\u00e9sineux et notamment du douglas par la sylviculture industrielle a conduit \u00e0 une proportion de 50% de r\u00e9sineux.<br \/>\nLe Morvan est aussi un parc Naturel R\u00e9gional depuis 1970, il comprend 95 communes et 10 villes portes : Arnay-le-Duc, Autun, Avallon, Ch\u00e2tillon-en-Bazois, Corbigny, Etang-sur-Arroux, Liernais, Luzy, Moulin-Engilbert et Saint-Honor\u00e9-les-Bains.<br \/>\nUn parc naturel r\u00e9gional se d\u00e9finit lui-m\u00eame \u00ab d\u2019abord comme un territoire rural qui pr\u00e9sente une identit\u00e9 forte, au patrimoine naturel et culturel riche, mais \u00e0 l\u2019\u00e9quilibre fragile et menac\u00e9. C\u2019est ainsi que le parc du Morvan doit assumer son r\u00f4le de chef de file pour le tourisme, la biodiversit\u00e9, la for\u00eat, les \u00e9nergies renouvelables et l\u2019action culturelle \u00bb. On y trouve 247 esp\u00e8ces de faune et 67 esp\u00e8ces de flore prot\u00e9g\u00e9es.<br \/>\nLa pression de la sylviculture industrielle sur l\u2019environnement, voire m\u00eame sur le potentiel de renouvellement de la for\u00eat cr\u00e9\u00e9 des tensions de plus en plus vives avec la population qui voit son environnement et la biodiversit\u00e9 se d\u00e9grader.<br \/>\nLe projet de cr\u00e9er une m\u00e9ga scierie doubl\u00e9e d\u2019un incin\u00e9rateur (bois et d\u00e9chets de bois pollu\u00e9s) \u00e0 la porte du Morvan (proche de Corbigny) aggravera encore la pression sur la ressource et signe la fin de l\u2019\u00e9cosyst\u00e8me forestier morvandiau, aggrav\u00e9 par une forte pollution de l\u2019air et de l\u2019eau.<br \/>\nPourtant les solutions de d\u00e9veloppement \u00e9quilibr\u00e9 existent et sont m\u00eame exprim\u00e9 dans la Charte foresti\u00e8re du Morvan port\u00e9e par le Parc Naturel R\u00e9gional.<br \/>\nDes citoyens du Morvan, tr\u00e8s inquiets de cette aggravation de la situation ont cr\u00e9\u00e9 l\u2019association Adret Morvan, pour lutter contre l\u2019implantation de cette m\u00e9ga scierie de trop et ce gros incin\u00e9rateur tr\u00e8s polluant.          <\/p>\n","protected":false},"excerpt":{"rendered":"<p>Une gigantesque scierie de trop, doubl\u00e9e d\u2019un incin\u00e9rateur tr\u00e8s polluant aux portes du Morvan. Le Morvan est le massif montagneux le plus proche de Paris, \u00e0 cheval sur les 4&#8230;<\/p>\n","protected":false},"author":1,"featured_media":0,"parent":0,"menu_order":0,"comment_status":"closed","ping_status":"closed","template":"","meta":{"footnotes":""},"class_list":["post-314","page","type-page","status-publish","hentry"],"_links":{"self":[{"href":"https:\/\/adretmorvan.org\/index.php\/wp-json\/wp\/v2\/pages\/314","targetHints":{"allow":["GET"]}}],"collection":[{"href":"https:\/\/adretmorvan.org\/index.php\/wp-json\/wp\/v2\/pages"}],"about":[{"href":"https:\/\/adretmorvan.org\/index.php\/wp-json\/wp\/v2\/types\/page"}],"author":[{"embeddable":true,"href":"https:\/\/adretmorvan.org\/index.php\/wp-json\/wp\/v2\/users\/1"}],"replies":[{"embeddable":true,"href":"https:\/\/adretmorvan.org\/index.php\/wp-json\/wp\/v2\/comments?post=314"}],"version-history":[{"count":0,"href":"https:\/\/adretmorvan.org\/index.php\/wp-json\/wp\/v2\/pages\/314\/revisions"}],"wp:attachment":[{"href":"https:\/\/adretmorvan.org\/index.php\/wp-json\/wp\/v2\/media?parent=314"}],"curies":[{"name":"wp","href":"https:\/\/api.w.org\/{rel}","templated":true}]}}