{"id":256,"date":"2015-04-24T17:41:08","date_gmt":"2015-04-24T16:41:08","guid":{"rendered":"http:\/\/adretmorvan.org\/?page_id=256"},"modified":"2023-08-21T15:38:49","modified_gmt":"2023-08-21T13:38:49","slug":"5-cles-pour-comprendre","status":"publish","type":"page","link":"https:\/\/adretmorvan.org\/index.php\/5-cles-pour-comprendre\/","title":{"rendered":"5 cl\u00e9s pour comprendre"},"content":{"rendered":"<h6>Quelques extraits du rapport au 1<sup>er<\/sup> ministre de Jean-Yves Caullet, d\u00e9put\u00e9 maire d&#8217;Avallon en juin\u202f2013 (devenu depuis pr\u00e9sident de l&#8217;ONF).<\/h6>\n<blockquote>\n<h6><em>\u00ab\u202fCe serait un grave paradoxe que l\u2019utilisation d\u2019une \u00e9nergie, en principe renouvelable, pour lutter contre les effets climatiques n\u00e9fastes des \u00e9nergies fossiles, aboutisse \u00e0 un affaiblissement de l\u2019efficacit\u00e9 de la for\u00eat en portant atteinte au caract\u00e8re renouvelable de ladite ressource.\u202f\u00bb<\/em><\/h6>\n<h6><em>\u00ab\u202fLe creux de production est d\u00e9j\u00e0 \u00e9crit, mais il pourrait s\u2019aggraver et avec lui le conflit d\u2019usage sur la ressource foresti\u00e8re et le risque de d\u00e9s\u00e9quilibre d\u2019une gestion durable.\u202f\u00bb<\/em><\/h6>\n<h6><em>\u00ab\u202fPuisque la for\u00eat, quel que soit son statut, fait partie de notre patrimoine commun, puisque tous les pans de sa multifonctionnalit\u00e9 nous sont indispensables, il est primordial que les conditions de sa mise en valeur soient ouvertes au d\u00e9bat, comprises et partag\u00e9es. Cette exigence est d\u2019autant plus importante que la dur\u00e9e du cycle de la for\u00eat d\u00e9passe le temps d\u2019une g\u00e9n\u00e9ration, et que rien n\u2019est \u00e0 attendre de la dictature de l\u2019imm\u00e9diat. (\u2026) Le d\u00e9bat public bien conduit permet en effet l\u2019\u00e9change d\u2019informations, l\u2019\u00e9coute d\u2019int\u00e9r\u00eats divergents \u00e9clairant la suite du processus, \u00e0 savoir en premier lieu l\u2019\u00e9laboration d\u2019un document int\u00e9grateur r\u00e9gional. C\u2019est une fa\u00e7on de sortir le d\u00e9bat sur la for\u00eat et la fili\u00e8re bois d\u2019un \u00ab\u202fclub\u202f\u00bb restreint o\u00f9 il a naturellement tendance \u00e0 s\u2019enfermer au d\u00e9triment de sa lisibilit\u00e9 et donc \u00e0 terme de sa pertinence.\u202f\u00bb<\/em><\/h6>\n<\/blockquote>\n<h4><img fetchpriority=\"high\" decoding=\"async\" class=\"alignnone  wp-image-227\" src=\"http:\/\/adretmorvan.org\/wp-content\/uploads\/2015\/04\/052-...-la-route-est-juste-derrie\u0300re-le-bois-au-fond-a\u0300-droite-_-toujours-bien-abrite\u0301-des-regards-1024x482.jpg\" alt=\"052 ... la route est juste derrie\u0300re le bois au fond a\u0300 droite _ toujours bien abrite\u0301 des regards\" width=\"1179\" height=\"486\" \/><\/h4>\n<h4>Introduction<\/h4>\n<p>La for\u00eat est un enjeu majeur pour notre environnement et notre avenir. Depuis Colbert l\u2019\u00c9tat a su peu ou prou pr\u00e9server la for\u00eat de la surexploitation. L\u2019action de d\u00e9mant\u00e8lement de cette politique lanc\u00e9 par Nicolas Sarkozy et prolong\u00e9e par le gouvernement actuel vise \u00e0 un objectif unique : mobiliser plus de bois tout en se cachant derri\u00e8re des jolis mots \u00e0 la mode comme\u202f\u00ab d\u00e9veloppement durable\u202f\u00bb, \u00ab\u202fenvironnement\u202f\u00bb et \u00ab\u202fgestion multifonctionnelle des for\u00eats\u202f\u00bb.<\/p>\n<p>Cette politique irresponsable est aggrav\u00e9e par la pression des grosses unit\u00e9s biomasse qui d\u00e9stabilise le march\u00e9 et la concurrence chinoise qui rafle nos plus belles grumes et nous importe des meubles&#8230;<\/p>\n<p>Cependant la for\u00eat reste le lieu o\u00f9 l\u2019eau reste correcte \u00e0 boire (sauf dans les zones \u00e0 sapins de no\u00ebls) et o\u00f9 la biodiversit\u00e9 existe encore. Mais la politique actuelle vise tout simplement \u00e0 faire avec la for\u00eat ce qui a \u00e9t\u00e9 fait avec l\u2019agriculture. Le Morvan est en premi\u00e8re ligne de cette r\u00e9volution. Cette politique nous conduit directement \u00e0 la pollution de l\u2019eau, \u00e0 l\u2019effondrement de la biodiversit\u00e9 en for\u00eat, \u00e0 la disparition des petites et moyennes structures qui portent encore de nombreux emplois dans les zones foresti\u00e8res et le d\u00e9stockage massif et brutal du carbone des for\u00eats et des sol forestiers.<\/p>\n<p>Notons aussi que nos d\u00e9put\u00e9s, qu\u2019ils ma\u00eetrisent le sujet et en identifient parfaitement les enjeux comme Jean-Yves Caullet (voir ci-contre) ou qu\u2019ils soient \u00ab frondeurs \u00bb comme Christian Paul, n\u2019ont pas lev\u00e9 le petit doigt pour d\u00e9fendre une vision moins industrielle de la for\u00eat lors des d\u00e9bats sur la loi de 2014 sur l\u2019agriculture et la for\u00eat. Ils ont m\u00eame d\u00e9truit la totalit\u00e9 des amendements positifs introduits par le S\u00e9nat suite \u00e0 l\u2019action de SOS for\u00eat&#8230;<\/p>\n<h4>La for\u00eat fran\u00e7aise est-elle sous-exploit\u00e9e ?<\/h4>\n<p>La sous-exploitation de la for\u00eat fran\u00e7aise, pr\u00e9sent\u00e9e comme une analyse valable pour l\u2019ensemble du territoire et comme le principal probl\u00e8me de la fili\u00e8re, nous semble ne pas \u00eatre une analyse objective ni prospective \u00e0 l\u2019\u00e9chelle du temps n\u00e9cessaire \u00e0 la gestion foresti\u00e8re durable. De plus on peut d\u00e9j\u00e0 constater dans les massifs les plus exploit\u00e9s de graves probl\u00e8mes d\u2019acc\u00e8s \u00e0 la ressource pour les petites unit\u00e9s de sciage alors qu\u2019elles sont viables et qu\u2019elles sont les plus cr\u00e9atrices d\u2019emplois au m<sup>3<\/sup> de bois sci\u00e9. Un gouvernement responsable devrait prendre des mesures pour limiter la pression sur les for\u00eats et pour garantir l\u2019acc\u00e8s \u00e0 la ressource des petites unit\u00e9s pour permettre de maintenir ces activit\u00e9s durables, cr\u00e9atrices d\u2019emploi et structurantes pour le territoire. <a href=\"https:\/\/adretmorvan.org\/index.php\/la-foret-francaise-est-elle-sous-exploitee\/\" target=\"_blank\" rel=\"noopener\">Suite\u00a0&#8230;<\/a><\/p>\n<h4>\u00a0La sylviculture actuelle est-elle durable ?<\/h4>\n<p>La coupe \u00e0 blanc se d\u00e9veloppe comme technique de r\u00e9colte des bois (la for\u00eat est coup\u00e9e rase, puis replant\u00e9e). Elle est dommageable \u00e0 l\u2019environnement et \u00e0 l\u2019emploi. Elle est r\u00e9put\u00e9e tr\u00e8s rentable mais l\u2019est uniquement \u00e0 court terme. Elle maintient la for\u00eat dans une structure r\u00e9guli\u00e8re. \u00c0 l\u2019oppos\u00e9, la for\u00eat m\u00e9lang\u00e9e (essences multiples) conduite en futaie irr\u00e9guli\u00e8re (diff\u00e9rentes g\u00e9n\u00e9rations d\u2019arbres), en recherchant et maintenant un capital sur pied favorable \u00e0 la r\u00e9g\u00e9n\u00e9ration naturelle, pr\u00e9serve le mieux l\u2019avenir tout en d\u00e9gageant des revenus r\u00e9guliers et des emplois qualifi\u00e9s. La durabilit\u00e9 des plans de gestion devraient \u00eatre jug\u00e9es selon ces diff\u00e9rentes pratiques sylvicoles. Derri\u00e8re un discours environnementaliste, les mesures concr\u00e8tes de la loi de 2014 ne visent qu\u2019\u00e0 accroitre la mobilisation du bois au d\u00e9triment de l\u2019environnement et de la biodiversit\u00e9.\u00a0<a href=\"https:\/\/adretmorvan.org\/index.php\/la-sylviculture-actuelle-est-elle-durable\/\">Suite\u00a0&#8230;<\/a><\/p>\n<header class=\"entry-header\">\n<h4 class=\"entry-title\">Scieries : la France sacrifie l\u2019avenir<\/h4>\n<\/header>\n<div class=\"entry-content\">\n<p>Les choix technologiques et strat\u00e9giques que prend l\u2019industrie du sciage pr\u00e9sentent des risques \u00e9conomiques importants en termes de destruction d\u2019emplois pour l\u2019ensemble de la fili\u00e8re avec un impact sensible sur l\u2019\u00e9cologie foresti\u00e8re. La loi de 2014 semble faciliter cette strat\u00e9gie sans chercher \u00e0 instaurer la r\u00e9gulation n\u00e9cessaire \u00e0 la pr\u00e9servation de l\u2019avenir \u00e9conomique de la fili\u00e8re et \u00e9cologique de la for\u00eat. <a href=\"https:\/\/adretmorvan.org\/index.php\/scieries-la-france-sacrifie-lavenir\/\">Suite&#8230;<\/a><\/p>\n<\/div>\n<h4>La for\u00eat des abatteuses tue la for\u00eat des hommes<\/h4>\n<p>On constate sur le terrain que la multifonctionnalit\u00e9 et l\u2019int\u00e9r\u00eat g\u00e9n\u00e9ral dans la gestion et l\u2019exploitation foresti\u00e8re r\u00e9gresse. Si on veut continuer de g\u00e9rer la for\u00eat dans le cadre de l\u2019int\u00e9r\u00eat g\u00e9n\u00e9ral et en respectant les g\u00e9n\u00e9rations futures comme c\u2019est l\u2019esprit de la loi depuis l\u2019ordonnance de 1349, renforc\u00e9e en 1669 par celle de Colbert, puis du <em>code forestier<\/em>, le projet de loi ne doit pas rester en l\u2019\u00e9tat. Il faut renforcer la transparence et la concertation avec les acteurs locaux sur la gestion foresti\u00e8re. Il faut introduire des leviers pour que les strat\u00e9gies foresti\u00e8res prennent mieux en compte les chartes foresti\u00e8res de territoires et sch\u00e9mas r\u00e9gionaux de coh\u00e9rence \u00e9cologique.\u00a0<a href=\"https:\/\/adretmorvan.org\/index.php\/multifonctionnalite-de-la-foret-une-regression-reguliere\/\">Suite<\/a><a href=\"http:\/\/adretmorvan.org\/multifonctionnalite-de-la-foret-une-regression-reguliere\/\">\u00a0&#8230;<\/a><\/p>\n<h4>La biomascarade du business vert<\/h4>\n<p>Les grosses unit\u00e9s biomasse de production d\u2019\u00e9lectricit\u00e9 d\u00e9stabilisent le march\u00e9 en b\u00e9n\u00e9ficiant du rachat bonifi\u00e9 de l\u2019\u00e9lectricit\u00e9 et de subventions. Les investisseurs sont nombreux \u00e0 vouloir profiter de la manne financi\u00e8re. Mais les plans d\u2019approvisionnements sont incoh\u00e9rents, tr\u00e8s vastes, voire faisant appel au march\u00e9 mondial. Ils se chevauchent et sont au final tr\u00e8s n\u00e9gatifs en termes de bilan carbone, objet du rachat bonifi\u00e9 d\u2019\u00e9lectricit\u00e9\u2009! Ces grosses unit\u00e9s \u00e9nerg\u00e9tiques, mais parfois aussi les grosses scieries industrielles ne tiennent pas compte des projets engag\u00e9s localement et sont en concurrence frontale et d\u00e9loyale avec d\u2019autres industries usant de la m\u00eame ressource. La pression qu\u2019elles mettent sur les ressources locales n\u2019est pas compatible avec les capacit\u00e9s de production durable de la for\u00eat. Cette situation n\u2019est pas tenable, il faut une gestion nationale des projets en concertation avec les territoires et des plans d\u2019approvisionnement pr\u00e9cis, locaux, durables ainsi qu\u2019un bilan carbone coh\u00e9rent de l\u2019amont \u00e0 l\u2019aval.\u00a0<a href=\"https:\/\/adretmorvan.org\/index.php\/la-biomascarade-du-business-vert\/\">Suite\u00a0&#8230;<\/a><\/p>\n<p>\u00c0 lire aussi sur Yonnelautre l\u2019entretien avec Jean-Yves Caullet et la r\u00e9ponse d\u2019Adret Morvan<\/p>\n<p>Entretien avec Jean-Yves Caullet, pr\u00e9sident du Conseil d\u2019Administration de l\u2019Office National de la For\u00eat<\/p>\n<p><a href=\"http:\/\/yonnelautre.fr\/spip.php?article7845&amp;lang=fr\" target=\"_blank\" rel=\"noopener\">http:\/\/yonnelautre.fr\/spip.php?article7845&amp;lang=fr<\/a><\/p>\n<p>+ lien t\u00e9l\u00e9chargement des 2 num\u00e9ros sur la for\u00eat de l\u2019\u00e9cho des adrets<\/p>\n","protected":false},"excerpt":{"rendered":"<p>Quelques extraits du rapport au 1er ministre de Jean-Yves Caullet, d\u00e9put\u00e9 maire d&#8217;Avallon en juin\u202f2013 (devenu depuis pr\u00e9sident de l&#8217;ONF). \u00ab\u202fCe serait un grave paradoxe que l\u2019utilisation d\u2019une \u00e9nergie, en&#8230;<\/p>\n","protected":false},"author":1,"featured_media":0,"parent":0,"menu_order":0,"comment_status":"closed","ping_status":"open","template":"","meta":{"footnotes":""},"class_list":["post-256","page","type-page","status-publish","hentry"],"_links":{"self":[{"href":"https:\/\/adretmorvan.org\/index.php\/wp-json\/wp\/v2\/pages\/256","targetHints":{"allow":["GET"]}}],"collection":[{"href":"https:\/\/adretmorvan.org\/index.php\/wp-json\/wp\/v2\/pages"}],"about":[{"href":"https:\/\/adretmorvan.org\/index.php\/wp-json\/wp\/v2\/types\/page"}],"author":[{"embeddable":true,"href":"https:\/\/adretmorvan.org\/index.php\/wp-json\/wp\/v2\/users\/1"}],"replies":[{"embeddable":true,"href":"https:\/\/adretmorvan.org\/index.php\/wp-json\/wp\/v2\/comments?post=256"}],"version-history":[{"count":0,"href":"https:\/\/adretmorvan.org\/index.php\/wp-json\/wp\/v2\/pages\/256\/revisions"}],"wp:attachment":[{"href":"https:\/\/adretmorvan.org\/index.php\/wp-json\/wp\/v2\/media?parent=256"}],"curies":[{"name":"wp","href":"https:\/\/api.w.org\/{rel}","templated":true}]}}