{"id":2270,"date":"2020-08-28T09:42:17","date_gmt":"2020-08-28T07:42:17","guid":{"rendered":"http:\/\/adretmorvan.org\/?page_id=2270"},"modified":"2021-04-10T11:08:46","modified_gmt":"2021-04-10T09:08:46","slug":"un-projet-de-parc-solaire-geant-a-germenay-dirol-et-marigny","status":"publish","type":"page","link":"https:\/\/adretmorvan.org\/index.php\/un-projet-de-parc-solaire-geant-a-germenay-dirol-et-marigny\/","title":{"rendered":"Un projet de parc solaire g\u00e9ant \u00e0 Germenay, Dirol et Marigny"},"content":{"rendered":"\n<p>Adret Morvan se mobilise, avec le <a href=\"mailto:energiecitoyenne58@gmail.com\" data-type=\"mailto\" data-id=\"mailto:energiecitoyenne58@gmail.com\">Collectif \u00c9nergie citoyenne 58<\/a>, contre ce projet d\u00e9mesur\u00e9 et absurde. Nous vous en avions d\u00e9j\u00e0 parl\u00e9 dans <a rel=\"noreferrer noopener\" href=\"https:\/\/adretmorvan.org\/index.php\/2021\/01\/21\/parc-photovoltaique-geant-non-merci\/\" data-type=\"URL\" data-id=\"https:\/\/adretmorvan.org\/index.php\/2021\/01\/21\/parc-photovoltaique-geant-non-merci\/\" target=\"_blank\">un premier article<\/a>. En mars dernier, nous reproduisions <a rel=\"noreferrer noopener\" href=\"https:\/\/adretmorvan.org\/index.php\/2021\/03\/10\/projet-photovoltaique-de-germenay\/\" data-type=\"URL\" data-id=\"https:\/\/adretmorvan.org\/index.php\/2021\/03\/10\/projet-photovoltaique-de-germenay\/\" target=\"_blank\">le tract du collectif <\/a>tout en appelant \u00e0 manifester devant la mairie de Germenay pour r\u00e9clamer un d\u00e9bat public et une r\u00e9flexion globale et coordonn\u00e9e sur l\u2019\u00e9nergie pour notre territoire.<\/p>\n\n\n\n<p><\/p>\n\n\n\n<p>Ci-dessous, le dossier de pr\u00e9sentation r\u00e9alis\u00e9 par le porteur de projet NeoEn: <\/p>\n\n\n\n<figure class=\"wp-block-image size-large\"><a href=\"http:\/\/adretmorvan.org\/wp-content\/uploads\/2020\/08\/Projet-DHOMBRES-NIEVRE-V5-converted.pdf\" target=\"_blank\" rel=\"noopener noreferrer\"><img fetchpriority=\"high\" decoding=\"async\" width=\"1024\" height=\"575\" src=\"http:\/\/adretmorvan.org\/wp-content\/uploads\/2020\/08\/Parc-solaire-Germenay-1024x575.jpg\" alt=\"Le dossier du porteur de projet\" class=\"wp-image-2269\" srcset=\"https:\/\/adretmorvan.org\/wp-content\/uploads\/2020\/08\/Parc-solaire-Germenay-1024x575.jpg 1024w, https:\/\/adretmorvan.org\/wp-content\/uploads\/2020\/08\/Parc-solaire-Germenay-300x168.jpg 300w, https:\/\/adretmorvan.org\/wp-content\/uploads\/2020\/08\/Parc-solaire-Germenay-768x431.jpg 768w, https:\/\/adretmorvan.org\/wp-content\/uploads\/2020\/08\/Parc-solaire-Germenay-1320x741.jpg 1320w, https:\/\/adretmorvan.org\/wp-content\/uploads\/2020\/08\/Parc-solaire-Germenay.jpg 1500w\" sizes=\"(max-width: 1024px) 100vw, 1024px\" \/><\/a><\/figure>\n\n\n\n<p><\/p>\n\n\n\n<p>Suite \u00e0 la permanence d\u2019information publique du 13 mars 2021, le ma\u00eetre d&#8217;ouvrage European Energy nous a transmis ce document PDF qui est, en fait, la combinaison des affiches plac\u00e9es dans la mairie de Germenay \u00e0 cette occasion.<\/p>\n\n\n\n<div class=\"wp-block-file aligncenter\"><a href=\"https:\/\/adretmorvan.org\/wp-content\/uploads\/2021\/04\/Parc-agri-voltai\u0308que-Germenay-et-Dirol-posters-070421-1.pdf\">Parc-agri-voltai\u0308que-Germenay-et-Dirol-posters-070421-1<\/a><a href=\"https:\/\/adretmorvan.org\/wp-content\/uploads\/2021\/04\/Parc-agri-voltai\u0308que-Germenay-et-Dirol-posters-070421-1.pdf\" class=\"wp-block-file__button\" download>T\u00e9l\u00e9charger<\/a><\/div>\n","protected":false},"excerpt":{"rendered":"<p>Adret Morvan se mobilise, avec le Collectif \u00c9nergie citoyenne 58, contre ce projet d\u00e9mesur\u00e9 et absurde. Nous vous en avions d\u00e9j\u00e0 parl\u00e9 dans un premier article. En mars dernier, nous&#8230;<\/p>\n","protected":false},"author":2,"featured_media":0,"parent":0,"menu_order":0,"comment_status":"closed","ping_status":"closed","template":"","meta":{"footnotes":""},"class_list":["post-2270","page","type-page","status-publish","hentry"],"_links":{"self":[{"href":"https:\/\/adretmorvan.org\/index.php\/wp-json\/wp\/v2\/pages\/2270","targetHints":{"allow":["GET"]}}],"collection":[{"href":"https:\/\/adretmorvan.org\/index.php\/wp-json\/wp\/v2\/pages"}],"about":[{"href":"https:\/\/adretmorvan.org\/index.php\/wp-json\/wp\/v2\/types\/page"}],"author":[{"embeddable":true,"href":"https:\/\/adretmorvan.org\/index.php\/wp-json\/wp\/v2\/users\/2"}],"replies":[{"embeddable":true,"href":"https:\/\/adretmorvan.org\/index.php\/wp-json\/wp\/v2\/comments?post=2270"}],"version-history":[{"count":0,"href":"https:\/\/adretmorvan.org\/index.php\/wp-json\/wp\/v2\/pages\/2270\/revisions"}],"wp:attachment":[{"href":"https:\/\/adretmorvan.org\/index.php\/wp-json\/wp\/v2\/media?parent=2270"}],"curies":[{"name":"wp","href":"https:\/\/api.w.org\/{rel}","templated":true}]}}