{"id":222,"date":"2015-04-24T15:32:51","date_gmt":"2015-04-24T13:32:51","guid":{"rendered":"http:\/\/adretmorvan.org\/?page_id=222"},"modified":"2020-06-17T13:54:32","modified_gmt":"2020-06-17T11:54:32","slug":"la-biomascarade-du-business-vert","status":"publish","type":"page","link":"https:\/\/adretmorvan.org\/index.php\/la-biomascarade-du-business-vert\/","title":{"rendered":"La biomascarade du business vert"},"content":{"rendered":"<br \/>\n<h6><img fetchpriority=\"high\" decoding=\"async\" class=\"alignnone size-large wp-image-232\" src=\"http:\/\/adretmorvan.org\/wp-content\/uploads\/2015\/04\/091-1024x530.jpg\" alt=\"091\" width=\"940\" height=\"487\" srcset=\"https:\/\/adretmorvan.org\/wp-content\/uploads\/2015\/04\/091-1024x530.jpg 1024w, https:\/\/adretmorvan.org\/wp-content\/uploads\/2015\/04\/091-300x155.jpg 300w\" sizes=\"(max-width: 940px) 100vw, 940px\" \/><\/h6>\n<h6>Les grosses unit\u00e9s biomasse de production d\u2019\u00e9lectricit\u00e9 d\u00e9stabilisent le march\u00e9 en b\u00e9n\u00e9ficiant du rachat bonifi\u00e9 de l\u2019\u00e9lectricit\u00e9 et de subventions. Les investisseurs sont nombreux \u00e0 vouloir profiter de la manne financi\u00e8re. Mais les plans d\u2019approvisionnements sont incoh\u00e9rents, tr\u00e8s vastes, voire faisant appel au march\u00e9 mondial. Ils se chevauchent et sont au final tr\u00e8s n\u00e9gatifs en termes de bilan carbone, objet du rachat bonifi\u00e9 d\u2019\u00e9lectricit\u00e9\u2009!<br \/>\nCes grosses unit\u00e9s \u00e9nerg\u00e9tiques, mais parfois aussi les grosses scieries industrielles ne tiennent pas compte des projets engag\u00e9s localement et sont en concurrence frontale et d\u00e9loyale avec d\u2019autres industries usant de la m\u00eame ressource. La pression qu\u2019elles mettent sur les ressources locales n\u2019est pas compatible avec les capacit\u00e9s de production durable de la for\u00eat.<br \/>\nCette situation n\u2019est pas tenable, il faut une gestion nationale des projets en concertation avec les territoires et des plans d\u2019approvisionnement pr\u00e9cis, locaux, durables ainsi qu\u2019un bilan carbone coh\u00e9rent de l\u2019amont \u00e0 l\u2019aval.<br \/>\nLa relocalisation dans les territoires et le d\u00e9veloppement de petites unit\u00e9s de production d\u2019\u00e9nergie, prioritairement orient\u00e9es vers la production de chaleur, proches de la ressource, est l\u2019alternative principale \u00e0 promouvoir.<\/h6>\n<p class=\"TC\">Les grosses unit\u00e9s biomasse de production d\u2019\u00e9lectricit\u00e9 b\u00e9n\u00e9ficient d\u2019un prix de rachat bonifi\u00e9 de la part d\u2019EDF. Cette manne financi\u00e8re attire de nombreux investisseurs fran\u00e7ais et \u00e9trangers. Pourtant le rendement de ces usines est m\u00e9diocre, elles d\u00e9stabilisent la fili\u00e8re en monopolisant la ressource, incitent \u00e0 la monoculture et aux rotations rapides, au d\u00e9triment de gros bois \u00e0 forte valeur ajout\u00e9e.<\/p>\n<p class=\"TC\">Ces unit\u00e9s consomment des volumes de bois impressionnants (jusqu\u2019\u00e0 3<span style=\"font-family: 'Menlo Regular';\">\u2009<\/span>000 tonnes par jour) et ont un rayon d\u2019approvisionnement important (300, 400 voire 500<span style=\"font-family: 'Menlo Regular';\">\u202f<\/span>km). Certains pr\u00e9voient m\u00eame une importation de bois du continent am\u00e9ricain ! En \u00e9tudiant les dossiers de pr\u00e8s, on constate que les sch\u00e9mas d\u2019approvisionnement \u2013 lorsqu\u2019ils ne sont pas indigents ou volontairement occult\u00e9s par le porteur du projet \u2013 sont irr\u00e9alistes et qu\u2019ils se chevauchent entre eux, la ressource potentielle estim\u00e9e \u00e9tant donc multipli\u00e9e par le nombre de projets<span style=\"font-family: 'Menlo Regular';\">\u2009<\/span>! L\u2019addition de tous les projets est sans rapport avec une ressource durable, la plupart envisagent de br\u00fbler les r\u00e9manents d\u2019exploitation voire des souches, ce qui est une catastrophe pour la p\u00e9rennit\u00e9 des sols forestiers.<\/p>\n<p class=\"TC\">Les approvisionnements lointains par camions, additionn\u00e9s \u00e0 l\u2019enl\u00e8vement des r\u00e9manents, induisent une \u00e9mission importante de carbone d\u2019origine fossile et un d\u00e9stockage massif et irr\u00e9m\u00e9diable du carbone du sol, alors que la bonification du rachat d\u2019\u00e9lectricit\u00e9 verte cherche justement \u00e0 r\u00e9duire les \u00e9missions de carbone<span style=\"font-family: 'Menlo Regular';\">\u2009<\/span>! Le bilan C02 n\u2019est neutre que si les sols ne sont pas mis \u00e0 nu et si l\u2019approvisionnement est local. L\u2019app\u00e2t du gain engendr\u00e9 par les dispositifs de bonification conduit aussi certains \u00e0 br\u00fbler du bois d\u2019\u0153uvre dont le carbone a vocation \u00e0 \u00eatre stock\u00e9 par d\u2019autres usages comme la construction.<\/p>\n<p class=\"TC\">Les petites unit\u00e9s de production de chaleur dont la production d\u2019\u00e9lectricit\u00e9 est compl\u00e9mentaire ont, le plus souvent, un int\u00e9r\u00eat certain dans le cadre de la transition \u00e9nerg\u00e9tique si elles sont proches de la ressource. Les grosses unit\u00e9s, elles, sont la plupart du temps un non-sens \u00e9conomique et \u00e9cologique, grosses consommatrices d\u2019argent public et grosses \u00e9mettrices de carbone.<\/p>\n<h6 style=\"padding-left: 30px;\">Un \u00e9tat responsable devrait organiser avec les collectivit\u00e9s locales, une r\u00e9gulation qui tienne compte de la ressource disponible et des projets de d\u00e9veloppement locaux engag\u00e9s ou pr\u00e9vus. Sans une r\u00e9gulation la France court directement \u00e0 la catastrophe industrielle et \u00e9cologique.<\/h6>\n<h6 style=\"padding-left: 30px;\">La relocalisation dans les territoires et le d\u00e9veloppement de petites unit\u00e9s de production d\u2019\u00e9nergie, prioritairement orient\u00e9es vers la production de chaleur, proches de la ressource, est l\u2019alternative principale \u00e0 promouvoir.<\/h6>\n","protected":false},"excerpt":{"rendered":"<p>Les grosses unit\u00e9s biomasse de production d\u2019\u00e9lectricit\u00e9 d\u00e9stabilisent le march\u00e9 en b\u00e9n\u00e9ficiant du rachat bonifi\u00e9 de l\u2019\u00e9lectricit\u00e9 et de subventions. Les investisseurs sont nombreux \u00e0 vouloir profiter de la manne&#8230;<\/p>\n","protected":false},"author":1,"featured_media":0,"parent":0,"menu_order":0,"comment_status":"closed","ping_status":"closed","template":"","meta":{"footnotes":""},"class_list":["post-222","page","type-page","status-publish","hentry"],"_links":{"self":[{"href":"https:\/\/adretmorvan.org\/index.php\/wp-json\/wp\/v2\/pages\/222","targetHints":{"allow":["GET"]}}],"collection":[{"href":"https:\/\/adretmorvan.org\/index.php\/wp-json\/wp\/v2\/pages"}],"about":[{"href":"https:\/\/adretmorvan.org\/index.php\/wp-json\/wp\/v2\/types\/page"}],"author":[{"embeddable":true,"href":"https:\/\/adretmorvan.org\/index.php\/wp-json\/wp\/v2\/users\/1"}],"replies":[{"embeddable":true,"href":"https:\/\/adretmorvan.org\/index.php\/wp-json\/wp\/v2\/comments?post=222"}],"version-history":[{"count":0,"href":"https:\/\/adretmorvan.org\/index.php\/wp-json\/wp\/v2\/pages\/222\/revisions"}],"wp:attachment":[{"href":"https:\/\/adretmorvan.org\/index.php\/wp-json\/wp\/v2\/media?parent=222"}],"curies":[{"name":"wp","href":"https:\/\/api.w.org\/{rel}","templated":true}]}}