{"id":214,"date":"2015-04-24T14:39:03","date_gmt":"2015-04-24T12:39:03","guid":{"rendered":"http:\/\/adretmorvan.org\/?page_id=214"},"modified":"2020-06-17T14:42:04","modified_gmt":"2020-06-17T12:42:04","slug":"multifonctionnalite-de-la-foret-une-regression-reguliere","status":"publish","type":"page","link":"https:\/\/adretmorvan.org\/index.php\/multifonctionnalite-de-la-foret-une-regression-reguliere\/","title":{"rendered":"La for\u00eat des abatteuses tue la for\u00eat des hommes"},"content":{"rendered":"<br \/>\n<h6><img fetchpriority=\"high\" decoding=\"async\" class=\"alignnone size-full wp-image-283\" src=\"http:\/\/adretmorvan.org\/wp-content\/uploads\/2015\/04\/abbatteuse.jpg\" alt=\"abbatteuse\" width=\"1000\" height=\"642\" srcset=\"https:\/\/adretmorvan.org\/wp-content\/uploads\/2015\/04\/abbatteuse.jpg 1000w, https:\/\/adretmorvan.org\/wp-content\/uploads\/2015\/04\/abbatteuse-300x193.jpg 300w\" sizes=\"(max-width: 1000px) 100vw, 1000px\" \/><a href=\"http:\/\/adretmorvan.org\/wp-content\/uploads\/2015\/04\/041-Engin-de\u0301vastateur-tant-prise\u0301-par-ces-gens-destructeurs.jpg\"><br \/>\n<\/a>On constate sur le terrain que la multifonctionnalit\u00e9 et l\u2019int\u00e9r\u00eat g\u00e9n\u00e9ral dans la gestion et l\u2019exploitation foresti\u00e8re r\u00e9gresse.<br \/>\nSi on veut continuer de g\u00e9rer la for\u00eat dans le cadre de l\u2019int\u00e9r\u00eat g\u00e9n\u00e9ral et en respectant les g\u00e9n\u00e9rations futures comme c\u2019est l\u2019esprit de la loi depuis l\u2019ordonnance de 1349, renforc\u00e9e en 1669 par celle de Colbert, puis du <em>code forestier<\/em>, le projet de loi ne doit pas rester en l\u2019\u00e9tat.<br \/>\nIl faut renforcer la transparence et la concertation avec les acteurs locaux sur la gestion foresti\u00e8re. Il faut introduire des leviers pour que les strat\u00e9gies foresti\u00e8res prennent mieux en compte les chartes foresti\u00e8res de territoires et sch\u00e9mas r\u00e9gionaux de coh\u00e9rence \u00e9cologique<br \/>\nIl faut renforcer le pouvoir des agents publics pour faire respecter la r\u00e9glementation et les d\u00e9cisions prises en concertation.<\/h6>\n<p class=\"TC\">Les citoyens, les associations et m\u00eame les collectivit\u00e9s locales ont peu de place dans les structures d\u2019encadrement de la gestion foresti\u00e8re alors que directement et indirectement elle a un impact important sur les territoires forestiers<span style=\"font-family: 'Menlo Regular';\">\u2009<\/span>: paysage, \u00e9conomie locale, emploi, tourisme, qualit\u00e9 de l\u2019eau, protection contre l\u2019\u00e9rosion et les inondations, \u00e9nergie d\u00e9centralis\u00e9e, loisirs, biodiversit\u00e9\u2026<\/p>\n<p class=\"TC\">On constate trop souvent que la gestion foresti\u00e8re est sans lien ou en contradiction avec certains objectifs locaux d\u2019am\u00e9nagement du territoire. Dans de nombreuses r\u00e9gions les acteurs de terrain se sont concert\u00e9s pour produire des chartes foresti\u00e8res qui bien souvent ont r\u00e9ussi \u00e0 d\u00e9terminer un compromis optimum entre les diff\u00e9rentes fonctions de la for\u00eat et les diff\u00e9rents int\u00e9r\u00eats locaux. On constate sur le terrain qu\u2019elles ne sont pas appliqu\u00e9es et que les signataires eux-m\u00eames agissent en totale contradiction avec les r\u00e8gles recommand\u00e9es par la charte. Et la situation, au vu de certaines prises de position (1), ne risque pas de s\u2019am\u00e9liorer avec <u>les trames vertes et bleues<\/u>.(\u00e0 expliquer!)<\/p>\n<p class=\"TC\">\u00a0Non seulement, les modalit\u00e9s d\u2019exploitation sont de plus en plus souvent destructrices de biodiversit\u00e9, mais la r\u00e9glementation en vigueur n\u2019est pas appliqu\u00e9e. On constate bien souvent un non-respect des r\u00e8glements qui conduit \u00e0 des pollutions de cours d\u2019eau, \u00e0 des destructions de zones humides, de chemins communaux, voire de zones Natura 2000. La circulation de grumiers en surcharge sur des petites routes d\u00e9partementales est courante ainsi que les d\u00e9bardages sur sol d\u00e9tremp\u00e9 et le non-respect des barri\u00e8res de d\u00e9gel, \u2026 alors que les agents de l\u2019\u00e9tat sont de moins en moins nombreux sur le terrain et de moins en moins arm\u00e9s pour faire respecter la loi.<\/p>\n<h6 style=\"padding-left: 30px;\"><strong>La loi de 2014 instaure pour la premi\u00e8re fois depuis l\u2019ordonnance de 1349, la r\u00e9gression potentielle de la surface foresti\u00e8re fran\u00e7aise en autorisant de substituer une compensation financi\u00e8re du d\u00e9frichement d\u2019une for\u00eat \u00e0 la place d\u2019une compensation physique. <\/strong><\/h6>\n<h6 style=\"padding-left: 30px;\"><strong>Des leviers devraient \u00eatre mis en place pour que la gestion foresti\u00e8re prenne mieux en compte les strat\u00e9gies locales comme les chartes foresti\u00e8res, les sch\u00e9mas r\u00e9gionaux de coh\u00e9rence \u00e9cologique, les trames vertes et bleues \u2026<\/strong><\/h6>\n<h6 style=\"padding-left: 30px;\"><strong>Les documents de gestion, publics et priv\u00e9s, devraient \u00eatre accessibles aux citoyens au m\u00eame titre que tout document administratif.<\/strong><\/h6>\n<h6 style=\"padding-left: 30px;\"><strong>Les crit\u00e8res d\u2019attribution des aides et les priorit\u00e9s d\u2019achats de parcelles devraient \u00eatre g\u00e9r\u00e9s en fonction de la qualit\u00e9 de l\u2019engagement sur la biodiversit\u00e9 et le d\u00e9veloppement durable selon des crit\u00e8res d\u00e9finis.<\/strong><\/h6>\n<h6 style=\"padding-left: 30px;\"><strong>L\u2019\u00e9tat devrait imposer le respect de la r\u00e9glementation en for\u00eat et devrait donner les moyens \u00e0 ses services pour engager des poursuites contre tout manquement \u00e0 la r\u00e9glementation et aux d\u00e9cisions des plans de gestion.<\/strong><\/h6>\n","protected":false},"excerpt":{"rendered":"<p>On constate sur le terrain que la multifonctionnalit\u00e9 et l\u2019int\u00e9r\u00eat g\u00e9n\u00e9ral dans la gestion et l\u2019exploitation foresti\u00e8re r\u00e9gresse. Si on veut continuer de g\u00e9rer la for\u00eat dans le cadre de&#8230;<\/p>\n","protected":false},"author":1,"featured_media":0,"parent":0,"menu_order":0,"comment_status":"closed","ping_status":"closed","template":"","meta":{"footnotes":""},"class_list":["post-214","page","type-page","status-publish","hentry"],"_links":{"self":[{"href":"https:\/\/adretmorvan.org\/index.php\/wp-json\/wp\/v2\/pages\/214","targetHints":{"allow":["GET"]}}],"collection":[{"href":"https:\/\/adretmorvan.org\/index.php\/wp-json\/wp\/v2\/pages"}],"about":[{"href":"https:\/\/adretmorvan.org\/index.php\/wp-json\/wp\/v2\/types\/page"}],"author":[{"embeddable":true,"href":"https:\/\/adretmorvan.org\/index.php\/wp-json\/wp\/v2\/users\/1"}],"replies":[{"embeddable":true,"href":"https:\/\/adretmorvan.org\/index.php\/wp-json\/wp\/v2\/comments?post=214"}],"version-history":[{"count":0,"href":"https:\/\/adretmorvan.org\/index.php\/wp-json\/wp\/v2\/pages\/214\/revisions"}],"wp:attachment":[{"href":"https:\/\/adretmorvan.org\/index.php\/wp-json\/wp\/v2\/media?parent=214"}],"curies":[{"name":"wp","href":"https:\/\/api.w.org\/{rel}","templated":true}]}}