{"id":2009,"date":"2020-02-17T10:13:57","date_gmt":"2020-02-17T09:13:57","guid":{"rendered":"http:\/\/adretmorvan.org\/?page_id=2009"},"modified":"2021-04-10T10:25:50","modified_gmt":"2021-04-10T08:25:50","slug":"balance-ta-coupe-rase","status":"publish","type":"page","link":"https:\/\/adretmorvan.org\/index.php\/balance-ta-coupe-rase\/","title":{"rendered":"Balance ta coupe rase!"},"content":{"rendered":"\n<p>L&#8217;op\u00e9ration Balance ta coupe rase est de retour! Et elle est plus que jamais n\u00e9cessaire. Les coupes rases, en effet, se multiplient, continuant \u00e0 ravager la for\u00eat, \u00e0 d\u00e9truire les sols et les \u00e9cosyst\u00e8mes. Apr\u00e8s le passage des abatteuses, le paysage n&#8217;est plus qu&#8217;un vaste champ de bataille, offrant au regard un spectacle de d\u00e9solation et de d\u00e9vastation. <\/p>\n\n\n\n<p>Mobilisez-vous en prenant des photos de coupes rases et envoyez-les \u00e0 <a href=\"mailto:contact@adretmorvan.org\">contact@adretmorvan.org<\/a> ou sur Instagram #balancetacouperase. Nous les posterons sur cette page.<\/p>\n\n\n\n<p><\/p>\n\n\n\n<p>[instagram-feed num=4 cols=4 showfollow=false]<\/p>\n\n\n\n<p>Un internaute nous a envoy\u00e9 cette vid\u00e9o d&#8217;une coupe rase qui date, selon lui, de +\/- 4 semaines non loin du lac de Chaume\u00e7on \u00e0 hauteur des Clous\/Porcmignon. Comme il le dit lui-m\u00eame, &#8220;une vid\u00e9o restitue mieux l\u2019\u00e9tendue du massacre&#8221; :<\/p>\n\n\n\n<figure class=\"wp-block-video\"><video controls src=\"https:\/\/adretmorvan.org\/wp-content\/uploads\/2021\/04\/IMG_0867.mov\"><\/video><\/figure>\n\n\n\n<div class=\"wp-block-group is-layout-flow wp-block-group-is-layout-flow\"><div class=\"wp-block-group__inner-container\"><\/div><\/div>\n","protected":false},"excerpt":{"rendered":"<p>L&#8217;op\u00e9ration Balance ta coupe rase est de retour! Et elle est plus que jamais n\u00e9cessaire. Les coupes rases, en effet, se multiplient, continuant \u00e0 ravager la for\u00eat, \u00e0 d\u00e9truire les&#8230;<\/p>\n","protected":false},"author":7,"featured_media":2693,"parent":0,"menu_order":0,"comment_status":"closed","ping_status":"closed","template":"","meta":{"footnotes":""},"class_list":["post-2009","page","type-page","status-publish","has-post-thumbnail","hentry"],"_links":{"self":[{"href":"https:\/\/adretmorvan.org\/index.php\/wp-json\/wp\/v2\/pages\/2009","targetHints":{"allow":["GET"]}}],"collection":[{"href":"https:\/\/adretmorvan.org\/index.php\/wp-json\/wp\/v2\/pages"}],"about":[{"href":"https:\/\/adretmorvan.org\/index.php\/wp-json\/wp\/v2\/types\/page"}],"author":[{"embeddable":true,"href":"https:\/\/adretmorvan.org\/index.php\/wp-json\/wp\/v2\/users\/7"}],"replies":[{"embeddable":true,"href":"https:\/\/adretmorvan.org\/index.php\/wp-json\/wp\/v2\/comments?post=2009"}],"version-history":[{"count":0,"href":"https:\/\/adretmorvan.org\/index.php\/wp-json\/wp\/v2\/pages\/2009\/revisions"}],"wp:featuredmedia":[{"embeddable":true,"href":"https:\/\/adretmorvan.org\/index.php\/wp-json\/wp\/v2\/media\/2693"}],"wp:attachment":[{"href":"https:\/\/adretmorvan.org\/index.php\/wp-json\/wp\/v2\/media?parent=2009"}],"curies":[{"name":"wp","href":"https:\/\/api.w.org\/{rel}","templated":true}]}}