{"id":199,"date":"2015-04-24T14:30:32","date_gmt":"2015-04-24T13:30:32","guid":{"rendered":"http:\/\/adretmorvan.org\/?page_id=199"},"modified":"2015-04-25T16:04:45","modified_gmt":"2015-04-25T15:04:45","slug":"scieries-la-france-sacrifie-lavenir","status":"publish","type":"page","link":"https:\/\/adretmorvan.org\/index.php\/scieries-la-france-sacrifie-lavenir\/","title":{"rendered":"Scieries : la France sacrifie l\u2019avenir"},"content":{"rendered":"<br \/>\n<h6>Les choix technologiques et strat\u00e9giques que prend l\u2019industrie du sciage pr\u00e9sentent des risques \u00e9conomiques importants en termes de destruction d\u2019emplois pour l\u2019ensemble de la fili\u00e8re avec un impact sensible sur l\u2019\u00e9cologie foresti\u00e8re. La loi de 2014 semble faciliter cette strat\u00e9gie sans chercher \u00e0 instaurer la r\u00e9gulation n\u00e9cessaire \u00e0 la pr\u00e9servation de l\u2019avenir \u00e9conomique de la fili\u00e8re et \u00e9cologique de la for\u00eat.<\/h6>\n<p class=\"TC\">La tendance de l\u2019industrie du sciage, au-del\u00e0 de l\u2019implantation de scieries de plus en plus grosses, est la recherche d\u2019une m\u00e9canisation maximale copiant le syst\u00e8me nordique, en \u00e9quipant les scieries de machine type \u00ab<span style=\"font-family: 'Menlo Regular';\">\u202f<\/span>Kanter<span style=\"font-family: 'Menlo Regular';\">\u202f<\/span>\u00bb, qui ne scient que de petits diam\u00e8tres. Ces machines tr\u00e8s automatis\u00e9es sont adapt\u00e9es aux petits r\u00e9sineux de qualit\u00e9 des pays nordiques, cons\u00e9quences d\u2019un accroissement lent li\u00e9 \u00e0 leur climat. En France les arbres poussent plus vite et les r\u00e9sineux petits sont de m\u00e9diocre qualit\u00e9. La course \u00e0 la m\u00e9canisation, conduit aujourd\u2019hui la fili\u00e8re \u00e0 chercher \u00e0 adapter la for\u00eat fran\u00e7aise aux outils les plus productifs avec des cons\u00e9quences sur le tr\u00e8s long terme. Mais le temps du marketing n\u2019est pas forc\u00e9ment le temps des arbres. \u00c0 moyen et long terme, la strat\u00e9gie de concurrencer les pays du nord sur leur terrain avec des produits de moins bonne qualit\u00e9 semble tr\u00e8s risqu\u00e9e.<\/p>\n<p class=\"TC\">Plus grave, cette strat\u00e9gie d\u00e9truit le potentiel d\u2019avenir des feuillus fran\u00e7ais et celui de la production de gros bois r\u00e9sineux de qualit\u00e9 qui n\u00e9cessitent un temps de croissance plus long avant exploitation. Elle freine aussi l\u2019acc\u00e8s \u00e0 la ressource d\u2019unit\u00e9s plus petites et plus sp\u00e9cifiques.<\/p>\n<p class=\"TC\">Lorsque l\u2019on sait que certaines hypoth\u00e8ses li\u00e9es au changement climatique, pr\u00e9voient un r\u00e9tr\u00e9cissement de la zone de viabilit\u00e9 des feuillus au centre de l\u2019Europe donc en France, que les importations de bois exotiques ont vocation \u00e0 diminuer, on peut craindre que l\u2019on ne soit en train de d\u00e9truire le potentiel \u00e9conomique futur des for\u00eats fran\u00e7aises.<\/p>\n<p class=\"TC\">Une domination h\u00e9g\u00e9monique de l\u2019industrie entra\u00eenant la disparition de la scierie artisanale et incitant \u00e0 la monoculture de petit bois r\u00e9sineux est peut-\u00eatre un moyen de r\u00e9sorber rapidement (momentan\u00e9ment) le d\u00e9ficit du commerce ext\u00e9rieur mais d\u00e9truira le potentiel d\u2019avenir des for\u00eats fran\u00e7aises, la biodiversit\u00e9 ainsi que les emplois et savoir-faire sp\u00e9cifiques des scieries artisanales proches des zones de production, maillon essentiel des territoires forestiers et souvent les seuls aptes \u00e0 transformer les gros et tr\u00e8s gros bois. La transition \u00e9cologique et \u00e9nerg\u00e9tique (anticip\u00e9e ou subie) conduira \u00e0 valoriser une relocalisation de la production et une diversification des usages, \u00e0 condition que l\u2019outil de production existe<span style=\"font-family: 'Menlo Regular';\">\u2009<\/span>!<\/p>\n<h6 class=\"TCgras\" style=\"text-align: justify; padding-left: 30px;\">Le chercheur Maurice Chalayer (observatoire de la scierie Fran\u00e7aise) montre dans son \u00e9tude prospective qu\u2019\u00e0 c\u00f4t\u00e9 des unit\u00e9s industrielles, la scierie artisanale a un avenir \u00e9conomique viable pourvu que les politiques publiques orientent les aides aussi vers les petites structures qui savent encore \u00eatre innovantes et adaptables et qu\u2019elles pr\u00e9servent leur acc\u00e8s \u00e0 la ressource.<\/h6>\n<p>&nbsp;            <\/p>\n","protected":false},"excerpt":{"rendered":"<p>Les choix technologiques et strat\u00e9giques que prend l\u2019industrie du sciage pr\u00e9sentent des risques \u00e9conomiques importants en termes de destruction d\u2019emplois pour l\u2019ensemble de la fili\u00e8re avec un impact sensible sur&#8230;<\/p>\n","protected":false},"author":1,"featured_media":0,"parent":0,"menu_order":0,"comment_status":"closed","ping_status":"open","template":"","meta":{"footnotes":""},"class_list":["post-199","page","type-page","status-publish","hentry"],"_links":{"self":[{"href":"https:\/\/adretmorvan.org\/index.php\/wp-json\/wp\/v2\/pages\/199","targetHints":{"allow":["GET"]}}],"collection":[{"href":"https:\/\/adretmorvan.org\/index.php\/wp-json\/wp\/v2\/pages"}],"about":[{"href":"https:\/\/adretmorvan.org\/index.php\/wp-json\/wp\/v2\/types\/page"}],"author":[{"embeddable":true,"href":"https:\/\/adretmorvan.org\/index.php\/wp-json\/wp\/v2\/users\/1"}],"replies":[{"embeddable":true,"href":"https:\/\/adretmorvan.org\/index.php\/wp-json\/wp\/v2\/comments?post=199"}],"version-history":[{"count":0,"href":"https:\/\/adretmorvan.org\/index.php\/wp-json\/wp\/v2\/pages\/199\/revisions"}],"wp:attachment":[{"href":"https:\/\/adretmorvan.org\/index.php\/wp-json\/wp\/v2\/media?parent=199"}],"curies":[{"name":"wp","href":"https:\/\/api.w.org\/{rel}","templated":true}]}}