{"id":197,"date":"2015-04-24T14:22:40","date_gmt":"2015-04-24T12:22:40","guid":{"rendered":"http:\/\/adretmorvan.org\/?page_id=197"},"modified":"2020-06-17T14:42:32","modified_gmt":"2020-06-17T12:42:32","slug":"la-sylviculture-actuelle-est-elle-durable","status":"publish","type":"page","link":"https:\/\/adretmorvan.org\/index.php\/la-sylviculture-actuelle-est-elle-durable\/","title":{"rendered":"La sylviculture actuelle est-elle durable ?"},"content":{"rendered":"<br \/>\n<h6>La coupe \u00e0 blanc se d\u00e9veloppe comme technique de r\u00e9colte des bois (la for\u00eat est coup\u00e9e rase, puis replant\u00e9e). Elle est dommageable \u00e0 l\u2019environnement et \u00e0 l\u2019emploi. Elle est r\u00e9put\u00e9e tr\u00e8s rentable mais l\u2019est uniquement \u00e0 court terme. Elle maintient la for\u00eat dans une structure r\u00e9guli\u00e8re. \u00c0 l\u2019oppos\u00e9, la for\u00eat m\u00e9lang\u00e9e (essences multiples) conduite en futaie irr\u00e9guli\u00e8re (diff\u00e9rentes g\u00e9n\u00e9rations d\u2019arbres), en recherchant et maintenant un capital sur pied favorable \u00e0 la r\u00e9g\u00e9n\u00e9ration naturelle, pr\u00e9serve le mieux l\u2019avenir tout en d\u00e9gageant des revenus r\u00e9guliers et des emplois qualifi\u00e9s. La durabilit\u00e9 des plans de gestion devraient \u00eatre jug\u00e9es selon ces diff\u00e9rentes pratiques sylvicoles. Derri\u00e8re un discours environnementaliste, les mesures concr\u00e8tes de la loi de 2014 ne visent qu\u2019\u00e0 accroitre la mobilisation du bois au d\u00e9triment de l\u2019environnement et de la biodiversit\u00e9.<\/h6>\n<p>Aujourd\u2019hui dans l\u2019\u00e9valuation des plans de gestion, les crit\u00e8res de durabilit\u00e9 sont tr\u00e8s l\u00e9gers, ce qui vide de son sens le volet environnemental et social de ces documents. Le mode d\u2019exploitation des bois est pourtant essentiel du point de vue de la biodiversit\u00e9 et du d\u00e9veloppement durable. La for\u00eat est un \u00e9cosyst\u00e8me vivant et dynamique g\u00e9n\u00e9rant une ressource indispensable \u00e0 l\u2019homme, un capital produisant \u00e0 peu de frais son propre int\u00e9r\u00eat. Or on continue aujourd\u2019hui le remplacement des for\u00eats feuillues diversifi\u00e9es dynamiques et stables par des monocultures de r\u00e9sineux productives mais fragiles. Ce remplacement semble int\u00e9ressant \u00e0 court terme pour l\u2019industrie et le propri\u00e9taire, mais il est co\u00fbteux et risqu\u00e9 \u00e0 long terme pour le potentiel productif de la for\u00eat et pour la fili\u00e8re<\/p>\n<p>Les monocultures de r\u00e9sineux introduites sont souvent exploit\u00e9es jeunes par des coupes \u00e0 blanc et \u00e0 l\u2019aide de machines de plus en plus grosses. Ce mode d\u2019exploitation est destructeur pour l\u2019environnement et d\u00e9grade la biodiversit\u00e9, il n\u00e9cessite des travaux de reboisement lourds et g\u00e9n\u00e8re des emplois peu qualifi\u00e9s. Il est consid\u00e9r\u00e9 comme rentable sur les d\u00e9lais de retours sur investissement des placements financiers \u2013 du moins en cas d\u2019aides publiques au reboisement \u2013 mais n\u2019est \u00e9conomiquement pas justifi\u00e9 sur le long terme. Ce mode d\u2019exploitation appauvrit et acidifie les sols (1) ainsi que l\u2019eau. Il augmente l\u2019\u00e9rosion et les risques d\u2019inondation en aval et peut charger les eaux de surface en nitrates du fait de l\u2019explosion de l\u2019activit\u00e9 bact\u00e9rienne suivant la mise en lumi\u00e8re du sol. Les machines lourdes tassent les sols et la coupe d\u00e9stocke massivement le carbone, aggravant le d\u00e9r\u00e8glement climatique. La baisse de qualit\u00e9 des sols n\u00e9cessitera l\u2019usage d\u2019intrants polluants pour les sols et l\u2019eau. Cette technique est contraire aux pr\u00e9conisations d\u2019adaptation au changement climatique, qui visent \u00e0 augmenter la diversit\u00e9 des essences. Par ailleurs les monocultures de r\u00e9sineux sont les plus sensibles aux attaques parasitaires et aux vents violents (2), dont la fr\u00e9quence augmente (3). Enfin, la for\u00eat \u00ab\u202fg\u00e9r\u00e9e\u202f\u00bb en coupe rase est visuellement peu attractive donc d\u00e9favorable aux activit\u00e9s de loisirs et de tourisme. Cette technique contraire \u00e0 l\u2019int\u00e9r\u00eat g\u00e9n\u00e9ral devrait \u00eatre proscrite sauf pour quelques cas particuliers.<\/p>\n<h6 style=\"padding-left: 30px;\">Les solutions permettant une performance \u00e9conomique et environnementale existent, en particulier par la pratique de la for\u00eat m\u00e9lang\u00e9e en futaie irr\u00e9guli\u00e8re. La m\u00e9canisation y est possible et cette gestion g\u00e9n\u00e8re beaucoup moins de travaux et n\u00e9cessite des interventions limit\u00e9es et qualifi\u00e9es, de l\u2019expert forestier au b\u00fbcheron. Elle conjugue pr\u00e9servation de la biodiversit\u00e9, de l\u2019emploi, des paysages et du savoir-faire des forestiers. Elle permet des productions r\u00e9guli\u00e8res de gros bois de qualit\u00e9. Elle est pratiqu\u00e9e avec succ\u00e8s par des propri\u00e9taires soucieux de rentabilit\u00e9 et d\u2019alimentation de la fili\u00e8re-bois.<\/h6>\n<h6 style=\"padding-left: 30px;\">Nous demandons ainsi de favoriser la pratique de la futaie irr\u00e9guli\u00e8re et m\u00e9lang\u00e9e \u00e0 l\u2019image d\u2019autres administrations europ\u00e9ennes (Rh\u00e9nanie, Wallonie), d\u2019encadrer la pratique des coupes rases de mani\u00e8re \u00e0 les r\u00e9duire aux cas de peuplements d\u00e9p\u00e9rissant ou d\u00e9lib\u00e9r\u00e9ment inadapt\u00e9s \u00e0 leur station (sol et climat), et d\u2019orienter les reboisements sur ces coupes vers des peuplements m\u00e9lang\u00e9s en \u00e9quilibre avec leur station. \u00c0 ce titre, les for\u00eats feuillues n\u2019ont pas \u00e0 \u00eatre ras\u00e9es. Les plans simples de gestion doivent prendre en compte l\u2019impact de ces choix dans l\u2019\u00e9valuation de la durabilit\u00e9. Les codes de bonnes pratiques sylvicoles ne permettent pas un engagement du propri\u00e9taire \u00e0 la hauteur des avantages fiscaux qu\u2019ils procurent.<\/h6>\n<p>&nbsp;<\/p>\n<p>(1) CRPF de Bourgogne octobre\u202f2012\u2009: Des travaux men\u00e9s dans le Morvan sur des peuplements de douglas trait\u00e9s en r\u00e9gulier ont montr\u00e9 que couper un peuplement avant 60 ans sur sol granitique risquait, en peu de g\u00e9n\u00e9rations, d\u2019appauvrir irr\u00e9m\u00e9diablement le sol par des exportations d\u2019\u00e9l\u00e9ments min\u00e9raux plus importantes que les restitutions.<\/p>\n<p>&nbsp;<\/p>\n<p><a href=\"http:\/\/www.foret-de-bourgogne.org\/files\/documentation\/fir\/Irregularisation_resineux_Bourgogne.pdf\" target=\"_blank\" rel=\"noopener noreferrer\">http:\/\/www.foret-de-bourgogne.org\/files\/documentation\/fir\/Irregularisation_resineux_Bourgogne.pdf<\/a><\/p>\n<p>&nbsp;<\/p>\n<p>(2) Les for\u00eats fran\u00e7aises apr\u00e8s la temp\u00eate de d\u00e9cembre\u202f1999 page\u202f19 \u00ab\u202fles r\u00e9sineux sont tous tr\u00e8s sensibles<br \/>\naux vents exceptionnels\u202f\u00bb<\/p>\n<p>&nbsp;<\/p>\n<p>(3) Une \u00e9tude de Munich R\u00e9, le num\u00e9ro\u202f1 mondial de la r\u00e9assurance annonce une multiplication par trois en 30 ans des ph\u00e9nom\u00e8nes climatiques extr\u00eames\u2009: <a href=\"http:\/\/www.munichre.com\/en\/media_relations\/press_releases\/2012\/2012_10_17_press_release.aspx\" target=\"_blank\" rel=\"noopener noreferrer\">http:\/\/www.munichre.com\/en\/media_relations\/press_releases\/2012\/2012_10_17_press_release.aspx<\/a>            <\/p>\n","protected":false},"excerpt":{"rendered":"<p>La coupe \u00e0 blanc se d\u00e9veloppe comme technique de r\u00e9colte des bois (la for\u00eat est coup\u00e9e rase, puis replant\u00e9e). Elle est dommageable \u00e0 l\u2019environnement et \u00e0 l\u2019emploi. Elle est r\u00e9put\u00e9e&#8230;<\/p>\n","protected":false},"author":1,"featured_media":0,"parent":0,"menu_order":0,"comment_status":"closed","ping_status":"closed","template":"","meta":{"footnotes":""},"class_list":["post-197","page","type-page","status-publish","hentry"],"_links":{"self":[{"href":"https:\/\/adretmorvan.org\/index.php\/wp-json\/wp\/v2\/pages\/197","targetHints":{"allow":["GET"]}}],"collection":[{"href":"https:\/\/adretmorvan.org\/index.php\/wp-json\/wp\/v2\/pages"}],"about":[{"href":"https:\/\/adretmorvan.org\/index.php\/wp-json\/wp\/v2\/types\/page"}],"author":[{"embeddable":true,"href":"https:\/\/adretmorvan.org\/index.php\/wp-json\/wp\/v2\/users\/1"}],"replies":[{"embeddable":true,"href":"https:\/\/adretmorvan.org\/index.php\/wp-json\/wp\/v2\/comments?post=197"}],"version-history":[{"count":0,"href":"https:\/\/adretmorvan.org\/index.php\/wp-json\/wp\/v2\/pages\/197\/revisions"}],"wp:attachment":[{"href":"https:\/\/adretmorvan.org\/index.php\/wp-json\/wp\/v2\/media?parent=197"}],"curies":[{"name":"wp","href":"https:\/\/api.w.org\/{rel}","templated":true}]}}