{"id":174,"date":"2015-04-24T14:03:52","date_gmt":"2015-04-24T13:03:52","guid":{"rendered":"http:\/\/adretmorvan.org\/?page_id=174"},"modified":"2025-01-26T17:51:47","modified_gmt":"2025-01-26T16:51:47","slug":"jadhere-a-lassociation","status":"publish","type":"page","link":"https:\/\/adretmorvan.org\/index.php\/jadhere-a-lassociation\/","title":{"rendered":"J&#8217;adh\u00e8re \u00e0 l&#8217;association"},"content":{"rendered":"<\/p>\n<p><a href=\"http:\/\/adretmorvan.org\/wp-content\/uploads\/2017\/06\/Bulletin_Adhesion-2018.pdf\" target=\"_blank\" rel=\"noopener noreferrer\">Adh\u00e9sion &#8220;papier&#8221; : T\u00e9l\u00e9charger et remplir le formulaire<\/a><\/p>\n<\/p>\n\n\n<iframe id=\"haWidget\" allowtransparency=\"true\" scrolling=\"auto\" src=\"https:\/\/www.helloasso.com\/associations\/adret-morvan\/adhesions\/adhesion-2025\/widget\" style=\"width: 100%; height: 750px; border: none;\"><\/iframe>\n","protected":false},"excerpt":{"rendered":"<p>Adh\u00e9sion &#8220;papier&#8221; : T\u00e9l\u00e9charger et remplir le formulaire<\/p>\n","protected":false},"author":1,"featured_media":0,"parent":0,"menu_order":0,"comment_status":"closed","ping_status":"open","template":"","meta":{"footnotes":""},"class_list":["post-174","page","type-page","status-publish","hentry"],"_links":{"self":[{"href":"https:\/\/adretmorvan.org\/index.php\/wp-json\/wp\/v2\/pages\/174","targetHints":{"allow":["GET"]}}],"collection":[{"href":"https:\/\/adretmorvan.org\/index.php\/wp-json\/wp\/v2\/pages"}],"about":[{"href":"https:\/\/adretmorvan.org\/index.php\/wp-json\/wp\/v2\/types\/page"}],"author":[{"embeddable":true,"href":"https:\/\/adretmorvan.org\/index.php\/wp-json\/wp\/v2\/users\/1"}],"replies":[{"embeddable":true,"href":"https:\/\/adretmorvan.org\/index.php\/wp-json\/wp\/v2\/comments?post=174"}],"version-history":[{"count":2,"href":"https:\/\/adretmorvan.org\/index.php\/wp-json\/wp\/v2\/pages\/174\/revisions"}],"predecessor-version":[{"id":5706,"href":"https:\/\/adretmorvan.org\/index.php\/wp-json\/wp\/v2\/pages\/174\/revisions\/5706"}],"wp:attachment":[{"href":"https:\/\/adretmorvan.org\/index.php\/wp-json\/wp\/v2\/media?parent=174"}],"curies":[{"name":"wp","href":"https:\/\/api.w.org\/{rel}","templated":true}]}}