{"id":169,"date":"2015-04-24T14:16:13","date_gmt":"2015-04-24T12:16:13","guid":{"rendered":"http:\/\/adretmorvan.org\/?page_id=169"},"modified":"2020-06-17T14:41:51","modified_gmt":"2020-06-17T12:41:51","slug":"la-foret-francaise-est-elle-sous-exploitee","status":"publish","type":"page","link":"https:\/\/adretmorvan.org\/index.php\/la-foret-francaise-est-elle-sous-exploitee\/","title":{"rendered":"La for\u00eat fran\u00e7aise est-elle sous-exploit\u00e9e ?"},"content":{"rendered":"<br \/>\n<h4><img fetchpriority=\"high\" decoding=\"async\" class=\"alignnone size-large wp-image-224\" src=\"http:\/\/adretmorvan.org\/wp-content\/uploads\/2015\/04\/025-Le-bois-de-Nargeveau-e\u0301tait-une-magnifique-he\u0302traie-suite-mais-pas-encore-bulldozers--1024x447.jpg\" alt=\"025 Le bois de Nargeveau e\u0301tait une magnifique he\u0302traie, suite, mais pas encore  bulldozers !\" width=\"940\" height=\"410\" srcset=\"https:\/\/adretmorvan.org\/wp-content\/uploads\/2015\/04\/025-Le-bois-de-Nargeveau-e\u0301tait-une-magnifique-he\u0302traie-suite-mais-pas-encore-bulldozers--1024x447.jpg 1024w, https:\/\/adretmorvan.org\/wp-content\/uploads\/2015\/04\/025-Le-bois-de-Nargeveau-e\u0301tait-une-magnifique-he\u0302traie-suite-mais-pas-encore-bulldozers--300x131.jpg 300w\" sizes=\"(max-width: 940px) 100vw, 940px\" \/><\/h4>\n<h4>La sous-exploitation de la for\u00eat fran\u00e7aise, pr\u00e9sent\u00e9e comme une analyse valable pour l\u2019ensemble du territoire et comme le principal probl\u00e8me de la fili\u00e8re, nous semble ne pas \u00eatre une analyse objective ni prospective \u00e0 l\u2019\u00e9chelle du temps n\u00e9cessaire \u00e0 la gestion foresti\u00e8re durable. De plus on peut d\u00e9j\u00e0 constater dans les massifs les plus exploit\u00e9s de graves probl\u00e8mes d\u2019acc\u00e8s \u00e0 la ressource pour les petites unit\u00e9s de sciage alors qu\u2019elles sont viables et qu\u2019elles sont les plus cr\u00e9atrices d\u2019emplois au m<sup>3<\/sup> de bois sci\u00e9.<\/h4>\n<h2>La for\u00eat fran\u00e7aise est-elle sous-exploit\u00e9e ?<\/h2>\n<ul>\n<li>Le postulat d\u2019une sous-exploitation g\u00e9n\u00e9ralis\u00e9e de la for\u00eat Fran\u00e7aise qui semble avoir pr\u00e9sid\u00e9 \u00e0 l\u2019\u00e9criture de nombreux articles de la loi est en fait beaucoup plus complexe vu des territoires. Si la surface foresti\u00e8re globale a augment\u00e9 depuis 30 ans, la qualit\u00e9 \u00e9cologique des for\u00eats et la qualit\u00e9 du bois exploit\u00e9 se d\u00e9gradent. Plus grave, l\u2019interpr\u00e9tation erron\u00e9e faite en 2009, des donn\u00e9es relev\u00e9es par l\u2019Inventaire forestier national conduit \u00e0 une pr\u00e9conisation irr\u00e9aliste en mati\u00e8re d\u2019augmentation de la mobilisation pr\u00e9vue (40\u202f% d\u2019ici 2020). En effet sur le terrain on constate un contraste tr\u00e8s fort entre\u2009:<\/li>\n<\/ul>\n<p style=\"padding-left: 30px;\">&#8211; des zones tr\u00e8s peu exploit\u00e9es car les for\u00eats sont inaccessibles et l\u2019exploitation des bois peu rentable\u2009;<\/p>\n<p style=\"padding-left: 30px;\">&#8211; des zones rentables ou tr\u00e8s rentables qui sont de plus en plus surexploit\u00e9es\u2009: le rajeunissement de l\u2019\u00e2ge d\u2019exploitation des peuplements et la baisse du diam\u00e8tre d\u2019exploitabilit\u00e9 le montrent clairement<sup> (1)<\/sup>.<\/p>\n<p>L\u2019exploitation pr\u00e9matur\u00e9e de la ressource dans les massifs les plus rentables ne permet plus d\u2019assurer le maintien du capital forestier. Cette situation cr\u00e9e une dette sur la ressource future qui sera assez rapidement tr\u00e8s dommageable \u00e9conomiquement et \u00e9cologiquement. La nouvelle loi n\u2019apporte pas d\u2019am\u00e9lioration sur ce point alors que la l\u00e9gislation actuelle ne suffit plus.<\/p>\n<p>La surexploitation de certains massifs avec l\u2019installation de grosses unit\u00e9s de sciages ou d\u2019unit\u00e9s moindres mais qui n\u2019ont pas de ressource de proximit\u00e9 engendre une concurrence ravageuse. On constate d\u2019ores et d\u00e9j\u00e0 des probl\u00e8mes d\u2019acc\u00e8s \u00e0 la ressource r\u00e9sineuse des petites unit\u00e9s de sciage. Elles sont rentables, ont des d\u00e9bouch\u00e9s, un potentiel d\u2019avenir, sont souvent cr\u00e9atrices d\u2019emplois, (le nombre d\u2019emplois par m<sup>3<\/sup> sci\u00e9 est 5 fois sup\u00e9rieur aux grosses unit\u00e9s), mais elles devront cesser leur activit\u00e9 pour un probl\u00e8me d\u2019acc\u00e8s \u00e0 la ressource monopolis\u00e9e par les gros acheteurs.<\/p>\n<blockquote><p>Un gouvernement responsable devrait prendre des mesures pour limiter la pression sur les for\u00eats et pour garantir l\u2019acc\u00e8s \u00e0 la ressource des petites unit\u00e9s pour permettre de maintenir ces activit\u00e9s durables, cr\u00e9atrices d\u2019emploi et structurantes pour le territoire<\/p><\/blockquote>\n<p>\u00c0 titre d\u2019exemple entre 2 \u00e9tudes, en\u202f2007 et\u202f2011, sur la ressource r\u00e9sineuse en Bourgogne, l\u2019\u00e2ge majoritaire constat\u00e9 d\u2019exploitation des r\u00e9sineux est pass\u00e9<br \/>\nde 50-60 ans \u00e0 30-40 ans contraignant<br \/>\n\u00e0 ramener la pr\u00e9vision du pic de production Bourguignon de 2030 \u00e0 2020.<\/p>\n<p>&nbsp;            <\/p>\n","protected":false},"excerpt":{"rendered":"<p>La sous-exploitation de la for\u00eat fran\u00e7aise, pr\u00e9sent\u00e9e comme une analyse valable pour l\u2019ensemble du territoire et comme le principal probl\u00e8me de la fili\u00e8re, nous semble ne pas \u00eatre une analyse&#8230;<\/p>\n","protected":false},"author":1,"featured_media":0,"parent":0,"menu_order":0,"comment_status":"closed","ping_status":"closed","template":"","meta":{"footnotes":""},"class_list":["post-169","page","type-page","status-publish","hentry"],"_links":{"self":[{"href":"https:\/\/adretmorvan.org\/index.php\/wp-json\/wp\/v2\/pages\/169","targetHints":{"allow":["GET"]}}],"collection":[{"href":"https:\/\/adretmorvan.org\/index.php\/wp-json\/wp\/v2\/pages"}],"about":[{"href":"https:\/\/adretmorvan.org\/index.php\/wp-json\/wp\/v2\/types\/page"}],"author":[{"embeddable":true,"href":"https:\/\/adretmorvan.org\/index.php\/wp-json\/wp\/v2\/users\/1"}],"replies":[{"embeddable":true,"href":"https:\/\/adretmorvan.org\/index.php\/wp-json\/wp\/v2\/comments?post=169"}],"version-history":[{"count":0,"href":"https:\/\/adretmorvan.org\/index.php\/wp-json\/wp\/v2\/pages\/169\/revisions"}],"wp:attachment":[{"href":"https:\/\/adretmorvan.org\/index.php\/wp-json\/wp\/v2\/media?parent=169"}],"curies":[{"name":"wp","href":"https:\/\/api.w.org\/{rel}","templated":true}]}}