{"id":1484,"date":"2017-10-04T09:59:17","date_gmt":"2017-10-04T08:59:17","guid":{"rendered":"http:\/\/adretmorvan.org\/?page_id=1484"},"modified":"2020-06-15T18:25:25","modified_gmt":"2020-06-15T16:25:25","slug":"progamme-du-carrouege-dernier-trimestre","status":"publish","type":"page","link":"https:\/\/adretmorvan.org\/index.php\/progamme-du-carrouege-dernier-trimestre\/","title":{"rendered":"Progamme du Carrou\u00e8ge \/ dernier trimestre 2017"},"content":{"rendered":"\n<p style=\"text-align: center;\">Fichier pdf \u00e0 t\u00e9l\u00e9charger en cliquant sur l&#8217;image :<\/p>\n<p><a href=\"http:\/\/adretmorvan.org\/wp-content\/uploads\/2017\/03\/programme-4-2017-v3.pdf\" target=\"_blank\" rel=\"noopener noreferrer\"><img fetchpriority=\"high\" decoding=\"async\" class=\"aligncenter size-full wp-image-1489\" src=\"http:\/\/adretmorvan.org\/wp-content\/uploads\/2017\/10\/prog3.jpg\" alt=\"\" width=\"450\" height=\"298\" srcset=\"https:\/\/adretmorvan.org\/wp-content\/uploads\/2017\/10\/prog3.jpg 450w, https:\/\/adretmorvan.org\/wp-content\/uploads\/2017\/10\/prog3-300x199.jpg 300w, https:\/\/adretmorvan.org\/wp-content\/uploads\/2017\/10\/prog3-100x65.jpg 100w, https:\/\/adretmorvan.org\/wp-content\/uploads\/2017\/10\/prog3-50x33.jpg 50w\" sizes=\"(max-width: 450px) 100vw, 450px\" \/><\/a>           <\/p>\n","protected":false},"excerpt":{"rendered":"<p>Fichier pdf \u00e0 t\u00e9l\u00e9charger en cliquant sur l&#8217;image :<\/p>\n","protected":false},"author":1,"featured_media":0,"parent":0,"menu_order":0,"comment_status":"closed","ping_status":"closed","template":"","meta":{"footnotes":""},"class_list":["post-1484","page","type-page","status-publish","hentry"],"_links":{"self":[{"href":"https:\/\/adretmorvan.org\/index.php\/wp-json\/wp\/v2\/pages\/1484","targetHints":{"allow":["GET"]}}],"collection":[{"href":"https:\/\/adretmorvan.org\/index.php\/wp-json\/wp\/v2\/pages"}],"about":[{"href":"https:\/\/adretmorvan.org\/index.php\/wp-json\/wp\/v2\/types\/page"}],"author":[{"embeddable":true,"href":"https:\/\/adretmorvan.org\/index.php\/wp-json\/wp\/v2\/users\/1"}],"replies":[{"embeddable":true,"href":"https:\/\/adretmorvan.org\/index.php\/wp-json\/wp\/v2\/comments?post=1484"}],"version-history":[{"count":0,"href":"https:\/\/adretmorvan.org\/index.php\/wp-json\/wp\/v2\/pages\/1484\/revisions"}],"wp:attachment":[{"href":"https:\/\/adretmorvan.org\/index.php\/wp-json\/wp\/v2\/media?parent=1484"}],"curies":[{"name":"wp","href":"https:\/\/api.w.org\/{rel}","templated":true}]}}